{"id":701,"date":"2025-03-19T15:52:50","date_gmt":"2025-03-19T15:52:50","guid":{"rendered":"https:\/\/agscape.ca\/facons-de-donner\/collecte-de-fonds-sur-facebook\/"},"modified":"2025-11-28T18:58:57","modified_gmt":"2025-11-28T18:58:57","slug":"collecte-de-fonds-sur-facebook","status":"publish","type":"page","link":"https:\/\/agscape.ca\/fr\/facons-de-donner\/collecte-de-fonds-sur-facebook\/","title":{"rendered":"Collecte de fonds sur Facebook"},"content":{"rendered":"\t\t<div data-elementor-type=\"wp-page\" data-elementor-id=\"701\" class=\"elementor elementor-701 elementor-694\" data-elementor-post-type=\"page\">\n\t\t\t\t<div class=\"elementor-element elementor-element-446f028 e-flex e-con-boxed e-con e-parent\" data-id=\"446f028\" data-element_type=\"container\" data-settings=\"{&quot;background_background&quot;:&quot;classic&quot;}\">\n\t\t\t\t\t<div class=\"e-con-inner\">\n\t\t<div class=\"elementor-element elementor-element-6e104bb e-con-full e-flex e-con e-child\" data-id=\"6e104bb\" data-element_type=\"container\">\n\t\t\t\t<div class=\"elementor-element elementor-element-be7e51f elementor-widget elementor-widget-heading\" data-id=\"be7e51f\" data-element_type=\"widget\" data-widget_type=\"heading.default\">\n\t\t\t\t<div class=\"elementor-widget-container\">\n\t\t\t\t\t<h1 class=\"elementor-heading-title elementor-size-default\">Collecte de fonds sur Facebook<\/h1>\t\t\t\t<\/div>\n\t\t\t\t<\/div>\n\t\t\t\t<div class=\"elementor-element elementor-element-34f8674 elementor-widget-divider--view-line elementor-widget elementor-widget-divider\" data-id=\"34f8674\" data-element_type=\"widget\" data-widget_type=\"divider.default\">\n\t\t\t\t<div class=\"elementor-widget-container\">\n\t\t\t\t\t\t\t<div class=\"elementor-divider\">\n\t\t\t<span class=\"elementor-divider-separator\">\n\t\t\t\t\t\t<\/span>\n\t\t<\/div>\n\t\t\t\t\t\t<\/div>\n\t\t\t\t<\/div>\n\t\t\t\t<div class=\"elementor-element elementor-element-796812d elementor-widget elementor-widget-heading\" data-id=\"796812d\" data-element_type=\"widget\" data-widget_type=\"heading.default\">\n\t\t\t\t<div class=\"elementor-widget-container\">\n\t\t\t\t\t<h2 class=\"elementor-heading-title elementor-size-default\">Organisez une collecte de fonds sur Facebook pour AgScape<\/h2>\t\t\t\t<\/div>\n\t\t\t\t<\/div>\n\t\t\t\t<div class=\"elementor-element elementor-element-e4ca749 elementor-widget elementor-widget-text-editor\" data-id=\"e4ca749\" data-element_type=\"widget\" data-widget_type=\"text-editor.default\">\n\t\t\t\t<div class=\"elementor-widget-container\">\n\t\t\t\t\t\t\t\t\t<p>Vous cherchez un moyen amusant et efficace de nous soutenir ? Envisagez d&rsquo;organiser une collecte de fonds sur Facebook pour c\u00e9l\u00e9brer une \u00e9tape importante, un anniversaire ou toute autre occasion sp\u00e9ciale. Au lieu de faire des cadeaux, les amis, la famille et les coll\u00e8gues peuvent faire un don pour soutenir AgScape.<\/p>\t\t\t\t\t\t\t\t<\/div>\n\t\t\t\t<\/div>\n\t\t\t\t<div class=\"elementor-element elementor-element-56ef360 elementor-widget elementor-widget-button\" data-id=\"56ef360\" data-element_type=\"widget\" data-widget_type=\"button.default\">\n\t\t\t\t<div class=\"elementor-widget-container\">\n\t\t\t\t\t\t\t\t\t<div class=\"elementor-button-wrapper\">\n\t\t\t\t\t<a class=\"elementor-button elementor-button-link elementor-size-sm\" href=\"http:\/\/www.facebook.com\/fund\/AgScapeON\/\">\n\t\t\t\t\t\t<span class=\"elementor-button-content-wrapper\">\n\t\t\t\t\t\t\t\t\t<span class=\"elementor-button-text\">Organisez une collecte de fonds<\/span>\n\t\t\t\t\t<\/span>\n\t\t\t\t\t<\/a>\n\t\t\t\t<\/div>\n\t\t\t\t\t\t\t\t<\/div>\n\t\t\t\t<\/div>\n\t\t\t\t<\/div>\n\t\t<div class=\"elementor-element elementor-element-e3e0019 e-con-full elementor-hidden-tablet e-flex e-con e-child\" data-id=\"e3e0019\" data-element_type=\"container\">\n\t\t\t\t<div class=\"elementor-element elementor-element-95e96d4 elementor-widget elementor-widget-image\" data-id=\"95e96d4\" data-element_type=\"widget\" data-widget_type=\"image.default\">\n\t\t\t\t<div class=\"elementor-widget-container\">\n\t\t\t\t\t\t\t\t\t\t\t\t\t\t\t<img fetchpriority=\"high\" decoding=\"async\" width=\"800\" height=\"800\" src=\"https:\/\/agscape.ca\/wp-content\/uploads\/2025\/03\/volunteer-agscape-1024x1024.webp\" class=\"attachment-large size-large wp-image-691\" alt=\"\" srcset=\"https:\/\/agscape.ca\/wp-content\/uploads\/2025\/03\/volunteer-agscape-1024x1024.webp 1024w, https:\/\/agscape.ca\/wp-content\/uploads\/2025\/03\/volunteer-agscape-300x300.webp 300w, https:\/\/agscape.ca\/wp-content\/uploads\/2025\/03\/volunteer-agscape-150x150.webp 150w, https:\/\/agscape.ca\/wp-content\/uploads\/2025\/03\/volunteer-agscape-768x768.webp 768w, https:\/\/agscape.ca\/wp-content\/uploads\/2025\/03\/volunteer-agscape.webp 1080w\" sizes=\"(max-width: 800px) 100vw, 800px\" \/>\t\t\t\t\t\t\t\t\t\t\t\t\t\t\t<\/div>\n\t\t\t\t<\/div>\n\t\t\t\t<\/div>\n\t\t\t\t\t<\/div>\n\t\t\t\t<\/div>\n\t\t<div class=\"elementor-element elementor-element-afef640 e-flex e-con-boxed e-con e-parent\" data-id=\"afef640\" data-element_type=\"container\" data-settings=\"{&quot;background_background&quot;:&quot;classic&quot;}\">\n\t\t\t\t\t<div class=\"e-con-inner\">\n\t\t<div class=\"elementor-element elementor-element-61898cb e-con-full e-flex e-con e-child\" data-id=\"61898cb\" data-element_type=\"container\">\n\t\t\t\t<div class=\"elementor-element elementor-element-33db526 elementor-widget elementor-widget-heading\" data-id=\"33db526\" data-element_type=\"widget\" data-widget_type=\"heading.default\">\n\t\t\t\t<div class=\"elementor-widget-container\">\n\t\t\t\t\t<h3 class=\"elementor-heading-title elementor-size-default\">Comment cr\u00e9er une collecte de fonds sur Facebook :<\/h3>\t\t\t\t<\/div>\n\t\t\t\t<\/div>\n\t\t\t\t<div class=\"elementor-element elementor-element-31ab248 elementor-widget-divider--view-line elementor-widget elementor-widget-divider\" data-id=\"31ab248\" data-element_type=\"widget\" data-widget_type=\"divider.default\">\n\t\t\t\t<div class=\"elementor-widget-container\">\n\t\t\t\t\t\t\t<div class=\"elementor-divider\">\n\t\t\t<span class=\"elementor-divider-separator\">\n\t\t\t\t\t\t<\/span>\n\t\t<\/div>\n\t\t\t\t\t\t<\/div>\n\t\t\t\t<\/div>\n\t\t\t\t<div class=\"elementor-element elementor-element-016fc49 elementor-widget elementor-widget-text-editor\" data-id=\"016fc49\" data-element_type=\"widget\" data-widget_type=\"text-editor.default\">\n\t\t\t\t<div class=\"elementor-widget-container\">\n\t\t\t\t\t\t\t\t\t<ol><li>Sur votre ordinateur, connectez-vous \u00e0 votre <a href=\"https:\/\/www.facebook.com\/fund\/AgScapeON\/\" target=\"_blank\" rel=\"noopener\">compte Facebook<\/a>.<\/li><li>Sur la gauche, cliquez sur <strong>Collectes de fonds.<\/strong><\/li><li>S\u00e9lectionnez <strong>+ Cr\u00e9er une collecte de fonds<\/strong>.<br><em>Remarque : si votre anniversaire approche, vous pouvez cr\u00e9er une collecte de fonds d&rsquo;anniversaire.<\/em><\/li><li>S\u00e9lectionnez <strong>Nonprofit<\/strong>.<\/li><li>Tapez dans la barre de recherche \u00ab\u00a0<strong>\u00c9ducation agroalimentaire de l&rsquo;Ontario<\/strong>\u00ab\u00a0.<\/li><li>S\u00e9lectionnez \u00ab\u00a0<strong>\u00c9ducation agroalimentaire de l&rsquo;Ontario<\/strong>\u00ab\u00a0.<br><em>Remarque : Facebook g\u00e9n\u00e8re une photo de couverture, un titre de collecte de fonds et une description par d\u00e9faut, qui peuvent tous \u00eatre modifi\u00e9s.<\/em><\/li><li>Saisissez le montant de l&rsquo;objectif que vous souhaitez atteindre.<\/li><li>R\u00e9glez la devise sur \u00ab\u00a0<strong>Dollar canadien (CAD)<\/strong>\u00ab\u00a0.<\/li><li>S\u00e9lectionnez une date de fin pour la collecte de fonds.<\/li><li>Cliquez sur <strong>Cr\u00e9er<\/strong>.<\/li><\/ol>\t\t\t\t\t\t\t\t<\/div>\n\t\t\t\t<\/div>\n\t\t<div class=\"elementor-element elementor-element-4f3f9dc e-con-full e-flex e-con e-child\" data-id=\"4f3f9dc\" data-element_type=\"container\">\n\t\t\t\t<div class=\"elementor-element elementor-element-7b08559 elementor-widget elementor-widget-text-editor\" data-id=\"7b08559\" data-element_type=\"widget\" data-widget_type=\"text-editor.default\">\n\t\t\t\t<div class=\"elementor-widget-container\">\n\t\t\t\t\t\t\t\t\t<p>Vous verrez appara\u00eetre un \u00e9cran o\u00f9 vous pourrez inviter vos amis \u00e0 faire un don \u00e0 votre collecte de fonds, partager votre collecte de fonds dans votre fil d&rsquo;actualit\u00e9 et votre histoire, ou faire vous-m\u00eame un don \u00e0 la collecte de fonds.<\/p>\t\t\t\t\t\t\t\t<\/div>\n\t\t\t\t<\/div>\n\t\t\t\t<div class=\"elementor-element elementor-element-9fddb86 elementor-widget elementor-widget-button\" data-id=\"9fddb86\" data-element_type=\"widget\" data-widget_type=\"button.default\">\n\t\t\t\t<div class=\"elementor-widget-container\">\n\t\t\t\t\t\t\t\t\t<div class=\"elementor-button-wrapper\">\n\t\t\t\t\t<a class=\"elementor-button elementor-button-link elementor-size-sm\" href=\"http:\/\/www.facebook.com\/fund\/AgScapeON\/\">\n\t\t\t\t\t\t<span class=\"elementor-button-content-wrapper\">\n\t\t\t\t\t\t\t\t\t<span class=\"elementor-button-text\">Organisez une collecte de fonds<\/span>\n\t\t\t\t\t<\/span>\n\t\t\t\t\t<\/a>\n\t\t\t\t<\/div>\n\t\t\t\t\t\t\t\t<\/div>\n\t\t\t\t<\/div>\n\t\t\t\t<\/div>\n\t\t\t\t<\/div>\n\t\t\t\t\t<\/div>\n\t\t\t\t<\/div>\n\t\t\t\t<\/div>\n\t\t","protected":false},"excerpt":{"rendered":"<p>Collecte de fonds sur Facebook Organisez une collecte de fonds sur Facebook pour AgScape Vous cherchez un moyen amusant et efficace de nous soutenir ? Envisagez d&rsquo;organiser une collecte de fonds sur Facebook pour c\u00e9l\u00e9brer une \u00e9tape importante, un anniversaire ou toute autre occasion sp\u00e9ciale. Au lieu de faire des cadeaux, les amis, la famille [&hellip;]<\/p>\n","protected":false},"author":1,"featured_media":0,"parent":637,"menu_order":1,"comment_status":"closed","ping_status":"closed","template":"","meta":{"_acf_changed":false,"_piecal_is_event":false,"_piecal_start_date":"","_piecal_end_date":"","_piecal_is_allday":false,"_monsterinsights_skip_tracking":false,"_monsterinsights_sitenote_active":false,"_monsterinsights_sitenote_note":"","_monsterinsights_sitenote_category":0,"footnotes":""},"class_list":["post-701","page","type-page","status-publish","hentry"],"acf":[],"_links":{"self":[{"href":"https:\/\/agscape.ca\/fr\/wp-json\/wp\/v2\/pages\/701","targetHints":{"allow":["GET"]}}],"collection":[{"href":"https:\/\/agscape.ca\/fr\/wp-json\/wp\/v2\/pages"}],"about":[{"href":"https:\/\/agscape.ca\/fr\/wp-json\/wp\/v2\/types\/page"}],"author":[{"embeddable":true,"href":"https:\/\/agscape.ca\/fr\/wp-json\/wp\/v2\/users\/1"}],"replies":[{"embeddable":true,"href":"https:\/\/agscape.ca\/fr\/wp-json\/wp\/v2\/comments?post=701"}],"version-history":[{"count":0,"href":"https:\/\/agscape.ca\/fr\/wp-json\/wp\/v2\/pages\/701\/revisions"}],"up":[{"embeddable":true,"href":"https:\/\/agscape.ca\/fr\/wp-json\/wp\/v2\/pages\/637"}],"wp:attachment":[{"href":"https:\/\/agscape.ca\/fr\/wp-json\/wp\/v2\/media?parent=701"}],"curies":[{"name":"wp","href":"https:\/\/api.w.org\/{rel}","templated":true}]}}