{"id":700,"date":"2025-03-19T15:45:29","date_gmt":"2025-03-19T15:45:29","guid":{"rendered":"https:\/\/agscape.ca\/facons-de-donner\/don-symbolique\/"},"modified":"2025-11-28T18:59:09","modified_gmt":"2025-11-28T18:59:09","slug":"don-symbolique","status":"publish","type":"page","link":"https:\/\/agscape.ca\/fr\/facons-de-donner\/don-symbolique\/","title":{"rendered":"Don symbolique"},"content":{"rendered":"\t\t<div data-elementor-type=\"wp-page\" data-elementor-id=\"700\" class=\"elementor elementor-700 elementor-693\" data-elementor-post-type=\"page\">\n\t\t\t\t<div class=\"elementor-element elementor-element-f31b743 e-flex e-con-boxed e-con e-parent\" data-id=\"f31b743\" data-element_type=\"container\" data-settings=\"{&quot;background_background&quot;:&quot;classic&quot;}\">\n\t\t\t\t\t<div class=\"e-con-inner\">\n\t\t<div class=\"elementor-element elementor-element-fabe79f e-con-full e-flex e-con e-child\" data-id=\"fabe79f\" data-element_type=\"container\">\n\t\t\t\t<div class=\"elementor-element elementor-element-249f958 elementor-widget elementor-widget-heading\" data-id=\"249f958\" data-element_type=\"widget\" data-widget_type=\"heading.default\">\n\t\t\t\t<div class=\"elementor-widget-container\">\n\t\t\t\t\t<h1 class=\"elementor-heading-title elementor-size-default\">Don symbolique<\/h1>\t\t\t\t<\/div>\n\t\t\t\t<\/div>\n\t\t\t\t<div class=\"elementor-element elementor-element-e3a85ed elementor-widget-divider--view-line elementor-widget elementor-widget-divider\" data-id=\"e3a85ed\" data-element_type=\"widget\" data-widget_type=\"divider.default\">\n\t\t\t\t<div class=\"elementor-widget-container\">\n\t\t\t\t\t\t\t<div class=\"elementor-divider\">\n\t\t\t<span class=\"elementor-divider-separator\">\n\t\t\t\t\t\t<\/span>\n\t\t<\/div>\n\t\t\t\t\t\t<\/div>\n\t\t\t\t<\/div>\n\t\t\t\t<div class=\"elementor-element elementor-element-ccb3852 elementor-widget elementor-widget-heading\" data-id=\"ccb3852\" data-element_type=\"widget\" data-widget_type=\"heading.default\">\n\t\t\t\t<div class=\"elementor-widget-container\">\n\t\t\t\t\t<h2 class=\"elementor-heading-title elementor-size-default\">Offrez un cadeau qui nourrit l'avenir<\/h2>\t\t\t\t<\/div>\n\t\t\t\t<\/div>\n\t\t\t\t<div class=\"elementor-element elementor-element-38728a1 elementor-widget elementor-widget-text-editor\" data-id=\"38728a1\" data-element_type=\"widget\" data-widget_type=\"text-editor.default\">\n\t\t\t\t<div class=\"elementor-widget-container\">\n\t\t\t\t\t\t\t\t\t<p>En offrant l&rsquo;un de nos cadeaux symboliques, vous montrez \u00e0 quelqu&rsquo;un que vous vous souciez de lui, tout en veillant \u00e0 ce que chaque \u00e9l\u00e8ve et enseignant de l&rsquo;Ontario ait acc\u00e8s \u00e0 nos programmes et \u00e0 nos ressources pour lui permettre de comprendre le r\u00f4le qu&rsquo;il joue dans notre syst\u00e8me agricole et alimentaire.<\/p>\t\t\t\t\t\t\t\t<\/div>\n\t\t\t\t<\/div>\n\t\t\t\t<\/div>\n\t\t<div class=\"elementor-element elementor-element-fdd74b1 e-con-full elementor-hidden-tablet e-flex e-con e-child\" data-id=\"fdd74b1\" data-element_type=\"container\">\n\t\t\t\t<div class=\"elementor-element elementor-element-0a2ec6c elementor-widget elementor-widget-image\" data-id=\"0a2ec6c\" data-element_type=\"widget\" data-widget_type=\"image.default\">\n\t\t\t\t<div class=\"elementor-widget-container\">\n\t\t\t\t\t\t\t\t\t\t\t\t\t\t\t<img fetchpriority=\"high\" decoding=\"async\" width=\"800\" height=\"800\" src=\"https:\/\/agscape.ca\/wp-content\/uploads\/2025\/03\/volunteer-agscape-1024x1024.webp\" class=\"attachment-large size-large wp-image-691\" alt=\"\" srcset=\"https:\/\/agscape.ca\/wp-content\/uploads\/2025\/03\/volunteer-agscape-1024x1024.webp 1024w, https:\/\/agscape.ca\/wp-content\/uploads\/2025\/03\/volunteer-agscape-300x300.webp 300w, https:\/\/agscape.ca\/wp-content\/uploads\/2025\/03\/volunteer-agscape-150x150.webp 150w, https:\/\/agscape.ca\/wp-content\/uploads\/2025\/03\/volunteer-agscape-768x768.webp 768w, https:\/\/agscape.ca\/wp-content\/uploads\/2025\/03\/volunteer-agscape.webp 1080w\" sizes=\"(max-width: 800px) 100vw, 800px\" \/>\t\t\t\t\t\t\t\t\t\t\t\t\t\t\t<\/div>\n\t\t\t\t<\/div>\n\t\t\t\t<\/div>\n\t\t\t\t\t<\/div>\n\t\t\t\t<\/div>\n\t\t<div class=\"elementor-element elementor-element-c088be4 e-flex e-con-boxed e-con e-parent\" data-id=\"c088be4\" data-element_type=\"container\">\n\t\t\t\t\t<div class=\"e-con-inner\">\n\t\t<div class=\"elementor-element elementor-element-8f438d2 e-con-full e-flex e-con e-child\" data-id=\"8f438d2\" data-element_type=\"container\">\n\t\t\t\t<div class=\"elementor-element elementor-element-c1b2d24 elementor-widget elementor-widget-text-editor\" data-id=\"c1b2d24\" data-element_type=\"widget\" data-widget_type=\"text-editor.default\">\n\t\t\t\t<div class=\"elementor-widget-container\">\n\t\t\t\t\t\t\t\t\t<p>Choisissez simplement le cadeau que vous souhaitez acheter et nous leur enverrons directement une carte \u00e9lectronique en votre nom. Si vous pr\u00e9f\u00e9rez recevoir la carte \u00e9lectronique pour la transmettre, veuillez indiquer votre adresse \u00e9lectronique dans la rubrique <em>Courriel du destinataire<\/em>.<\/p>\t\t\t\t\t\t\t\t<\/div>\n\t\t\t\t<\/div>\n\t\t\t\t<div class=\"elementor-element elementor-element-edee633 elementor-widget elementor-widget-text-editor\" data-id=\"edee633\" data-element_type=\"widget\" data-widget_type=\"text-editor.default\">\n\t\t\t\t<div class=\"elementor-widget-container\">\n\t\t\t\t\t\t\t\t\t<p>Veuillez noter que chaque don n&rsquo;est pas affect\u00e9. Nous utiliserons votre don l\u00e0 o\u00f9 il est le plus utile au moment o\u00f9 il est re\u00e7u ou pour r\u00e9pondre \u00e0 nos besoins les plus urgents.<\/p>\t\t\t\t\t\t\t\t<\/div>\n\t\t\t\t<\/div>\n\t\t\t\t<\/div>\n\t\t<div class=\"elementor-element elementor-element-095b7fe e-con-full e-flex e-con e-child\" data-id=\"095b7fe\" data-element_type=\"container\" data-settings=\"{&quot;background_background&quot;:&quot;classic&quot;}\">\n\t\t\t\t<div class=\"elementor-element elementor-element-8208033 elementor-widget elementor-widget-html\" data-id=\"8208033\" data-element_type=\"widget\" data-widget_type=\"html.default\">\n\t\t\t\t<div class=\"elementor-widget-container\">\n\t\t\t\t\t<script type=\"text\/javascript\" src=\"https:\/\/form.jotform.com\/jsform\/223344879142056\"><\/script>\t\t\t\t<\/div>\n\t\t\t\t<\/div>\n\t\t\t\t<\/div>\n\t\t\t\t\t<\/div>\n\t\t\t\t<\/div>\n\t\t\t\t<\/div>\n\t\t","protected":false},"excerpt":{"rendered":"<p>Don symbolique Offrez un cadeau qui nourrit l&rsquo;avenir En offrant l&rsquo;un de nos cadeaux symboliques, vous montrez \u00e0 quelqu&rsquo;un que vous vous souciez de lui, tout en veillant \u00e0 ce que chaque \u00e9l\u00e8ve et enseignant de l&rsquo;Ontario ait acc\u00e8s \u00e0 nos programmes et \u00e0 nos ressources pour lui permettre de comprendre le r\u00f4le qu&rsquo;il joue [&hellip;]<\/p>\n","protected":false},"author":1,"featured_media":0,"parent":637,"menu_order":2,"comment_status":"closed","ping_status":"closed","template":"","meta":{"_acf_changed":false,"_piecal_is_event":false,"_piecal_start_date":"","_piecal_end_date":"","_piecal_is_allday":false,"_monsterinsights_skip_tracking":false,"_monsterinsights_sitenote_active":false,"_monsterinsights_sitenote_note":"","_monsterinsights_sitenote_category":0,"footnotes":""},"class_list":["post-700","page","type-page","status-publish","hentry"],"acf":[],"_links":{"self":[{"href":"https:\/\/agscape.ca\/fr\/wp-json\/wp\/v2\/pages\/700","targetHints":{"allow":["GET"]}}],"collection":[{"href":"https:\/\/agscape.ca\/fr\/wp-json\/wp\/v2\/pages"}],"about":[{"href":"https:\/\/agscape.ca\/fr\/wp-json\/wp\/v2\/types\/page"}],"author":[{"embeddable":true,"href":"https:\/\/agscape.ca\/fr\/wp-json\/wp\/v2\/users\/1"}],"replies":[{"embeddable":true,"href":"https:\/\/agscape.ca\/fr\/wp-json\/wp\/v2\/comments?post=700"}],"version-history":[{"count":0,"href":"https:\/\/agscape.ca\/fr\/wp-json\/wp\/v2\/pages\/700\/revisions"}],"up":[{"embeddable":true,"href":"https:\/\/agscape.ca\/fr\/wp-json\/wp\/v2\/pages\/637"}],"wp:attachment":[{"href":"https:\/\/agscape.ca\/fr\/wp-json\/wp\/v2\/media?parent=700"}],"curies":[{"name":"wp","href":"https:\/\/api.w.org\/{rel}","templated":true}]}}