{"id":639,"date":"2025-03-17T20:37:00","date_gmt":"2025-03-17T20:37:00","guid":{"rendered":"https:\/\/agscape.ca\/benevole\/"},"modified":"2025-03-28T19:21:18","modified_gmt":"2025-03-28T19:21:18","slug":"benevole","status":"publish","type":"page","link":"https:\/\/agscape.ca\/fr\/benevole\/","title":{"rendered":"B\u00e9n\u00e9vole"},"content":{"rendered":"\t\t<div data-elementor-type=\"wp-page\" data-elementor-id=\"639\" class=\"elementor elementor-639 elementor-577\" data-elementor-post-type=\"page\">\n\t\t\t\t<div class=\"elementor-element elementor-element-3b8f73ec e-flex e-con-boxed e-con e-parent\" data-id=\"3b8f73ec\" data-element_type=\"container\" data-settings=\"{&quot;background_background&quot;:&quot;classic&quot;}\">\n\t\t\t\t\t<div class=\"e-con-inner\">\n\t\t<div class=\"elementor-element elementor-element-36cbb94c e-con-full e-flex e-con e-child\" data-id=\"36cbb94c\" data-element_type=\"container\">\n\t\t\t\t<div class=\"elementor-element elementor-element-3ccf6281 elementor-widget elementor-widget-heading\" data-id=\"3ccf6281\" data-element_type=\"widget\" data-widget_type=\"heading.default\">\n\t\t\t\t<div class=\"elementor-widget-container\">\n\t\t\t\t\t<h1 class=\"elementor-heading-title elementor-size-default\">B\u00e9n\u00e9vole<\/h1>\t\t\t\t<\/div>\n\t\t\t\t<\/div>\n\t\t\t\t<div class=\"elementor-element elementor-element-55baed9c elementor-widget-divider--view-line elementor-widget elementor-widget-divider\" data-id=\"55baed9c\" data-element_type=\"widget\" data-widget_type=\"divider.default\">\n\t\t\t\t<div class=\"elementor-widget-container\">\n\t\t\t\t\t\t\t<div class=\"elementor-divider\">\n\t\t\t<span class=\"elementor-divider-separator\">\n\t\t\t\t\t\t<\/span>\n\t\t<\/div>\n\t\t\t\t\t\t<\/div>\n\t\t\t\t<\/div>\n\t\t\t\t<div class=\"elementor-element elementor-element-692eb87 elementor-widget elementor-widget-heading\" data-id=\"692eb87\" data-element_type=\"widget\" data-widget_type=\"heading.default\">\n\t\t\t\t<div class=\"elementor-widget-container\">\n\t\t\t\t\t<h2 class=\"elementor-heading-title elementor-size-default\">Devenez b\u00e9n\u00e9vole pour AgScape<\/h2>\t\t\t\t<\/div>\n\t\t\t\t<\/div>\n\t\t\t\t<div class=\"elementor-element elementor-element-3945fbf9 elementor-widget elementor-widget-text-editor\" data-id=\"3945fbf9\" data-element_type=\"widget\" data-widget_type=\"text-editor.default\">\n\t\t\t\t<div class=\"elementor-widget-container\">\n\t\t\t\t\t\t\t\t\t<p>D\u00e9couvrez les possibilit\u00e9s uniques qui s&rsquo;offrent \u00e0 vous ou \u00e0 votre entreprise de participer \u00e0 l&rsquo;\u00e9ducation \u00e0 l&rsquo;agriculture et \u00e0 l&rsquo;alimentation.<\/p>\t\t\t\t\t\t\t\t<\/div>\n\t\t\t\t<\/div>\n\t\t\t\t<\/div>\n\t\t<div class=\"elementor-element elementor-element-5868de44 e-con-full elementor-hidden-tablet e-flex e-con e-child\" data-id=\"5868de44\" data-element_type=\"container\">\n\t\t\t\t<div class=\"elementor-element elementor-element-198f08df elementor-widget elementor-widget-image\" data-id=\"198f08df\" data-element_type=\"widget\" data-widget_type=\"image.default\">\n\t\t\t\t<div class=\"elementor-widget-container\">\n\t\t\t\t\t\t\t\t\t\t\t\t\t\t\t<img fetchpriority=\"high\" decoding=\"async\" width=\"800\" height=\"800\" src=\"https:\/\/agscape.ca\/wp-content\/uploads\/2025\/03\/volunteer-agscape-1024x1024.webp\" class=\"attachment-large size-large wp-image-691\" alt=\"\" srcset=\"https:\/\/agscape.ca\/wp-content\/uploads\/2025\/03\/volunteer-agscape-1024x1024.webp 1024w, https:\/\/agscape.ca\/wp-content\/uploads\/2025\/03\/volunteer-agscape-300x300.webp 300w, https:\/\/agscape.ca\/wp-content\/uploads\/2025\/03\/volunteer-agscape-150x150.webp 150w, https:\/\/agscape.ca\/wp-content\/uploads\/2025\/03\/volunteer-agscape-768x768.webp 768w, https:\/\/agscape.ca\/wp-content\/uploads\/2025\/03\/volunteer-agscape.webp 1080w\" sizes=\"(max-width: 800px) 100vw, 800px\" \/>\t\t\t\t\t\t\t\t\t\t\t\t\t\t\t<\/div>\n\t\t\t\t<\/div>\n\t\t\t\t<\/div>\n\t\t\t\t\t<\/div>\n\t\t\t\t<\/div>\n\t\t<div class=\"elementor-element elementor-element-33e67be e-flex e-con-boxed e-con e-parent\" data-id=\"33e67be\" data-element_type=\"container\">\n\t\t\t\t\t<div class=\"e-con-inner\">\n\t\t<div class=\"elementor-element elementor-element-3151855 e-con-full e-flex e-con e-child\" data-id=\"3151855\" data-element_type=\"container\">\n\t\t\t\t<div class=\"elementor-element elementor-element-c34080e elementor-widget elementor-widget-heading\" data-id=\"c34080e\" data-element_type=\"widget\" data-widget_type=\"heading.default\">\n\t\t\t\t<div class=\"elementor-widget-container\">\n\t\t\t\t\t<h3 class=\"elementor-heading-title elementor-size-default\">ThinkAG Concours de recrutement Possibilit\u00e9s de b\u00e9n\u00e9volat<\/h3>\t\t\t\t<\/div>\n\t\t\t\t<\/div>\n\t\t\t\t<div class=\"elementor-element elementor-element-3e243cf elementor-widget elementor-widget-text-editor\" data-id=\"3e243cf\" data-element_type=\"widget\" data-widget_type=\"text-editor.default\">\n\t\t\t\t<div class=\"elementor-widget-container\">\n\t\t\t\t\t\t\t\t\t<p>Les <a href=\"https:\/\/agscape.ca\/fr\/concours-de-carriere-thinkag\/\">concours de carri\u00e8re thinkAG<\/a> d&rsquo;AgScape sont une excellente occasion d&rsquo;aider les \u00e9l\u00e8ves de la cinqui\u00e8me \u00e0 la douzi\u00e8me ann\u00e9e \u00e0 \u00e9tablir des liens avec le monde r\u00e9el et \u00e0 s&rsquo;informer sur les perspectives de carri\u00e8re dans le secteur agroalimentaire. Chaque \u00e9v\u00e9nement met en sc\u00e8ne divers repr\u00e9sentants du secteur agricole qui animent des stations pratiques li\u00e9es \u00e0 l&rsquo;agriculture, \u00e0 l&rsquo;alimentation et aux carri\u00e8res. Les \u00e9l\u00e8ves, organis\u00e9s en groupes, passeront d&rsquo;une station \u00e0 l&rsquo;autre toutes les 10 \u00e0 12 minutes pour en apprendre davantage sur l&rsquo;agriculture et l&rsquo;alimentation d&rsquo;une mani\u00e8re amusante et interactive. \u00c0 chaque station, les \u00e9l\u00e8ves seront test\u00e9s et recevront des points en fonction de leur capacit\u00e9 \u00e0 d\u00e9montrer des comp\u00e9tences d&rsquo;apprentissage cl\u00e9s du 21e si\u00e8cle, telles que le travail d&rsquo;\u00e9quipe, la communication, la pens\u00e9e critique et une connaissance globale de l&rsquo;agriculture et de l&rsquo;alimentation.<\/p>\t\t\t\t\t\t\t\t<\/div>\n\t\t\t\t<\/div>\n\t\t\t\t<div class=\"elementor-element elementor-element-5dbf2e7 elementor-widget elementor-widget-heading\" data-id=\"5dbf2e7\" data-element_type=\"widget\" data-widget_type=\"heading.default\">\n\t\t\t\t<div class=\"elementor-widget-container\">\n\t\t\t\t\t<h4 class=\"elementor-heading-title elementor-size-default\">Vous cherchez une occasion de faire participer votre entreprise ?<\/h4>\t\t\t\t<\/div>\n\t\t\t\t<\/div>\n\t\t\t\t<div class=\"elementor-element elementor-element-3b57af7 elementor-widget elementor-widget-text-editor\" data-id=\"3b57af7\" data-element_type=\"widget\" data-widget_type=\"text-editor.default\">\n\t\t\t\t<div class=\"elementor-widget-container\">\n\t\t\t\t\t\t\t\t\t<p>Nos chefs de station jouent un r\u00f4le essentiel dans le cadre de notre concours de carri\u00e8res thinkAG en mettant les \u00e9l\u00e8ves en contact avec leur domaine d&rsquo;expertise par le biais d&rsquo;une activit\u00e9 interactive. Nous sommes toujours \u00e0 la recherche de partenaires ou de b\u00e9n\u00e9voles pour participer \u00e0 nos concours de carri\u00e8re thinkAG en tant que chefs de station.<\/p><p>Nous organisons plusieurs sessions de nos concours de carri\u00e8res thinkAG au cours d&rsquo;une journ\u00e9e, avec une participation d&rsquo;environ 100 \u00e9tudiants par session. Nous demandons aux personnes int\u00e9ress\u00e9es par le r\u00f4le de chef de station de s&rsquo;engager \u00e0 participer \u00e0 l&rsquo;ensemble de l&rsquo;\u00e9v\u00e9nement, qui peut durer une demi-journ\u00e9e ou une journ\u00e9e enti\u00e8re.<\/p>\t\t\t\t\t\t\t\t<\/div>\n\t\t\t\t<\/div>\n\t\t\t\t<\/div>\n\t\t<div class=\"elementor-element elementor-element-5816dda e-con-full e-flex e-con e-child\" data-id=\"5816dda\" data-element_type=\"container\">\n\t\t<div class=\"elementor-element elementor-element-dc76eb1 e-con-full e-flex e-con e-child\" data-id=\"dc76eb1\" data-element_type=\"container\" data-settings=\"{&quot;background_background&quot;:&quot;classic&quot;}\">\n\t\t\t\t<div class=\"elementor-element elementor-element-b83713d elementor-widget elementor-widget-heading\" data-id=\"b83713d\" data-element_type=\"widget\" data-widget_type=\"heading.default\">\n\t\t\t\t<div class=\"elementor-widget-container\">\n\t\t\t\t\t<h3 class=\"elementor-heading-title elementor-size-default\">Inscrivez-vous pour devenir un b\u00e9n\u00e9vole AgScape<\/h3>\t\t\t\t<\/div>\n\t\t\t\t<\/div>\n\t\t\t\t<div class=\"elementor-element elementor-element-af904cd elementor-widget elementor-widget-button\" data-id=\"af904cd\" data-element_type=\"widget\" data-widget_type=\"button.default\">\n\t\t\t\t<div class=\"elementor-widget-container\">\n\t\t\t\t\t\t\t\t\t<div class=\"elementor-button-wrapper\">\n\t\t\t\t\t<a class=\"elementor-button elementor-button-link elementor-size-sm\" href=\"https:\/\/aitcdashboard.ca\/volunteers\/\">\n\t\t\t\t\t\t<span class=\"elementor-button-content-wrapper\">\n\t\t\t\t\t\t\t\t\t<span class=\"elementor-button-text\">S'inscrire comme volontaire<\/span>\n\t\t\t\t\t<\/span>\n\t\t\t\t\t<\/a>\n\t\t\t\t<\/div>\n\t\t\t\t\t\t\t\t<\/div>\n\t\t\t\t<\/div>\n\t\t\t\t<\/div>\n\t\t\t\t<\/div>\n\t\t\t\t\t<\/div>\n\t\t\t\t<\/div>\n\t\t\t\t<\/div>\n\t\t","protected":false},"excerpt":{"rendered":"<p>B\u00e9n\u00e9vole Devenez b\u00e9n\u00e9vole pour AgScape D\u00e9couvrez les possibilit\u00e9s uniques qui s&rsquo;offrent \u00e0 vous ou \u00e0 votre entreprise de participer \u00e0 l&rsquo;\u00e9ducation \u00e0 l&rsquo;agriculture et \u00e0 l&rsquo;alimentation. ThinkAG Concours de recrutement Possibilit\u00e9s de b\u00e9n\u00e9volat Les concours de carri\u00e8re thinkAG d&rsquo;AgScape sont une excellente occasion d&rsquo;aider les \u00e9l\u00e8ves de la cinqui\u00e8me \u00e0 la douzi\u00e8me ann\u00e9e \u00e0 \u00e9tablir [&hellip;]<\/p>\n","protected":false},"author":1,"featured_media":0,"parent":0,"menu_order":0,"comment_status":"closed","ping_status":"closed","template":"","meta":{"_acf_changed":false,"_piecal_is_event":false,"_piecal_start_date":"","_piecal_end_date":"","_piecal_is_allday":false,"_monsterinsights_skip_tracking":false,"_monsterinsights_sitenote_active":false,"_monsterinsights_sitenote_note":"","_monsterinsights_sitenote_category":0,"footnotes":""},"class_list":["post-639","page","type-page","status-publish","hentry"],"acf":[],"_links":{"self":[{"href":"https:\/\/agscape.ca\/fr\/wp-json\/wp\/v2\/pages\/639","targetHints":{"allow":["GET"]}}],"collection":[{"href":"https:\/\/agscape.ca\/fr\/wp-json\/wp\/v2\/pages"}],"about":[{"href":"https:\/\/agscape.ca\/fr\/wp-json\/wp\/v2\/types\/page"}],"author":[{"embeddable":true,"href":"https:\/\/agscape.ca\/fr\/wp-json\/wp\/v2\/users\/1"}],"replies":[{"embeddable":true,"href":"https:\/\/agscape.ca\/fr\/wp-json\/wp\/v2\/comments?post=639"}],"version-history":[{"count":0,"href":"https:\/\/agscape.ca\/fr\/wp-json\/wp\/v2\/pages\/639\/revisions"}],"wp:attachment":[{"href":"https:\/\/agscape.ca\/fr\/wp-json\/wp\/v2\/media?parent=639"}],"curies":[{"name":"wp","href":"https:\/\/api.w.org\/{rel}","templated":true}]}}