{"id":638,"date":"2025-03-17T20:36:48","date_gmt":"2025-03-17T20:36:48","guid":{"rendered":"https:\/\/agscape.ca\/faire-un-don\/"},"modified":"2025-04-01T19:52:03","modified_gmt":"2025-04-01T19:52:03","slug":"faire-un-don","status":"publish","type":"page","link":"https:\/\/agscape.ca\/fr\/faire-un-don\/","title":{"rendered":"Faire un don"},"content":{"rendered":"<h1>Faire un don<\/h1>\n<h2>Soutenez AgScape<\/h2>\n<p>AgScape est la voix de l&rsquo;\u00e9ducation agricole et alimentaire pour les enseignants et les \u00e9l\u00e8ves de l&rsquo;Ontario. Nous comptons sur le soutien financier des particuliers et des entreprises de la communaut\u00e9 agricole pour maintenir et d\u00e9velopper nos activit\u00e9s. Les dons peuvent \u00eatre affect\u00e9s au programme de votre choix. Chaque dollar contribue \u00e0 maintenir l&rsquo;\u00e9ducation agricole en vie pour la prochaine g\u00e9n\u00e9ration.   <\/p>\n<p>\t\t\t\t\t\t\t\t\t\t\t\t\t\t\t<img fetchpriority=\"high\" decoding=\"async\" width=\"800\" height=\"800\" src=\"https:\/\/agscape.ca\/wp-content\/uploads\/2025\/04\/agscape-portrait-donate-1024x1024.webp\" alt=\"\" srcset=\"https:\/\/agscape.ca\/wp-content\/uploads\/2025\/04\/agscape-portrait-donate-1024x1024.webp 1024w, https:\/\/agscape.ca\/wp-content\/uploads\/2025\/04\/agscape-portrait-donate-300x300.webp 300w, https:\/\/agscape.ca\/wp-content\/uploads\/2025\/04\/agscape-portrait-donate-150x150.webp 150w, https:\/\/agscape.ca\/wp-content\/uploads\/2025\/04\/agscape-portrait-donate-768x768.webp 768w, https:\/\/agscape.ca\/wp-content\/uploads\/2025\/04\/agscape-portrait-donate.webp 1080w\" sizes=\"(max-width: 800px) 100vw, 800px\" \/><br \/>\n\t\t\t\t\t<iframe id=\"etapIframe\" style=\"border:none;width:100%;\" src=\"https:\/\/app.etapestry.com\/onlineforms\/OntarioAgri-FoodEducationInc_1\/donate.html\"><\/iframe><br \/>\n\t\t\t\t\t\t\t\t\t\t\t\t\t\t\t<img decoding=\"async\" width=\"299\" height=\"245\" src=\"https:\/\/agscape.ca\/wp-content\/uploads\/2025\/03\/inspire-icon.jpg\" alt=\"\" \/>\t\t\t\t\t\t\t\t\t\t\t\t\t\t\t<\/p>\n<h3>Inspirer des choix de carri\u00e8re dans l&rsquo;agroalimentaire<\/h3>\n<p>Nous mettons les \u00e9tudiants en contact avec des exemples de vrais emplois et de vraies entreprises sur <a href=\"http:\/\/www.GrowingCareers.ca\" target=\"_blank\" rel=\"noopener\">GrowingCareers.ca.<\/a><\/p>\n<p>\t\t\t\t\t\t\t\t\t\t\t\t\t\t\t<img decoding=\"async\" width=\"299\" height=\"216\" src=\"https:\/\/agscape.ca\/wp-content\/uploads\/2025\/03\/fact-myth.jpg\" alt=\"\" \/>\t\t\t\t\t\t\t\t\t\t\t\t\t\t\t<\/p>\n<h3>Remettre en cause les mythes<\/h3>\n<p>Nous fournissons un engagement strat\u00e9gique, orchestr\u00e9 et \u00e0 long terme pour approfondir les relations \u00e9ducatives, en r\u00e9pondant de mani\u00e8re proactive aux points de vue potentiellement erron\u00e9s.<\/p>\n<p>\t\t\t\t\t\t\t\t\t\t\t\t\t\t\t<img loading=\"lazy\" decoding=\"async\" width=\"299\" height=\"216\" src=\"https:\/\/agscape.ca\/wp-content\/uploads\/2025\/03\/education-icon.jpg\" alt=\"\" \/>\t\t\t\t\t\t\t\t\t\t\t\t\t\t\t<\/p>\n<h3>Conna\u00eetre l&rsquo;\u00e9ducation et maintenir un syst\u00e8me de distribution unique<\/h3>\n<p>Nos ressources et nos programmes sont li\u00e9s aux programmes scolaires et s&rsquo;alignent sur les politiques du minist\u00e8re de l&rsquo;\u00c9ducation.<\/p>\n<p>\t\t\t\t\t\t\t\t\t\t\t\t\t\t\t<img loading=\"lazy\" decoding=\"async\" width=\"299\" height=\"216\" src=\"https:\/\/agscape.ca\/wp-content\/uploads\/2025\/03\/increase-roi.jpg\" alt=\"\" \/>\t\t\t\t\t\t\t\t\t\t\t\t\t\t\t<\/p>\n<h3>Se concentrer sur l&rsquo;impact et le retour sur investissement<\/h3>\n<p>Nous recueillons un retour d&rsquo;information qualitatif et quantitatif, \u00e9valuons notre efficacit\u00e9 et identifions les possibilit\u00e9s d&rsquo;am\u00e9lioration continue.<\/p>\n<p>\t\t\t\t\t\t\t\t\t\t\t\t\t\t\t<img loading=\"lazy\" decoding=\"async\" width=\"239\" height=\"242\" src=\"https:\/\/agscape.ca\/wp-content\/uploads\/2025\/03\/gen-z.jpg\" alt=\"\" \/>\t\t\t\t\t\t\t\t\t\t\t\t\t\t\t<\/p>\n<h3>Entrez en contact avec la \u00ab\u00a0g\u00e9n\u00e9ration Z\u00a0\u00bb (10-20 ans)<\/h3>\n<p>En 2020, la g\u00e9n\u00e9ration Z repr\u00e9sentera 40 % des consommateurs. Il s&rsquo;agit de la g\u00e9n\u00e9ration la plus connect\u00e9e technologiquement que le monde ait jamais connue. Ils passent en moyenne 7,5 heures par jour \u00e0 consommer des m\u00e9dias. AgScape restera pertinent pour cette nouvelle g\u00e9n\u00e9ration d&rsquo;\u00e9tudiants f\u00e9rus de technologie gr\u00e2ce \u00e0 la recherche, \u00e0 l&rsquo;innovation continue et \u00e0 la volont\u00e9 de \u00ab\u00a0parler leur langue\u00a0\u00bb.   <\/p>\n","protected":false},"excerpt":{"rendered":"<p>Faire un don Soutenez AgScape AgScape est la voix de l&rsquo;\u00e9ducation agricole et alimentaire pour les enseignants et les \u00e9l\u00e8ves de l&rsquo;Ontario. Nous comptons sur le soutien financier des particuliers et des entreprises de la communaut\u00e9 agricole pour maintenir et d\u00e9velopper nos activit\u00e9s. Les dons peuvent \u00eatre affect\u00e9s au programme de votre choix. Chaque dollar [&hellip;]<\/p>\n","protected":false},"author":1,"featured_media":0,"parent":0,"menu_order":0,"comment_status":"closed","ping_status":"closed","template":"","meta":{"_acf_changed":false,"_piecal_is_event":false,"_piecal_start_date":"","_piecal_end_date":"","_piecal_is_allday":false,"_monsterinsights_skip_tracking":false,"_monsterinsights_sitenote_active":false,"_monsterinsights_sitenote_note":"","_monsterinsights_sitenote_category":0,"footnotes":""},"class_list":["post-638","page","type-page","status-publish","hentry"],"acf":[],"_links":{"self":[{"href":"https:\/\/agscape.ca\/fr\/wp-json\/wp\/v2\/pages\/638","targetHints":{"allow":["GET"]}}],"collection":[{"href":"https:\/\/agscape.ca\/fr\/wp-json\/wp\/v2\/pages"}],"about":[{"href":"https:\/\/agscape.ca\/fr\/wp-json\/wp\/v2\/types\/page"}],"author":[{"embeddable":true,"href":"https:\/\/agscape.ca\/fr\/wp-json\/wp\/v2\/users\/1"}],"replies":[{"embeddable":true,"href":"https:\/\/agscape.ca\/fr\/wp-json\/wp\/v2\/comments?post=638"}],"version-history":[{"count":0,"href":"https:\/\/agscape.ca\/fr\/wp-json\/wp\/v2\/pages\/638\/revisions"}],"wp:attachment":[{"href":"https:\/\/agscape.ca\/fr\/wp-json\/wp\/v2\/media?parent=638"}],"curies":[{"name":"wp","href":"https:\/\/api.w.org\/{rel}","templated":true}]}}