{"id":637,"date":"2025-03-17T20:36:38","date_gmt":"2025-03-17T20:36:38","guid":{"rendered":"https:\/\/agscape.ca\/facons-de-donner\/"},"modified":"2025-03-28T18:48:36","modified_gmt":"2025-03-28T18:48:36","slug":"facons-de-donner","status":"publish","type":"page","link":"https:\/\/agscape.ca\/fr\/facons-de-donner\/","title":{"rendered":"Fa\u00e7ons de donner"},"content":{"rendered":"\t\t<div data-elementor-type=\"wp-page\" data-elementor-id=\"637\" class=\"elementor elementor-637 elementor-575\" data-elementor-post-type=\"page\">\n\t\t\t\t<div class=\"elementor-element elementor-element-64879ea5 e-flex e-con-boxed e-con e-parent\" data-id=\"64879ea5\" data-element_type=\"container\" data-settings=\"{&quot;background_background&quot;:&quot;classic&quot;}\">\n\t\t\t\t\t<div class=\"e-con-inner\">\n\t\t<div class=\"elementor-element elementor-element-2cbf26e e-con-full e-flex e-con e-child\" data-id=\"2cbf26e\" data-element_type=\"container\">\n\t\t\t\t<div class=\"elementor-element elementor-element-50245f03 elementor-widget elementor-widget-heading\" data-id=\"50245f03\" data-element_type=\"widget\" data-widget_type=\"heading.default\">\n\t\t\t\t<div class=\"elementor-widget-container\">\n\t\t\t\t\t<h1 class=\"elementor-heading-title elementor-size-default\">Fa\u00e7ons de donner<\/h1>\t\t\t\t<\/div>\n\t\t\t\t<\/div>\n\t\t\t\t<div class=\"elementor-element elementor-element-2997f2dc elementor-widget-divider--view-line elementor-widget elementor-widget-divider\" data-id=\"2997f2dc\" data-element_type=\"widget\" data-widget_type=\"divider.default\">\n\t\t\t\t<div class=\"elementor-widget-container\">\n\t\t\t\t\t\t\t<div class=\"elementor-divider\">\n\t\t\t<span class=\"elementor-divider-separator\">\n\t\t\t\t\t\t<\/span>\n\t\t<\/div>\n\t\t\t\t\t\t<\/div>\n\t\t\t\t<\/div>\n\t\t\t\t<div class=\"elementor-element elementor-element-3902a5a9 elementor-widget elementor-widget-heading\" data-id=\"3902a5a9\" data-element_type=\"widget\" data-widget_type=\"heading.default\">\n\t\t\t\t<div class=\"elementor-widget-container\">\n\t\t\t\t\t<h2 class=\"elementor-heading-title elementor-size-default\">Avoir un impact significatif sur l'\u00e9ducation \u00e0 l'agriculture et \u00e0 l'alimentation<\/h2>\t\t\t\t<\/div>\n\t\t\t\t<\/div>\n\t\t\t\t<div class=\"elementor-element elementor-element-74228099 elementor-widget elementor-widget-text-editor\" data-id=\"74228099\" data-element_type=\"widget\" data-widget_type=\"text-editor.default\">\n\t\t\t\t<div class=\"elementor-widget-container\">\n\t\t\t\t\t\t\t\t\t<p>Il y a plus de deux millions d&rsquo;\u00e9tudiants en Ontario, et la mission d&rsquo;AgScape est de leur donner \u00e0 tous des informations impartiales et pr\u00e9cises afin de les sensibiliser au syst\u00e8me agroalimentaire et de susciter leur int\u00e9r\u00eat pour les carri\u00e8res qui y sont li\u00e9es.<\/p><p>Votre soutien est le moteur de cette mission, et voici quelques moyens de nous aider \u00e0 la mener \u00e0 bien.<\/p>\t\t\t\t\t\t\t\t<\/div>\n\t\t\t\t<\/div>\n\t\t\t\t<\/div>\n\t\t<div class=\"elementor-element elementor-element-3f3f597 e-con-full elementor-hidden-tablet e-flex e-con e-child\" data-id=\"3f3f597\" data-element_type=\"container\">\n\t\t\t\t<div class=\"elementor-element elementor-element-7bfd29f6 elementor-widget elementor-widget-image\" data-id=\"7bfd29f6\" data-element_type=\"widget\" data-widget_type=\"image.default\">\n\t\t\t\t<div class=\"elementor-widget-container\">\n\t\t\t\t\t\t\t\t\t\t\t\t\t\t\t<img fetchpriority=\"high\" decoding=\"async\" width=\"800\" height=\"800\" src=\"https:\/\/agscape.ca\/wp-content\/uploads\/2025\/03\/ways-to-give-agscape-1024x1024.webp\" class=\"attachment-large size-large wp-image-689\" alt=\"\" srcset=\"https:\/\/agscape.ca\/wp-content\/uploads\/2025\/03\/ways-to-give-agscape-1024x1024.webp 1024w, https:\/\/agscape.ca\/wp-content\/uploads\/2025\/03\/ways-to-give-agscape-300x300.webp 300w, https:\/\/agscape.ca\/wp-content\/uploads\/2025\/03\/ways-to-give-agscape-150x150.webp 150w, https:\/\/agscape.ca\/wp-content\/uploads\/2025\/03\/ways-to-give-agscape-768x768.webp 768w, https:\/\/agscape.ca\/wp-content\/uploads\/2025\/03\/ways-to-give-agscape.webp 1080w\" sizes=\"(max-width: 800px) 100vw, 800px\" \/>\t\t\t\t\t\t\t\t\t\t\t\t\t\t\t<\/div>\n\t\t\t\t<\/div>\n\t\t\t\t<\/div>\n\t\t\t\t\t<\/div>\n\t\t\t\t<\/div>\n\t\t<div class=\"elementor-element elementor-element-6ca7fe7 e-grid e-con-boxed e-con e-parent\" data-id=\"6ca7fe7\" data-element_type=\"container\">\n\t\t\t\t\t<div class=\"e-con-inner\">\n\t\t<a class=\"elementor-element elementor-element-aaf4687 e-con-full e-flex e-con e-child\" data-id=\"aaf4687\" data-element_type=\"container\" data-settings=\"{&quot;background_background&quot;:&quot;classic&quot;}\" href=\"https:\/\/www.canadahelps.org\/en\/charities\/agscape\/\">\n\t\t<div class=\"elementor-element elementor-element-f89370d e-con-full e-flex e-con e-child\" data-id=\"f89370d\" data-element_type=\"container\" data-settings=\"{&quot;background_background&quot;:&quot;classic&quot;}\">\n\t\t\t\t<div class=\"elementor-element elementor-element-8a227ec elementor-widget elementor-widget-heading\" data-id=\"8a227ec\" data-element_type=\"widget\" data-widget_type=\"heading.default\">\n\t\t\t\t<div class=\"elementor-widget-container\">\n\t\t\t\t\t<h3 class=\"elementor-heading-title elementor-size-default\">Collecte de fonds pour AgScape<\/h3>\t\t\t\t<\/div>\n\t\t\t\t<\/div>\n\t\t\t\t<div class=\"elementor-element elementor-element-e355a77 elementor-widget elementor-widget-text-editor\" data-id=\"e355a77\" data-element_type=\"widget\" data-widget_type=\"text-editor.default\">\n\t\t\t\t<div class=\"elementor-widget-container\">\n\t\t\t\t\t\t\t\t\t<p>Organisez votre propre activit\u00e9 ou initiative de collecte de fonds par l&rsquo;entremise de CanaDon. Qu&rsquo;elle soit petite ou grande, toute id\u00e9e peut \u00eatre transform\u00e9e en une collecte de fonds pour soutenir l&rsquo;\u00e9ducation \u00e0 l&rsquo;agriculture et \u00e0 l&rsquo;alimentation.<\/p>\t\t\t\t\t\t\t\t<\/div>\n\t\t\t\t<\/div>\n\t\t\t\t<\/div>\n\t\t\t\t<\/a>\n\t\t<a class=\"elementor-element elementor-element-4327939 e-con-full e-flex e-con e-child\" data-id=\"4327939\" data-element_type=\"container\" data-settings=\"{&quot;background_background&quot;:&quot;classic&quot;}\" href=\"https:\/\/agscape.ca\/fr\/facons-de-donner\/don-symbolique\/\">\n\t\t<div class=\"elementor-element elementor-element-3de44e2 e-con-full e-flex e-con e-child\" data-id=\"3de44e2\" data-element_type=\"container\">\n\t\t\t\t<div class=\"elementor-element elementor-element-a959b14 elementor-widget elementor-widget-heading\" data-id=\"a959b14\" data-element_type=\"widget\" data-widget_type=\"heading.default\">\n\t\t\t\t<div class=\"elementor-widget-container\">\n\t\t\t\t\t<h3 class=\"elementor-heading-title elementor-size-default\">Don symbolique<\/h3>\t\t\t\t<\/div>\n\t\t\t\t<\/div>\n\t\t\t\t<div class=\"elementor-element elementor-element-1d57201 elementor-widget elementor-widget-text-editor\" data-id=\"1d57201\" data-element_type=\"widget\" data-widget_type=\"text-editor.default\">\n\t\t\t\t<div class=\"elementor-widget-container\">\n\t\t\t\t\t\t\t\t\t<p>Faites un don symbolique en guise de cadeau sinc\u00e8re pour honorer quelqu&rsquo;un de sp\u00e9cial tout en donnant aux jeunes les moyens de comprendre leur r\u00f4le dans notre syst\u00e8me agricole et alimentaire.<\/p>\t\t\t\t\t\t\t\t<\/div>\n\t\t\t\t<\/div>\n\t\t\t\t<\/div>\n\t\t\t\t<\/a>\n\t\t<a class=\"elementor-element elementor-element-5258dec e-con-full e-flex e-con e-child\" data-id=\"5258dec\" data-element_type=\"container\" data-settings=\"{&quot;background_background&quot;:&quot;classic&quot;}\" href=\"https:\/\/agscape.ca\/fr\/facons-de-donner\/collecte-de-fonds-sur-facebook\/\">\n\t\t<div class=\"elementor-element elementor-element-c4315b7 e-con-full e-flex e-con e-child\" data-id=\"c4315b7\" data-element_type=\"container\">\n\t\t\t\t<div class=\"elementor-element elementor-element-57f3db9 elementor-widget elementor-widget-heading\" data-id=\"57f3db9\" data-element_type=\"widget\" data-widget_type=\"heading.default\">\n\t\t\t\t<div class=\"elementor-widget-container\">\n\t\t\t\t\t<h3 class=\"elementor-heading-title elementor-size-default\">Collecte de fonds sur Facebook<\/h3>\t\t\t\t<\/div>\n\t\t\t\t<\/div>\n\t\t\t\t<div class=\"elementor-element elementor-element-f172c2b elementor-widget elementor-widget-text-editor\" data-id=\"f172c2b\" data-element_type=\"widget\" data-widget_type=\"text-editor.default\">\n\t\t\t\t<div class=\"elementor-widget-container\">\n\t\t\t\t\t\t\t\t\t<p>Rendez votre occasion sp\u00e9ciale encore plus significative en collectant des fonds pour l&rsquo;agriculture et l&rsquo;alphab\u00e9tisation alimentaire.<\/p>\t\t\t\t\t\t\t\t<\/div>\n\t\t\t\t<\/div>\n\t\t\t\t<\/div>\n\t\t\t\t<\/a>\n\t\t\t\t\t<\/div>\n\t\t\t\t<\/div>\n\t\t\t\t<\/div>\n\t\t","protected":false},"excerpt":{"rendered":"<p>Fa\u00e7ons de donner Avoir un impact significatif sur l&rsquo;\u00e9ducation \u00e0 l&rsquo;agriculture et \u00e0 l&rsquo;alimentation Il y a plus de deux millions d&rsquo;\u00e9tudiants en Ontario, et la mission d&rsquo;AgScape est de leur donner \u00e0 tous des informations impartiales et pr\u00e9cises afin de les sensibiliser au syst\u00e8me agroalimentaire et de susciter leur int\u00e9r\u00eat pour les carri\u00e8res qui [&hellip;]<\/p>\n","protected":false},"author":1,"featured_media":0,"parent":0,"menu_order":0,"comment_status":"closed","ping_status":"closed","template":"","meta":{"_acf_changed":false,"_piecal_is_event":false,"_piecal_start_date":"","_piecal_end_date":"","_piecal_is_allday":false,"_monsterinsights_skip_tracking":false,"_monsterinsights_sitenote_active":false,"_monsterinsights_sitenote_note":"","_monsterinsights_sitenote_category":0,"footnotes":""},"class_list":["post-637","page","type-page","status-publish","hentry"],"acf":[],"_links":{"self":[{"href":"https:\/\/agscape.ca\/fr\/wp-json\/wp\/v2\/pages\/637","targetHints":{"allow":["GET"]}}],"collection":[{"href":"https:\/\/agscape.ca\/fr\/wp-json\/wp\/v2\/pages"}],"about":[{"href":"https:\/\/agscape.ca\/fr\/wp-json\/wp\/v2\/types\/page"}],"author":[{"embeddable":true,"href":"https:\/\/agscape.ca\/fr\/wp-json\/wp\/v2\/users\/1"}],"replies":[{"embeddable":true,"href":"https:\/\/agscape.ca\/fr\/wp-json\/wp\/v2\/comments?post=637"}],"version-history":[{"count":0,"href":"https:\/\/agscape.ca\/fr\/wp-json\/wp\/v2\/pages\/637\/revisions"}],"wp:attachment":[{"href":"https:\/\/agscape.ca\/fr\/wp-json\/wp\/v2\/media?parent=637"}],"curies":[{"name":"wp","href":"https:\/\/api.w.org\/{rel}","templated":true}]}}