{"id":636,"date":"2025-03-17T20:36:14","date_gmt":"2025-03-17T20:36:14","guid":{"rendered":"https:\/\/agscape.ca\/notre-histoire\/"},"modified":"2025-12-15T14:10:07","modified_gmt":"2025-12-15T14:10:07","slug":"notre-histoire","status":"publish","type":"page","link":"https:\/\/agscape.ca\/fr\/notre-histoire\/","title":{"rendered":"Notre histoire"},"content":{"rendered":"\t\t<div data-elementor-type=\"wp-page\" data-elementor-id=\"636\" class=\"elementor elementor-636 elementor-574\" data-elementor-post-type=\"page\">\n\t\t\t\t<div class=\"elementor-element elementor-element-2bc2472c e-flex e-con-boxed e-con e-parent\" data-id=\"2bc2472c\" data-element_type=\"container\" data-settings=\"{&quot;background_background&quot;:&quot;classic&quot;}\">\n\t\t\t\t\t<div class=\"e-con-inner\">\n\t\t<div class=\"elementor-element elementor-element-19fd12aa e-con-full e-flex e-con e-child\" data-id=\"19fd12aa\" data-element_type=\"container\">\n\t\t\t\t<div class=\"elementor-element elementor-element-264d7575 elementor-widget elementor-widget-heading\" data-id=\"264d7575\" data-element_type=\"widget\" data-widget_type=\"heading.default\">\n\t\t\t\t<div class=\"elementor-widget-container\">\n\t\t\t\t\t<h1 class=\"elementor-heading-title elementor-size-default\">Notre histoire<\/h1>\t\t\t\t<\/div>\n\t\t\t\t<\/div>\n\t\t\t\t<div class=\"elementor-element elementor-element-57756eea elementor-widget-divider--view-line elementor-widget elementor-widget-divider\" data-id=\"57756eea\" data-element_type=\"widget\" data-widget_type=\"divider.default\">\n\t\t\t\t<div class=\"elementor-widget-container\">\n\t\t\t\t\t\t\t<div class=\"elementor-divider\">\n\t\t\t<span class=\"elementor-divider-separator\">\n\t\t\t\t\t\t<\/span>\n\t\t<\/div>\n\t\t\t\t\t\t<\/div>\n\t\t\t\t<\/div>\n\t\t\t\t<div class=\"elementor-element elementor-element-1ed3ac2 elementor-widget elementor-widget-heading\" data-id=\"1ed3ac2\" data-element_type=\"widget\" data-widget_type=\"heading.default\">\n\t\t\t\t<div class=\"elementor-widget-container\">\n\t\t\t\t\t<h2 class=\"elementor-heading-title elementor-size-default\">AgScape engage les \u00e9ducateurs,\nles jeunes et les familles dans\nl'agriculture et l'alimentation.<\/h2>\t\t\t\t<\/div>\n\t\t\t\t<\/div>\n\t\t\t\t<div class=\"elementor-element elementor-element-538bce00 elementor-widget elementor-widget-text-editor\" data-id=\"538bce00\" data-element_type=\"widget\" data-widget_type=\"text-editor.default\">\n\t\t\t\t<div class=\"elementor-widget-container\">\n\t\t\t\t\t\t\t\t\t<p>AgScape s&rsquo;efforce de responsabiliser les \u00e9l\u00e8ves en les encourageant \u00e0 explorer de GRANDES id\u00e9es, \u00e0 poser des questions complexes et \u00e0 tirer leurs propres conclusions sur la base d&rsquo;informations pr\u00e9cises et scientifiques.<\/p>\t\t\t\t\t\t\t\t<\/div>\n\t\t\t\t<\/div>\n\t\t\t\t<\/div>\n\t\t<div class=\"elementor-element elementor-element-46e57cc3 e-con-full elementor-hidden-tablet e-flex e-con e-child\" data-id=\"46e57cc3\" data-element_type=\"container\">\n\t\t\t\t<div class=\"elementor-element elementor-element-5e30d83e elementor-widget elementor-widget-image\" data-id=\"5e30d83e\" data-element_type=\"widget\" data-widget_type=\"image.default\">\n\t\t\t\t<div class=\"elementor-widget-container\">\n\t\t\t\t\t\t\t\t\t\t\t\t\t\t\t<img fetchpriority=\"high\" decoding=\"async\" width=\"800\" height=\"800\" src=\"https:\/\/agscape.ca\/wp-content\/uploads\/2025\/03\/agscape-hero-1-1024x1024.webp\" class=\"attachment-large size-large wp-image-180\" alt=\"\" srcset=\"https:\/\/agscape.ca\/wp-content\/uploads\/2025\/03\/agscape-hero-1-1024x1024.webp 1024w, https:\/\/agscape.ca\/wp-content\/uploads\/2025\/03\/agscape-hero-1-300x300.webp 300w, https:\/\/agscape.ca\/wp-content\/uploads\/2025\/03\/agscape-hero-1-150x150.webp 150w, https:\/\/agscape.ca\/wp-content\/uploads\/2025\/03\/agscape-hero-1-768x768.webp 768w, https:\/\/agscape.ca\/wp-content\/uploads\/2025\/03\/agscape-hero-1.webp 1080w\" sizes=\"(max-width: 800px) 100vw, 800px\" \/>\t\t\t\t\t\t\t\t\t\t\t\t\t\t\t<\/div>\n\t\t\t\t<\/div>\n\t\t\t\t<\/div>\n\t\t\t\t\t<\/div>\n\t\t\t\t<\/div>\n\t\t<div class=\"elementor-element elementor-element-819ccae e-flex e-con-boxed e-con e-parent\" data-id=\"819ccae\" data-element_type=\"container\">\n\t\t\t\t\t<div class=\"e-con-inner\">\n\t\t<div class=\"elementor-element elementor-element-d143383 e-con-full e-flex e-con e-child\" data-id=\"d143383\" data-element_type=\"container\">\n\t\t\t\t<div class=\"elementor-element elementor-element-d902398 elementor-widget elementor-widget-heading\" data-id=\"d902398\" data-element_type=\"widget\" data-widget_type=\"heading.default\">\n\t\t\t\t<div class=\"elementor-widget-container\">\n\t\t\t\t\t<h3 class=\"elementor-heading-title elementor-size-default\">Notre vision<\/h3>\t\t\t\t<\/div>\n\t\t\t\t<\/div>\n\t\t\t\t<div class=\"elementor-element elementor-element-91b6c52 elementor-widget elementor-widget-text-editor\" data-id=\"91b6c52\" data-element_type=\"widget\" data-widget_type=\"text-editor.default\">\n\t\t\t\t<div class=\"elementor-widget-container\">\n\t\t\t\t\t\t\t\t\t<p>Diriger un mouvement visant \u00e0 introduire l&rsquo;enseignement de l&rsquo;agriculture et de l&rsquo;alimentation dans toutes les salles de classe de l&rsquo;Ontario. Inspirer les jeunes \u00e0 voir leur r\u00f4le dans le syst\u00e8me alimentaire qui est un v\u00e9hicule d&rsquo;impact social, \u00e9conomique et environnemental. <\/p>\t\t\t\t\t\t\t\t<\/div>\n\t\t\t\t<\/div>\n\t\t\t\t<\/div>\n\t\t\t\t\t<\/div>\n\t\t\t\t<\/div>\n\t\t<div class=\"elementor-element elementor-element-b391918 e-flex e-con-boxed e-con e-parent\" data-id=\"b391918\" data-element_type=\"container\" data-settings=\"{&quot;background_background&quot;:&quot;classic&quot;}\">\n\t\t\t\t\t<div class=\"e-con-inner\">\n\t\t<div class=\"elementor-element elementor-element-43d7f64 e-con-full e-flex e-con e-child\" data-id=\"43d7f64\" data-element_type=\"container\">\n\t\t\t\t<div class=\"elementor-element elementor-element-86e42cb elementor-widget elementor-widget-heading\" data-id=\"86e42cb\" data-element_type=\"widget\" data-widget_type=\"heading.default\">\n\t\t\t\t<div class=\"elementor-widget-container\">\n\t\t\t\t\t<h3 class=\"elementor-heading-title elementor-size-default\">Notre mission<\/h3>\t\t\t\t<\/div>\n\t\t\t\t<\/div>\n\t\t\t\t<div class=\"elementor-element elementor-element-23629a2 elementor-widget elementor-widget-text-editor\" data-id=\"23629a2\" data-element_type=\"widget\" data-widget_type=\"text-editor.default\">\n\t\t\t\t<div class=\"elementor-widget-container\">\n\t\t\t\t\t\t\t\t\t<p>Gr\u00e2ce \u00e0 des programmes exp\u00e9rientiels et scientifiques, nous donnons aux jeunes et aux \u00e9ducateurs de l&rsquo;Ontario les moyens de comprendre leur relation avec le syst\u00e8me agricole et alimentaire et d&rsquo;\u00e9veiller leur int\u00e9r\u00eat pour les carri\u00e8res dans ce domaine.<\/p>\t\t\t\t\t\t\t\t<\/div>\n\t\t\t\t<\/div>\n\t\t\t\t<\/div>\n\t\t\t\t\t<\/div>\n\t\t\t\t<\/div>\n\t\t<div class=\"elementor-element elementor-element-b8cc5db e-flex e-con-boxed e-con e-parent\" data-id=\"b8cc5db\" data-element_type=\"container\" data-settings=\"{&quot;background_background&quot;:&quot;classic&quot;}\">\n\t\t\t\t\t<div class=\"e-con-inner\">\n\t\t<div class=\"elementor-element elementor-element-b9fe37b e-con-full e-flex e-con e-child\" data-id=\"b9fe37b\" data-element_type=\"container\">\n\t\t\t\t<div class=\"elementor-element elementor-element-fc75605 elementor-widget elementor-widget-heading\" data-id=\"fc75605\" data-element_type=\"widget\" data-widget_type=\"heading.default\">\n\t\t\t\t<div class=\"elementor-widget-container\">\n\t\t\t\t\t<h3 class=\"elementor-heading-title elementor-size-default\">Nos valeurs<\/h3>\t\t\t\t<\/div>\n\t\t\t\t<\/div>\n\t\t<div class=\"elementor-element elementor-element-3fdf688 e-grid e-con-full e-con e-child\" data-id=\"3fdf688\" data-element_type=\"container\">\n\t\t<div class=\"elementor-element elementor-element-83a84fd e-con-full e-flex e-con e-child\" data-id=\"83a84fd\" data-element_type=\"container\" data-settings=\"{&quot;background_background&quot;:&quot;classic&quot;}\">\n\t\t\t\t<div class=\"elementor-element elementor-element-d2f17dc elementor-widget elementor-widget-heading\" data-id=\"d2f17dc\" data-element_type=\"widget\" data-widget_type=\"heading.default\">\n\t\t\t\t<div class=\"elementor-widget-container\">\n\t\t\t\t\t<h4 class=\"elementor-heading-title elementor-size-default\">Int\u00e9grit\u00e9<\/h4>\t\t\t\t<\/div>\n\t\t\t\t<\/div>\n\t\t\t\t<div class=\"elementor-element elementor-element-da30825 elementor-widget elementor-widget-text-editor\" data-id=\"da30825\" data-element_type=\"widget\" data-widget_type=\"text-editor.default\">\n\t\t\t\t<div class=\"elementor-widget-container\">\n\t\t\t\t\t\t\t\t\t<p>Nous nous engageons \u00e0 \u00eatre transparents, scientifiques et \u00e0 fournir des informations exactes.<\/p>\t\t\t\t\t\t\t\t<\/div>\n\t\t\t\t<\/div>\n\t\t\t\t<\/div>\n\t\t<div class=\"elementor-element elementor-element-fd1876a e-con-full e-flex e-con e-child\" data-id=\"fd1876a\" data-element_type=\"container\" data-settings=\"{&quot;background_background&quot;:&quot;classic&quot;}\">\n\t\t\t\t<div class=\"elementor-element elementor-element-b9c6b6b elementor-widget elementor-widget-heading\" data-id=\"b9c6b6b\" data-element_type=\"widget\" data-widget_type=\"heading.default\">\n\t\t\t\t<div class=\"elementor-widget-container\">\n\t\t\t\t\t<h4 class=\"elementor-heading-title elementor-size-default\">La passion<\/h4>\t\t\t\t<\/div>\n\t\t\t\t<\/div>\n\t\t\t\t<div class=\"elementor-element elementor-element-92a8553 elementor-widget elementor-widget-text-editor\" data-id=\"92a8553\" data-element_type=\"widget\" data-widget_type=\"text-editor.default\">\n\t\t\t\t<div class=\"elementor-widget-container\">\n\t\t\t\t\t\t\t\t\t<p>Nous sommes passionn\u00e9s par le fait d&rsquo;aider les autres \u00e0 faire le lien entre le r\u00f4le de l&rsquo;agriculture et de l&rsquo;alimentation et notre bien-\u00eatre \u00e9conomique, environnemental et social.  <\/p>\t\t\t\t\t\t\t\t<\/div>\n\t\t\t\t<\/div>\n\t\t\t\t<\/div>\n\t\t<div class=\"elementor-element elementor-element-cf6f914 e-con-full e-flex e-con e-child\" data-id=\"cf6f914\" data-element_type=\"container\" data-settings=\"{&quot;background_background&quot;:&quot;classic&quot;}\">\n\t\t\t\t<div class=\"elementor-element elementor-element-eba3627 elementor-widget elementor-widget-heading\" data-id=\"eba3627\" data-element_type=\"widget\" data-widget_type=\"heading.default\">\n\t\t\t\t<div class=\"elementor-widget-container\">\n\t\t\t\t\t<h4 class=\"elementor-heading-title elementor-size-default\">L'excellence<\/h4>\t\t\t\t<\/div>\n\t\t\t\t<\/div>\n\t\t\t\t<div class=\"elementor-element elementor-element-cb12987 elementor-widget elementor-widget-text-editor\" data-id=\"cb12987\" data-element_type=\"widget\" data-widget_type=\"text-editor.default\">\n\t\t\t\t<div class=\"elementor-widget-container\">\n\t\t\t\t\t\t\t\t\t<p>Nous encourageons l&rsquo;acquisition de connaissances en mati\u00e8re d&rsquo;alimentation par le biais des meilleures pratiques en mati\u00e8re d&rsquo;apprentissage des \u00e9l\u00e8ves.  <\/p>\t\t\t\t\t\t\t\t<\/div>\n\t\t\t\t<\/div>\n\t\t\t\t<\/div>\n\t\t<div class=\"elementor-element elementor-element-e9d0d17 e-con-full e-flex e-con e-child\" data-id=\"e9d0d17\" data-element_type=\"container\" data-settings=\"{&quot;background_background&quot;:&quot;classic&quot;}\">\n\t\t\t\t<div class=\"elementor-element elementor-element-9d48f5d elementor-widget elementor-widget-heading\" data-id=\"9d48f5d\" data-element_type=\"widget\" data-widget_type=\"heading.default\">\n\t\t\t\t<div class=\"elementor-widget-container\">\n\t\t\t\t\t<h4 class=\"elementor-heading-title elementor-size-default\">Impact<\/h4>\t\t\t\t<\/div>\n\t\t\t\t<\/div>\n\t\t\t\t<div class=\"elementor-element elementor-element-158109d elementor-widget elementor-widget-text-editor\" data-id=\"158109d\" data-element_type=\"widget\" data-widget_type=\"text-editor.default\">\n\t\t\t\t<div class=\"elementor-widget-container\">\n\t\t\t\t\t\t\t\t\t<p>Nous sommes motiv\u00e9s pour avoir un impact au niveau individuel et communautaire.<\/p>\t\t\t\t\t\t\t\t<\/div>\n\t\t\t\t<\/div>\n\t\t\t\t<\/div>\n\t\t<div class=\"elementor-element elementor-element-b5dd3db e-con-full e-flex e-con e-child\" data-id=\"b5dd3db\" data-element_type=\"container\" data-settings=\"{&quot;background_background&quot;:&quot;classic&quot;}\">\n\t\t\t\t<div class=\"elementor-element elementor-element-59cd44c elementor-widget elementor-widget-heading\" data-id=\"59cd44c\" data-element_type=\"widget\" data-widget_type=\"heading.default\">\n\t\t\t\t<div class=\"elementor-widget-container\">\n\t\t\t\t\t<h4 class=\"elementor-heading-title elementor-size-default\">Leadership<\/h4>\t\t\t\t<\/div>\n\t\t\t\t<\/div>\n\t\t\t\t<div class=\"elementor-element elementor-element-b565082 elementor-widget elementor-widget-text-editor\" data-id=\"b565082\" data-element_type=\"widget\" data-widget_type=\"text-editor.default\">\n\t\t\t\t<div class=\"elementor-widget-container\">\n\t\t\t\t\t\t\t\t\t<p>Nous favorisons une culture de partenariat par la collaboration.  <\/p>\t\t\t\t\t\t\t\t<\/div>\n\t\t\t\t<\/div>\n\t\t\t\t<\/div>\n\t\t<div class=\"elementor-element elementor-element-f8b4cfc e-con-full e-flex e-con e-child\" data-id=\"f8b4cfc\" data-element_type=\"container\" data-settings=\"{&quot;background_background&quot;:&quot;classic&quot;}\">\n\t\t\t\t<div class=\"elementor-element elementor-element-31419d3 elementor-widget elementor-widget-heading\" data-id=\"31419d3\" data-element_type=\"widget\" data-widget_type=\"heading.default\">\n\t\t\t\t<div class=\"elementor-widget-container\">\n\t\t\t\t\t<h4 class=\"elementor-heading-title elementor-size-default\">Inclusion<\/h4>\t\t\t\t<\/div>\n\t\t\t\t<\/div>\n\t\t\t\t<div class=\"elementor-element elementor-element-ddfa40d elementor-widget elementor-widget-text-editor\" data-id=\"ddfa40d\" data-element_type=\"widget\" data-widget_type=\"text-editor.default\">\n\t\t\t\t<div class=\"elementor-widget-container\">\n\t\t\t\t\t\t\t\t\t<p>Nous veillons \u00e0 la diversit\u00e9, \u00e0 l&rsquo;\u00e9quit\u00e9 et \u00e0 l&rsquo;inclusion dans tout ce que nous faisons.  <\/p>\t\t\t\t\t\t\t\t<\/div>\n\t\t\t\t<\/div>\n\t\t\t\t<\/div>\n\t\t<div class=\"elementor-element elementor-element-39c240b e-con-full e-flex e-con e-child\" data-id=\"39c240b\" data-element_type=\"container\" data-settings=\"{&quot;background_background&quot;:&quot;classic&quot;}\">\n\t\t\t\t<div class=\"elementor-element elementor-element-f593548 elementor-widget elementor-widget-heading\" data-id=\"f593548\" data-element_type=\"widget\" data-widget_type=\"heading.default\">\n\t\t\t\t<div class=\"elementor-widget-container\">\n\t\t\t\t\t<h4 class=\"elementor-heading-title elementor-size-default\">S\u00e9curit\u00e9<\/h4>\t\t\t\t<\/div>\n\t\t\t\t<\/div>\n\t\t\t\t<div class=\"elementor-element elementor-element-5c97dd3 elementor-widget elementor-widget-text-editor\" data-id=\"5c97dd3\" data-element_type=\"widget\" data-widget_type=\"text-editor.default\">\n\t\t\t\t<div class=\"elementor-widget-container\">\n\t\t\t\t\t\t\t\t\t<p>La s\u00e9curit\u00e9 des jeunes, des b\u00e9n\u00e9voles et du personnel est notre priorit\u00e9 absolue.<\/p>\t\t\t\t\t\t\t\t<\/div>\n\t\t\t\t<\/div>\n\t\t\t\t<\/div>\n\t\t\t\t<\/div>\n\t\t\t\t<\/div>\n\t\t\t\t\t<\/div>\n\t\t\t\t<\/div>\n\t\t<div class=\"elementor-element elementor-element-691dcf8 e-flex e-con-boxed e-con e-parent\" data-id=\"691dcf8\" data-element_type=\"container\">\n\t\t\t\t\t<div class=\"e-con-inner\">\n\t\t<div class=\"elementor-element elementor-element-a37372c e-con-full e-flex e-con e-child\" data-id=\"a37372c\" data-element_type=\"container\">\n\t\t\t\t<div class=\"elementor-element elementor-element-2cba5d7 elementor-widget elementor-widget-heading\" data-id=\"2cba5d7\" data-element_type=\"widget\" data-widget_type=\"heading.default\">\n\t\t\t\t<div class=\"elementor-widget-container\">\n\t\t\t\t\t<h3 class=\"elementor-heading-title elementor-size-default\">Notre histoire<\/h3>\t\t\t\t<\/div>\n\t\t\t\t<\/div>\n\t\t\t\t<div class=\"elementor-element elementor-element-841eaae elementor-widget elementor-widget-text-editor\" data-id=\"841eaae\" data-element_type=\"widget\" data-widget_type=\"text-editor.default\">\n\t\t\t\t<div class=\"elementor-widget-container\">\n\t\t\t\t\t\t\t\t\t<p>En 1991, l&rsquo;\u00c9ducation agroalimentaire de l&rsquo;Ontario a \u00e9t\u00e9 fond\u00e9e pour promouvoir l&rsquo;apprentissage de l&rsquo;agriculture et de l&rsquo;alimentation dans les salles de classe.<\/p><p>AgScape (nom de la soci\u00e9t\u00e9 enregistr\u00e9e Ontario Agri-Food Education Inc.) est un organisme de bienfaisance enregistr\u00e9, constitu\u00e9 en vertu de la Loi sur les organisations agricoles et horticoles de l&rsquo;Ontario. Le minist\u00e8re de l&rsquo;Agriculture, de l&rsquo;Alimentation et des Affaires rurales de l&rsquo;Ontario finance en partie les programmes et services d&rsquo;AgScape. <\/p>\t\t\t\t\t\t\t\t<\/div>\n\t\t\t\t<\/div>\n\t\t\t\t<\/div>\n\t\t\t\t\t<\/div>\n\t\t\t\t<\/div>\n\t\t<div class=\"elementor-element elementor-element-b09e4d2 e-flex e-con-boxed e-con e-parent\" data-id=\"b09e4d2\" data-element_type=\"container\">\n\t\t\t\t\t<div class=\"e-con-inner\">\n\t\t<div class=\"elementor-element elementor-element-c373a10 e-con-full e-flex e-con e-child\" data-id=\"c373a10\" data-element_type=\"container\">\n\t\t\t\t<div class=\"elementor-element elementor-element-f99f602 elementor-widget elementor-widget-image\" data-id=\"f99f602\" data-element_type=\"widget\" data-widget_type=\"image.default\">\n\t\t\t\t<div class=\"elementor-widget-container\">\n\t\t\t\t\t\t\t\t\t\t\t\t\t\t\t<img decoding=\"async\" width=\"656\" height=\"491\" src=\"https:\/\/agscape.ca\/wp-content\/uploads\/2025\/03\/AITC-C-Bilingual-Logo.jpg\" class=\"attachment-large size-large wp-image-805\" alt=\"\" srcset=\"https:\/\/agscape.ca\/wp-content\/uploads\/2025\/03\/AITC-C-Bilingual-Logo.jpg 656w, https:\/\/agscape.ca\/wp-content\/uploads\/2025\/03\/AITC-C-Bilingual-Logo-300x225.jpg 300w\" sizes=\"(max-width: 656px) 100vw, 656px\" \/>\t\t\t\t\t\t\t\t\t\t\t\t\t\t\t<\/div>\n\t\t\t\t<\/div>\n\t\t\t\t<\/div>\n\t\t<div class=\"elementor-element elementor-element-9da6d44 e-con-full e-flex e-con e-child\" data-id=\"9da6d44\" data-element_type=\"container\">\n\t\t\t\t<div class=\"elementor-element elementor-element-b260cff elementor-widget elementor-widget-heading\" data-id=\"b260cff\" data-element_type=\"widget\" data-widget_type=\"heading.default\">\n\t\t\t\t<div class=\"elementor-widget-container\">\n\t\t\t\t\t<h3 class=\"elementor-heading-title elementor-size-default\">L'agriculture en classe - Canada<\/h3>\t\t\t\t<\/div>\n\t\t\t\t<\/div>\n\t\t\t\t<div class=\"elementor-element elementor-element-5d1aa38 elementor-widget elementor-widget-text-editor\" data-id=\"5d1aa38\" data-element_type=\"widget\" data-widget_type=\"text-editor.default\">\n\t\t\t\t<div class=\"elementor-widget-container\">\n\t\t\t\t\t\t\t\t\t<p>AgScape est fi\u00e8re d&rsquo;\u00eatre membre d&rsquo;Agriculture en classe-Canada (AITC-C). Charg\u00e9 d&rsquo;apporter l&rsquo;\u00e9ducation agricole et alimentaire dans les salles de classe de l&rsquo;Ontario, AgScape est l&rsquo;un des dix membres provinciaux qui travaillent avec notre partenaire national AITC-C pour veiller \u00e0 ce que chaque jeune au Canada ait une exp\u00e9rience d&rsquo;\u00e9ducation agricole et alimentaire.   <\/p>\t\t\t\t\t\t\t\t<\/div>\n\t\t\t\t<\/div>\n\t\t\t\t<\/div>\n\t\t\t\t\t<\/div>\n\t\t\t\t<\/div>\n\t\t\t\t<\/div>\n\t\t","protected":false},"excerpt":{"rendered":"<p>Notre histoire AgScape engage les \u00e9ducateurs, les jeunes et les familles dans l&rsquo;agriculture et l&rsquo;alimentation. AgScape s&rsquo;efforce de responsabiliser les \u00e9l\u00e8ves en les encourageant \u00e0 explorer de GRANDES id\u00e9es, \u00e0 poser des questions complexes et \u00e0 tirer leurs propres conclusions sur la base d&rsquo;informations pr\u00e9cises et scientifiques. Notre vision Diriger un mouvement visant \u00e0 introduire [&hellip;]<\/p>\n","protected":false},"author":1,"featured_media":0,"parent":0,"menu_order":0,"comment_status":"closed","ping_status":"closed","template":"","meta":{"_acf_changed":false,"_piecal_is_event":false,"_piecal_start_date":"","_piecal_end_date":"","_piecal_is_allday":false,"_monsterinsights_skip_tracking":false,"_monsterinsights_sitenote_active":false,"_monsterinsights_sitenote_note":"","_monsterinsights_sitenote_category":0,"footnotes":""},"class_list":["post-636","page","type-page","status-publish","hentry"],"acf":[],"_links":{"self":[{"href":"https:\/\/agscape.ca\/fr\/wp-json\/wp\/v2\/pages\/636","targetHints":{"allow":["GET"]}}],"collection":[{"href":"https:\/\/agscape.ca\/fr\/wp-json\/wp\/v2\/pages"}],"about":[{"href":"https:\/\/agscape.ca\/fr\/wp-json\/wp\/v2\/types\/page"}],"author":[{"embeddable":true,"href":"https:\/\/agscape.ca\/fr\/wp-json\/wp\/v2\/users\/1"}],"replies":[{"embeddable":true,"href":"https:\/\/agscape.ca\/fr\/wp-json\/wp\/v2\/comments?post=636"}],"version-history":[{"count":0,"href":"https:\/\/agscape.ca\/fr\/wp-json\/wp\/v2\/pages\/636\/revisions"}],"wp:attachment":[{"href":"https:\/\/agscape.ca\/fr\/wp-json\/wp\/v2\/media?parent=636"}],"curies":[{"name":"wp","href":"https:\/\/api.w.org\/{rel}","templated":true}]}}