{"id":629,"date":"2025-03-17T19:07:05","date_gmt":"2025-03-17T19:07:05","guid":{"rendered":"https:\/\/agscape.ca\/vie-privee\/"},"modified":"2025-03-31T15:18:56","modified_gmt":"2025-03-31T15:18:56","slug":"vie-privee","status":"publish","type":"page","link":"https:\/\/agscape.ca\/fr\/vie-privee\/","title":{"rendered":"Vie priv\u00e9e"},"content":{"rendered":"\t\t<div data-elementor-type=\"wp-page\" data-elementor-id=\"629\" class=\"elementor elementor-629 elementor-560\" data-elementor-post-type=\"page\">\n\t\t\t\t<div class=\"elementor-element elementor-element-8f81eef e-flex e-con-boxed e-con e-parent\" data-id=\"8f81eef\" data-element_type=\"container\">\n\t\t\t\t\t<div class=\"e-con-inner\">\n\t\t\t\t<div class=\"elementor-element elementor-element-67c95e0 elementor-widget elementor-widget-heading\" data-id=\"67c95e0\" data-element_type=\"widget\" data-widget_type=\"heading.default\">\n\t\t\t\t<div class=\"elementor-widget-container\">\n\t\t\t\t\t<h1 class=\"elementor-heading-title elementor-size-default\">Politique de confidentialit\u00e9<\/h1>\t\t\t\t<\/div>\n\t\t\t\t<\/div>\n\t\t\t\t<div class=\"elementor-element elementor-element-f87eba0 elementor-widget elementor-widget-text-editor\" data-id=\"f87eba0\" data-element_type=\"widget\" data-widget_type=\"text-editor.default\">\n\t\t\t\t<div class=\"elementor-widget-container\">\n\t\t\t\t\t\t\t\t\t<p>AgScape respecte la vie priv\u00e9e de ses membres, b\u00e9n\u00e9voles, donateurs, sponsors et parties prenantes. Nous nous engageons \u00e0 veiller \u00e0 ce que des mesures et des garanties appropri\u00e9es soient mises en place pour prot\u00e9ger les informations sp\u00e9cifiques d\u00e9tenues dans le cadre de nos activit\u00e9s. Nous respectons toutes les exigences l\u00e9gislatives en mati\u00e8re de protection de la vie priv\u00e9e. Nous ne louons pas, ne vendons pas et n&rsquo;\u00e9changeons pas de listes de diffusion. Nous comprenons que certaines informations que nous d\u00e9tenons sur les membres, les b\u00e9n\u00e9voles, les donateurs, les sponsors et les parties prenantes sont priv\u00e9es. C&rsquo;est pourquoi nous ne recueillons des informations personnelles qu&rsquo;aux fins suivantes :<\/p>\t\t\t\t\t\t\t\t<\/div>\n\t\t\t\t<\/div>\n\t\t\t\t<div class=\"elementor-element elementor-element-0803026 elementor-widget elementor-widget-text-editor\" data-id=\"0803026\" data-element_type=\"widget\" data-widget_type=\"text-editor.default\">\n\t\t\t\t<div class=\"elementor-widget-container\">\n\t\t\t\t\t\t\t\t\t<ul><li>\u00c9tablir et maintenir une relation responsable avec toutes les parties prenantes et fournir un service et un soutien continus.<\/li><li>Mettre en place des proc\u00e9dures de s\u00e9lection appropri\u00e9es pour les b\u00e9n\u00e9voles et le personnel susceptibles de se trouver en position de confiance vis-\u00e0-vis des membres de l&rsquo;organisation.<\/li><li>D\u00e9velopper, am\u00e9liorer, commercialiser ou offrir des opportunit\u00e9s conformes \u00e0 la mission et aux activit\u00e9s d&rsquo;AgScape.<\/li><li>Maintenir, g\u00e9rer et d\u00e9velopper les programmes et les op\u00e9rations en sollicitant les commentaires et le soutien.<\/li><li>Pour r\u00e9pondre aux exigences du programme.<\/li><\/ul>\t\t\t\t\t\t\t\t<\/div>\n\t\t\t\t<\/div>\n\t\t\t\t<div class=\"elementor-element elementor-element-bb06ba4 elementor-widget elementor-widget-text-editor\" data-id=\"bb06ba4\" data-element_type=\"widget\" data-widget_type=\"text-editor.default\">\n\t\t\t\t<div class=\"elementor-widget-container\">\n\t\t\t\t\t\t\t\t\t<p>Nous nous effor\u00e7ons toujours de conserver des informations personnelles exactes et \u00e0 jour aux fins mentionn\u00e9es ci-dessus. Les membres, les b\u00e9n\u00e9voles, les donateurs, les sponsors et les parties prenantes ont le choix et peuvent refuser ou retirer leur consentement \u00e0 la conservation et \u00e0 l&rsquo;utilisation des informations. Ils peuvent demander que leur nom soit retir\u00e9 de nos diff\u00e9rentes listes, ils peuvent refuser de nous fournir des informations personnelles et ils peuvent retirer leur consentement \u00e0 tout moment. Dans tous les cas, cela peut limiter la capacit\u00e9 d&rsquo;AgScape \u00e0 fournir des services et un soutien appropri\u00e9s \u00e0 ces personnes.<\/p><p>Si vous souhaitez que votre nom soit retir\u00e9 de l&rsquo;une de nos listes de contacts, veuillez nous appeler au (905) 878-1510 ou nous envoyer un courriel \u00e0 l&rsquo;adresse <a href=\"mailto:info@agscape.ca\">info@agscape.ca<\/a>. Nous nous ferons un plaisir de r\u00e9pondre \u00e0 votre demande.<\/p>\t\t\t\t\t\t\t\t<\/div>\n\t\t\t\t<\/div>\n\t\t\t\t\t<\/div>\n\t\t\t\t<\/div>\n\t\t\t\t<\/div>\n\t\t","protected":false},"excerpt":{"rendered":"<p>Politique de confidentialit\u00e9 AgScape respecte la vie priv\u00e9e de ses membres, b\u00e9n\u00e9voles, donateurs, sponsors et parties prenantes. Nous nous engageons \u00e0 veiller \u00e0 ce que des mesures et des garanties appropri\u00e9es soient mises en place pour prot\u00e9ger les informations sp\u00e9cifiques d\u00e9tenues dans le cadre de nos activit\u00e9s. Nous respectons toutes les exigences l\u00e9gislatives en mati\u00e8re [&hellip;]<\/p>\n","protected":false},"author":1,"featured_media":0,"parent":0,"menu_order":0,"comment_status":"closed","ping_status":"closed","template":"","meta":{"_acf_changed":false,"_piecal_is_event":false,"_piecal_start_date":"","_piecal_end_date":"","_piecal_is_allday":false,"_monsterinsights_skip_tracking":false,"_monsterinsights_sitenote_active":false,"_monsterinsights_sitenote_note":"","_monsterinsights_sitenote_category":0,"footnotes":""},"class_list":["post-629","page","type-page","status-publish","hentry"],"acf":[],"_links":{"self":[{"href":"https:\/\/agscape.ca\/fr\/wp-json\/wp\/v2\/pages\/629","targetHints":{"allow":["GET"]}}],"collection":[{"href":"https:\/\/agscape.ca\/fr\/wp-json\/wp\/v2\/pages"}],"about":[{"href":"https:\/\/agscape.ca\/fr\/wp-json\/wp\/v2\/types\/page"}],"author":[{"embeddable":true,"href":"https:\/\/agscape.ca\/fr\/wp-json\/wp\/v2\/users\/1"}],"replies":[{"embeddable":true,"href":"https:\/\/agscape.ca\/fr\/wp-json\/wp\/v2\/comments?post=629"}],"version-history":[{"count":0,"href":"https:\/\/agscape.ca\/fr\/wp-json\/wp\/v2\/pages\/629\/revisions"}],"wp:attachment":[{"href":"https:\/\/agscape.ca\/fr\/wp-json\/wp\/v2\/media?parent=629"}],"curies":[{"name":"wp","href":"https:\/\/api.w.org\/{rel}","templated":true}]}}