{"id":625,"date":"2025-03-17T20:34:50","date_gmt":"2025-03-17T20:34:50","guid":{"rendered":"https:\/\/agscape.ca\/concours-de-carriere-thinkag\/"},"modified":"2025-03-28T18:20:10","modified_gmt":"2025-03-28T18:20:10","slug":"concours-de-carriere-thinkag","status":"publish","type":"page","link":"https:\/\/agscape.ca\/fr\/concours-de-carriere-thinkag\/","title":{"rendered":"Concours de carri\u00e8re ThinkAG"},"content":{"rendered":"\t\t<div data-elementor-type=\"wp-page\" data-elementor-id=\"625\" class=\"elementor elementor-625 elementor-568\" data-elementor-post-type=\"page\">\n\t\t\t\t<div class=\"elementor-element elementor-element-c9ebe8e e-flex e-con-boxed e-con e-parent\" data-id=\"c9ebe8e\" data-element_type=\"container\" data-settings=\"{&quot;background_background&quot;:&quot;classic&quot;}\">\n\t\t\t\t\t<div class=\"e-con-inner\">\n\t\t<div class=\"elementor-element elementor-element-9b42465 e-con-full e-flex e-con e-child\" data-id=\"9b42465\" data-element_type=\"container\">\n\t\t\t\t<div class=\"elementor-element elementor-element-fadb03d elementor-widget elementor-widget-heading\" data-id=\"fadb03d\" data-element_type=\"widget\" data-widget_type=\"heading.default\">\n\t\t\t\t<div class=\"elementor-widget-container\">\n\t\t\t\t\t<h1 class=\"elementor-heading-title elementor-size-default\">Concours de carri\u00e8re ThinkAG<\/h1>\t\t\t\t<\/div>\n\t\t\t\t<\/div>\n\t\t\t\t<div class=\"elementor-element elementor-element-9ba9dc5 elementor-widget-divider--view-line elementor-widget elementor-widget-divider\" data-id=\"9ba9dc5\" data-element_type=\"widget\" data-widget_type=\"divider.default\">\n\t\t\t\t<div class=\"elementor-widget-container\">\n\t\t\t\t\t\t\t<div class=\"elementor-divider\">\n\t\t\t<span class=\"elementor-divider-separator\">\n\t\t\t\t\t\t<\/span>\n\t\t<\/div>\n\t\t\t\t\t\t<\/div>\n\t\t\t\t<\/div>\n\t\t\t\t<\/div>\n\t\t<div class=\"elementor-element elementor-element-79ecfbb e-con-full e-flex e-con e-child\" data-id=\"79ecfbb\" data-element_type=\"container\">\n\t\t<div class=\"elementor-element elementor-element-c18ec59 e-con-full e-flex e-con e-child\" data-id=\"c18ec59\" data-element_type=\"container\">\n\t\t\t\t<div class=\"elementor-element elementor-element-bd2dc4e elementor-widget elementor-widget-heading\" data-id=\"bd2dc4e\" data-element_type=\"widget\" data-widget_type=\"heading.default\">\n\t\t\t\t<div class=\"elementor-widget-container\">\n\t\t\t\t\t<h2 class=\"elementor-heading-title elementor-size-default\">Aider les \u00e9l\u00e8ves \u00e0 s'informer sur les carri\u00e8res dans l'agriculture et l'alimentation<\/h2>\t\t\t\t<\/div>\n\t\t\t\t<\/div>\n\t\t\t\t<div class=\"elementor-element elementor-element-850a51f elementor-widget elementor-widget-text-editor\" data-id=\"850a51f\" data-element_type=\"widget\" data-widget_type=\"text-editor.default\">\n\t\t\t\t<div class=\"elementor-widget-container\">\n\t\t\t\t\t\t\t\t\t<p>Les concours de carri\u00e8res thinkAG d&rsquo;AgScape sont une excellente occasion d&rsquo;aider les \u00e9tudiants \u00e0 \u00e9tablir des liens avec le monde r\u00e9el et \u00e0 s&rsquo;informer sur les perspectives de carri\u00e8re dans le secteur agroalimentaire. Chaque \u00e9v\u00e9nement met en sc\u00e8ne divers repr\u00e9sentants du secteur agricole qui animent des stations pratiques li\u00e9es \u00e0 l&rsquo;agriculture, \u00e0 l&rsquo;alimentation et aux carri\u00e8res.<\/p>\t\t\t\t\t\t\t\t<\/div>\n\t\t\t\t<\/div>\n\t\t\t\t<\/div>\n\t\t<div class=\"elementor-element elementor-element-f20ba0f e-con-full e-flex e-con e-child\" data-id=\"f20ba0f\" data-element_type=\"container\">\n\t\t\t\t<div class=\"elementor-element elementor-element-4060e5f elementor-widget elementor-widget-video\" data-id=\"4060e5f\" data-element_type=\"widget\" data-settings=\"{&quot;youtube_url&quot;:&quot;https:\\\/\\\/www.youtube.com\\\/watch?v=dw9NruhABH0&quot;,&quot;video_type&quot;:&quot;youtube&quot;,&quot;controls&quot;:&quot;yes&quot;}\" data-widget_type=\"video.default\">\n\t\t\t\t<div class=\"elementor-widget-container\">\n\t\t\t\t\t\t\t<div class=\"elementor-wrapper elementor-open-inline\">\n\t\t\t<div class=\"elementor-video\"><\/div>\t\t<\/div>\n\t\t\t\t\t\t<\/div>\n\t\t\t\t<\/div>\n\t\t\t\t<\/div>\n\t\t\t\t<\/div>\n\t\t\t\t\t<\/div>\n\t\t\t\t<\/div>\n\t\t<div class=\"elementor-element elementor-element-9502c4b e-flex e-con-boxed e-con e-parent\" data-id=\"9502c4b\" data-element_type=\"container\" data-settings=\"{&quot;background_background&quot;:&quot;classic&quot;}\">\n\t\t\t\t\t<div class=\"e-con-inner\">\n\t\t\t\t<div class=\"elementor-element elementor-element-eae082b elementor-widget elementor-widget-text-editor\" data-id=\"eae082b\" data-element_type=\"widget\" data-widget_type=\"text-editor.default\">\n\t\t\t\t<div class=\"elementor-widget-container\">\n\t\t\t\t\t\t\t\t\t<p><strong>En raison de la demande, AgScape a cr\u00e9\u00e9 une liste d&rsquo;attente pour ce programme.<\/strong><\/p>\t\t\t\t\t\t\t\t<\/div>\n\t\t\t\t<\/div>\n\t\t\t\t<div class=\"elementor-element elementor-element-11a4e8f elementor-align-center elementor-widget elementor-widget-button\" data-id=\"11a4e8f\" data-element_type=\"widget\" data-widget_type=\"button.default\">\n\t\t\t\t<div class=\"elementor-widget-container\">\n\t\t\t\t\t\t\t\t\t<div class=\"elementor-button-wrapper\">\n\t\t\t\t\t<a class=\"elementor-button elementor-button-link elementor-size-sm\" href=\"#\">\n\t\t\t\t\t\t<span class=\"elementor-button-content-wrapper\">\n\t\t\t\t\t\t\t\t\t<span class=\"elementor-button-text\">Inscrivez-vous pour rejoindre la liste d'attente<\/span>\n\t\t\t\t\t<\/span>\n\t\t\t\t\t<\/a>\n\t\t\t\t<\/div>\n\t\t\t\t\t\t\t\t<\/div>\n\t\t\t\t<\/div>\n\t\t\t\t\t<\/div>\n\t\t\t\t<\/div>\n\t\t<div class=\"elementor-element elementor-element-029a868 e-flex e-con-boxed e-con e-parent\" data-id=\"029a868\" data-element_type=\"container\">\n\t\t\t\t\t<div class=\"e-con-inner\">\n\t\t<div class=\"elementor-element elementor-element-2e1411f e-con-full e-flex e-con e-child\" data-id=\"2e1411f\" data-element_type=\"container\">\n\t\t\t\t<div class=\"elementor-element elementor-element-a493f93 elementor-widget elementor-widget-heading\" data-id=\"a493f93\" data-element_type=\"widget\" data-widget_type=\"heading.default\">\n\t\t\t\t<div class=\"elementor-widget-container\">\n\t\t\t\t\t<h3 class=\"elementor-heading-title elementor-size-default\">R\u00e9servez un concours de carri\u00e8res thinkAG dans votre \u00e9cole<\/h3>\t\t\t\t<\/div>\n\t\t\t\t<\/div>\n\t\t\t\t<div class=\"elementor-element elementor-element-69d55e8 elementor-widget elementor-widget-text-editor\" data-id=\"69d55e8\" data-element_type=\"widget\" data-widget_type=\"text-editor.default\">\n\t\t\t\t<div class=\"elementor-widget-container\">\n\t\t\t\t\t\t\t\t\t<p>Nous organisons plusieurs sessions de nos concours de carri\u00e8re thinkAG au cours d&rsquo;une m\u00eame journ\u00e9e, avec une participation d&rsquo;environ 85 \u00e0 100 \u00e9tudiants par session, soit 4 \u00e0 5 classes.<\/p><p>Les concours de carri\u00e8re ThinkAG sont actuellement disponibles en personne et virtuellement pour :<\/p>\t\t\t\t\t\t\t\t<\/div>\n\t\t\t\t<\/div>\n\t\t\t\t<\/div>\n\t\t\t\t\t<\/div>\n\t\t\t\t<\/div>\n\t\t<div class=\"elementor-element elementor-element-d210dac e-grid e-con-boxed e-con e-parent\" data-id=\"d210dac\" data-element_type=\"container\">\n\t\t\t\t\t<div class=\"e-con-inner\">\n\t\t<div class=\"elementor-element elementor-element-af18d25 e-con-full e-flex e-con e-child\" data-id=\"af18d25\" data-element_type=\"container\" data-settings=\"{&quot;background_background&quot;:&quot;classic&quot;}\">\n\t\t\t\t<div class=\"elementor-element elementor-element-544e003 elementor-widget elementor-widget-text-editor\" data-id=\"544e003\" data-element_type=\"widget\" data-widget_type=\"text-editor.default\">\n\t\t\t\t<div class=\"elementor-widget-container\">\n\t\t\t\t\t\t\t\t\t<p>\u00c9tudiants, de la 5e \u00e0 la 12e ann\u00e9e<\/p>\t\t\t\t\t\t\t\t<\/div>\n\t\t\t\t<\/div>\n\t\t\t\t<\/div>\n\t\t<div class=\"elementor-element elementor-element-2e8246f e-con-full e-flex e-con e-child\" data-id=\"2e8246f\" data-element_type=\"container\" data-settings=\"{&quot;background_background&quot;:&quot;classic&quot;}\">\n\t\t\t\t<div class=\"elementor-element elementor-element-608151e elementor-widget elementor-widget-text-editor\" data-id=\"608151e\" data-element_type=\"widget\" data-widget_type=\"text-editor.default\">\n\t\t\t\t<div class=\"elementor-widget-container\">\n\t\t\t\t\t\t\t\t\t<p>Minimum de 85 \u00e0 100 \u00e9tudiants pr\u00e9sents dans toutes les sessions organis\u00e9es tout au long de la journ\u00e9e (4 \u00e0 5 classes au total pour chaque session).<\/p>\t\t\t\t\t\t\t\t<\/div>\n\t\t\t\t<\/div>\n\t\t\t\t<\/div>\n\t\t<div class=\"elementor-element elementor-element-5a8d5f7 e-con-full e-flex e-con e-child\" data-id=\"5a8d5f7\" data-element_type=\"container\" data-settings=\"{&quot;background_background&quot;:&quot;classic&quot;}\">\n\t\t\t\t<div class=\"elementor-element elementor-element-c715066 elementor-widget elementor-widget-text-editor\" data-id=\"c715066\" data-element_type=\"widget\" data-widget_type=\"text-editor.default\">\n\t\t\t\t<div class=\"elementor-widget-container\">\n\t\t\t\t\t\t\t\t\t<p>Un minimum de 2 sessions et un maximum de 4 sessions doivent \u00eatre demand\u00e9s pour que l&rsquo;\u00e9v\u00e9nement soit organis\u00e9 dans votre \u00e9cole ou virtuellement.<\/p>\t\t\t\t\t\t\t\t<\/div>\n\t\t\t\t<\/div>\n\t\t\t\t<\/div>\n\t\t\t\t\t<\/div>\n\t\t\t\t<\/div>\n\t\t<div class=\"elementor-element elementor-element-cb2bea5 e-flex e-con-boxed e-con e-parent\" data-id=\"cb2bea5\" data-element_type=\"container\">\n\t\t\t\t\t<div class=\"e-con-inner\">\n\t\t<div class=\"elementor-element elementor-element-ed4ed93 e-con-full e-flex e-con e-child\" data-id=\"ed4ed93\" data-element_type=\"container\">\n\t\t\t\t<div class=\"elementor-element elementor-element-14d9295 elementor-widget elementor-widget-text-editor\" data-id=\"14d9295\" data-element_type=\"widget\" data-widget_type=\"text-editor.default\">\n\t\t\t\t<div class=\"elementor-widget-container\">\n\t\t\t\t\t\t\t\t\t<p>Veuillez noter que nous utilisons Zoom comme plateforme de choix pour organiser nos \u00e9v\u00e9nements virtuels du concours de carri\u00e8res thinkAg.<\/p>\t\t\t\t\t\t\t\t<\/div>\n\t\t\t\t<\/div>\n\t\t\t\t<div class=\"elementor-element elementor-element-91174df elementor-align-center elementor-widget elementor-widget-button\" data-id=\"91174df\" data-element_type=\"widget\" data-widget_type=\"button.default\">\n\t\t\t\t<div class=\"elementor-widget-container\">\n\t\t\t\t\t\t\t\t\t<div class=\"elementor-button-wrapper\">\n\t\t\t\t\t<a class=\"elementor-button elementor-button-link elementor-size-sm\" href=\"#\">\n\t\t\t\t\t\t<span class=\"elementor-button-content-wrapper\">\n\t\t\t\t\t\t\t\t\t<span class=\"elementor-button-text\">Inscrivez-vous pour rejoindre la liste d'attente<\/span>\n\t\t\t\t\t<\/span>\n\t\t\t\t\t<\/a>\n\t\t\t\t<\/div>\n\t\t\t\t\t\t\t\t<\/div>\n\t\t\t\t<\/div>\n\t\t\t\t<\/div>\n\t\t\t\t\t<\/div>\n\t\t\t\t<\/div>\n\t\t<div class=\"elementor-element elementor-element-5db7842 e-flex e-con-boxed e-con e-parent\" data-id=\"5db7842\" data-element_type=\"container\" data-settings=\"{&quot;background_background&quot;:&quot;classic&quot;}\">\n\t\t\t\t\t<div class=\"e-con-inner\">\n\t\t<div class=\"elementor-element elementor-element-1f5e371 e-con-full e-flex e-con e-child\" data-id=\"1f5e371\" data-element_type=\"container\">\n\t\t\t\t<div class=\"elementor-element elementor-element-782c4f7 elementor-widget elementor-widget-heading\" data-id=\"782c4f7\" data-element_type=\"widget\" data-widget_type=\"heading.default\">\n\t\t\t\t<div class=\"elementor-widget-container\">\n\t\t\t\t\t<h3 class=\"elementor-heading-title elementor-size-default\">Concours de carri\u00e8re ThinkAG<\/h3>\t\t\t\t<\/div>\n\t\t\t\t<\/div>\n\t\t\t\t<div class=\"elementor-element elementor-element-ad36542 elementor-widget elementor-widget-heading\" data-id=\"ad36542\" data-element_type=\"widget\" data-widget_type=\"heading.default\">\n\t\t\t\t<div class=\"elementor-widget-container\">\n\t\t\t\t\t<h2 class=\"elementor-heading-title elementor-size-default\">Aider les \u00e9l\u00e8ves \u00e0 s'informer sur les carri\u00e8res dans l'agriculture et l'alimentation<\/h2>\t\t\t\t<\/div>\n\t\t\t\t<\/div>\n\t\t\t\t<div class=\"elementor-element elementor-element-05b7fd7 elementor-align-center elementor-widget elementor-widget-button\" data-id=\"05b7fd7\" data-element_type=\"widget\" data-widget_type=\"button.default\">\n\t\t\t\t<div class=\"elementor-widget-container\">\n\t\t\t\t\t\t\t\t\t<div class=\"elementor-button-wrapper\">\n\t\t\t\t\t<a class=\"elementor-button elementor-button-link elementor-size-sm\" href=\"#\">\n\t\t\t\t\t\t<span class=\"elementor-button-content-wrapper\">\n\t\t\t\t\t\t\t\t\t<span class=\"elementor-button-text\">Inscrivez-vous pour rejoindre la liste d'attente<\/span>\n\t\t\t\t\t<\/span>\n\t\t\t\t\t<\/a>\n\t\t\t\t<\/div>\n\t\t\t\t\t\t\t\t<\/div>\n\t\t\t\t<\/div>\n\t\t\t\t<\/div>\n\t\t\t\t\t<\/div>\n\t\t\t\t<\/div>\n\t\t\t\t<\/div>\n\t\t","protected":false},"excerpt":{"rendered":"<p>Concours de carri\u00e8re ThinkAG Aider les \u00e9l\u00e8ves \u00e0 s&rsquo;informer sur les carri\u00e8res dans l&rsquo;agriculture et l&rsquo;alimentation Les concours de carri\u00e8res thinkAG d&rsquo;AgScape sont une excellente occasion d&rsquo;aider les \u00e9tudiants \u00e0 \u00e9tablir des liens avec le monde r\u00e9el et \u00e0 s&rsquo;informer sur les perspectives de carri\u00e8re dans le secteur agroalimentaire. Chaque \u00e9v\u00e9nement met en sc\u00e8ne divers [&hellip;]<\/p>\n","protected":false},"author":1,"featured_media":0,"parent":0,"menu_order":0,"comment_status":"closed","ping_status":"closed","template":"","meta":{"_acf_changed":false,"_piecal_is_event":false,"_piecal_start_date":"","_piecal_end_date":"","_piecal_is_allday":false,"_monsterinsights_skip_tracking":false,"_monsterinsights_sitenote_active":false,"_monsterinsights_sitenote_note":"","_monsterinsights_sitenote_category":0,"footnotes":""},"class_list":["post-625","page","type-page","status-publish","hentry"],"acf":[],"_links":{"self":[{"href":"https:\/\/agscape.ca\/fr\/wp-json\/wp\/v2\/pages\/625","targetHints":{"allow":["GET"]}}],"collection":[{"href":"https:\/\/agscape.ca\/fr\/wp-json\/wp\/v2\/pages"}],"about":[{"href":"https:\/\/agscape.ca\/fr\/wp-json\/wp\/v2\/types\/page"}],"author":[{"embeddable":true,"href":"https:\/\/agscape.ca\/fr\/wp-json\/wp\/v2\/users\/1"}],"replies":[{"embeddable":true,"href":"https:\/\/agscape.ca\/fr\/wp-json\/wp\/v2\/comments?post=625"}],"version-history":[{"count":0,"href":"https:\/\/agscape.ca\/fr\/wp-json\/wp\/v2\/pages\/625\/revisions"}],"wp:attachment":[{"href":"https:\/\/agscape.ca\/fr\/wp-json\/wp\/v2\/media?parent=625"}],"curies":[{"name":"wp","href":"https:\/\/api.w.org\/{rel}","templated":true}]}}