{"id":619,"date":"2025-03-17T16:16:03","date_gmt":"2025-03-17T16:16:03","guid":{"rendered":"https:\/\/agscape.ca\/bulletin-dinformation\/"},"modified":"2025-03-28T18:05:33","modified_gmt":"2025-03-28T18:05:33","slug":"bulletin-dinformation","status":"publish","type":"page","link":"https:\/\/agscape.ca\/fr\/bulletin-dinformation\/","title":{"rendered":"Bulletin d&rsquo;information"},"content":{"rendered":"\t\t<div data-elementor-type=\"wp-page\" data-elementor-id=\"619\" class=\"elementor elementor-619 elementor-306\" data-elementor-post-type=\"page\">\n\t\t\t\t<div class=\"elementor-element elementor-element-4126a57 e-flex e-con-boxed e-con e-parent\" data-id=\"4126a57\" data-element_type=\"container\">\n\t\t\t\t\t<div class=\"e-con-inner\">\n\t\t<div class=\"elementor-element elementor-element-a376362 e-con-full e-flex e-con e-child\" data-id=\"a376362\" data-element_type=\"container\" data-settings=\"{&quot;background_background&quot;:&quot;classic&quot;}\">\n\t\t\t\t<div class=\"elementor-element elementor-element-b44547c elementor-widget elementor-widget-image\" data-id=\"b44547c\" data-element_type=\"widget\" data-widget_type=\"image.default\">\n\t\t\t\t<div class=\"elementor-widget-container\">\n\t\t\t\t\t\t\t\t\t\t\t\t\t\t\t<img fetchpriority=\"high\" decoding=\"async\" width=\"401\" height=\"400\" src=\"https:\/\/agscape.ca\/wp-content\/uploads\/2025\/03\/agscape-tomato.png\" class=\"attachment-large size-large wp-image-318\" alt=\"\" srcset=\"https:\/\/agscape.ca\/wp-content\/uploads\/2025\/03\/agscape-tomato.png 401w, https:\/\/agscape.ca\/wp-content\/uploads\/2025\/03\/agscape-tomato-300x300.png 300w, https:\/\/agscape.ca\/wp-content\/uploads\/2025\/03\/agscape-tomato-150x150.png 150w\" sizes=\"(max-width: 401px) 100vw, 401px\" \/>\t\t\t\t\t\t\t\t\t\t\t\t\t\t\t<\/div>\n\t\t\t\t<\/div>\n\t\t\t\t<div class=\"elementor-element elementor-element-fe6a7bd elementor-widget elementor-widget-heading\" data-id=\"fe6a7bd\" data-element_type=\"widget\" data-widget_type=\"heading.default\">\n\t\t\t\t<div class=\"elementor-widget-container\">\n\t\t\t\t\t<h2 class=\"elementor-heading-title elementor-size-default\">Abonnez-vous \u00e0 la lettre d'information AgScape<\/h2>\t\t\t\t<\/div>\n\t\t\t\t<\/div>\n\t\t\t\t<div class=\"elementor-element elementor-element-33dca77 elementor-widget elementor-widget-text-editor\" data-id=\"33dca77\" data-element_type=\"widget\" data-widget_type=\"text-editor.default\">\n\t\t\t\t<div class=\"elementor-widget-container\">\n\t\t\t\t\t\t\t\t\t<p>Recevez nos derni\u00e8res mises \u00e0 jour et histoires directement dans votre bo\u00eete de r\u00e9ception.<\/p>\t\t\t\t\t\t\t\t<\/div>\n\t\t\t\t<\/div>\n\t\t<div class=\"elementor-element elementor-element-c91e5d3 e-con-full e-flex e-con e-child\" data-id=\"c91e5d3\" data-element_type=\"container\">\n\t\t\t\t<div class=\"elementor-element elementor-element-1325f4d elementor-widget elementor-widget-wpforms\" data-id=\"1325f4d\" data-element_type=\"widget\" data-widget_type=\"wpforms.default\">\n\t\t\t\t<div class=\"elementor-widget-container\">\n\t\t\t\t\t<div class=\"wpforms-container wpforms-container-full wpforms-render-modern\" id=\"wpforms-909\"><form id=\"wpforms-form-909\" class=\"wpforms-validate wpforms-form wpforms-ajax-form\" data-formid=\"909\" method=\"post\" enctype=\"multipart\/form-data\" action=\"\/fr\/wp-json\/wp\/v2\/pages\/619\" data-token=\"6e1fda1224cb76d82b272c27f9fca839\" data-token-time=\"1776680764\"><noscript class=\"wpforms-error-noscript\">Veuillez activer JavaScript dans votre navigateur pour remplir ce formulaire.<\/noscript><div id=\"wpforms-error-noscript\" style=\"display: none;\">Veuillez activer JavaScript dans votre navigateur pour remplir ce formulaire.<\/div><div class=\"wpforms-field-container\"><div id=\"wpforms-909-field_1-container\" class=\"wpforms-field wpforms-field-select wpforms-field-select-style-classic\" data-field-type=\"select\" data-field-id=\"1\"><label class=\"wpforms-field-label\" for=\"wpforms-909-field_1\">Laquelle des cat\u00e9gories suivantes d\u00e9crit le mieux votre secteur d&#039;activit\u00e9 ? <span class=\"wpforms-required-label\" aria-hidden=\"true\">*<\/span><\/label><select id=\"wpforms-909-field_1\" class=\"wpforms-field-large wpforms-field-required\" name=\"wpforms[fields][1]\" required=\"required\"><option value=\"\" class=\"placeholder\" disabled  selected='selected'>- Veuillez s\u00e9lectionner votre secteur d&#039;activit\u00e9 le plus pertinent -<\/option><option value=\"Agriculture, alimentation et au-del\u00e0\"  class=\"choice-1 depth-1\"  >Agriculture, alimentation et au-del\u00e0<\/option><option value=\"L&#039;\u00e9ducation\"  class=\"choice-2 depth-1\"  >L'\u00e9ducation<\/option><\/select><\/div>\t\t<div id=\"wpforms-909-field_3-container\"\n\t\t\tclass=\"wpforms-field wpforms-field-text\"\n\t\t\tdata-field-type=\"text\"\n\t\t\tdata-field-id=\"3\"\n\t\t\t>\n\t\t\t<label class=\"wpforms-field-label\" for=\"wpforms-909-field_3\" >Courriel ? suivantes<\/label>\n\t\t\t<input type=\"text\" id=\"wpforms-909-field_3\" class=\"wpforms-field-medium\" name=\"wpforms[fields][3]\" >\n\t\t<\/div>\n\t\t<div id=\"wpforms-909-field_2-container\" class=\"wpforms-field wpforms-field-name\" data-field-type=\"name\" data-field-id=\"2\"><fieldset><legend class=\"wpforms-field-label\">Nom <span class=\"wpforms-required-label\" aria-hidden=\"true\">*<\/span><\/legend><div class=\"wpforms-field-row wpforms-field-large\"><div class=\"wpforms-field-row-block wpforms-first wpforms-one-half\"><input type=\"text\" id=\"wpforms-909-field_2\" class=\"wpforms-field-name-first wpforms-field-required\" name=\"wpforms[fields][2][first]\" aria-errormessage=\"wpforms-909-field_2-error\" required><label for=\"wpforms-909-field_2\" class=\"wpforms-field-sublabel after\">Premi\u00e8re<\/label><\/div><div class=\"wpforms-field-row-block wpforms-one-half\"><input type=\"text\" id=\"wpforms-909-field_2-last\" class=\"wpforms-field-name-last wpforms-field-required\" name=\"wpforms[fields][2][last]\" aria-errormessage=\"wpforms-909-field_2-last-error\" required><label for=\"wpforms-909-field_2-last\" class=\"wpforms-field-sublabel after\">Dernier<\/label><\/div><\/div><\/fieldset><\/div><div id=\"wpforms-909-field_4-container\" class=\"wpforms-field wpforms-field-email\" data-field-type=\"email\" data-field-id=\"4\"><label class=\"wpforms-field-label\" for=\"wpforms-909-field_4\">Courriel <span class=\"wpforms-required-label\" aria-hidden=\"true\">*<\/span><\/label><input type=\"email\" id=\"wpforms-909-field_4\" class=\"wpforms-field-large wpforms-field-required\" name=\"wpforms[fields][4]\" spellcheck=\"false\" aria-errormessage=\"wpforms-909-field_4-error\" required><\/div><div id=\"wpforms-909-field_5-container\" class=\"wpforms-field wpforms-field-text\" data-field-type=\"text\" data-field-id=\"5\"><label class=\"wpforms-field-label\" for=\"wpforms-909-field_5\">Nom de l&#039;organisation<\/label><input type=\"text\" id=\"wpforms-909-field_5\" class=\"wpforms-field-large\" name=\"wpforms[fields][5]\" aria-errormessage=\"wpforms-909-field_5-error\" ><\/div><script>\n\t\t\t\t( function() {\n\t\t\t\t\tconst style = document.createElement( 'style' );\n\t\t\t\t\tstyle.appendChild( document.createTextNode( '#wpforms-909-field_3-container { position: absolute !important; overflow: hidden !important; display: inline !important; height: 1px !important; width: 1px !important; z-index: -1000 !important; padding: 0 !important; } #wpforms-909-field_3-container input { visibility: hidden; } #wpforms-conversational-form-page #wpforms-909-field_3-container label { counter-increment: none; }' ) );\n\t\t\t\t\tdocument.head.appendChild( style );\n\t\t\t\t\tdocument.currentScript?.remove();\n\t\t\t\t} )();\n\t\t\t<\/script><\/div><!-- .wpforms-field-container --><div class=\"wpforms-submit-container\" ><input type=\"hidden\" name=\"wpforms[id]\" value=\"909\"><input type=\"hidden\" name=\"page_title\" value=\"\"><input type=\"hidden\" name=\"page_url\" value=\"https:\/\/agscape.ca\/fr\/wp-json\/wp\/v2\/pages\/619\"><input type=\"hidden\" name=\"url_referer\" value=\"\"><button type=\"submit\" name=\"wpforms[submit]\" id=\"wpforms-submit-909\" class=\"wpforms-submit\" data-alt-text=\"Envoi...\" data-submit-text=\"Soumettre\" aria-live=\"assertive\" value=\"wpforms-submit\">Soumettre<\/button><img decoding=\"async\" src=\"https:\/\/agscape.ca\/wp-content\/plugins\/wpforms\/assets\/images\/submit-spin.svg\" class=\"wpforms-submit-spinner\" style=\"display: none;\" width=\"26\" height=\"26\" alt=\"Loading\"><\/div><\/form><\/div>  <!-- .wpforms-container -->\t\t\t\t<\/div>\n\t\t\t\t<\/div>\n\t\t\t\t<\/div>\n\t\t\t\t<\/div>\n\t\t\t\t\t<\/div>\n\t\t\t\t<\/div>\n\t\t\t\t<\/div>\n\t\t","protected":false},"excerpt":{"rendered":"<p>Abonnez-vous \u00e0 la lettre d&rsquo;information AgScape Recevez nos derni\u00e8res mises \u00e0 jour et histoires directement dans votre bo\u00eete de r\u00e9ception. Please enable JavaScript in your browser to complete this form.Please enable JavaScript in your browser to complete this form.Which of the following best describes your industry? *\u2013 Please select your most relevant industry \u2013Agriculture, Food [&hellip;]<\/p>\n","protected":false},"author":1,"featured_media":0,"parent":0,"menu_order":0,"comment_status":"closed","ping_status":"closed","template":"","meta":{"_acf_changed":false,"_piecal_is_event":false,"_piecal_start_date":"","_piecal_end_date":"","_piecal_is_allday":false,"_monsterinsights_skip_tracking":false,"_monsterinsights_sitenote_active":false,"_monsterinsights_sitenote_note":"","_monsterinsights_sitenote_category":0,"footnotes":""},"class_list":["post-619","page","type-page","status-publish","hentry"],"acf":[],"_links":{"self":[{"href":"https:\/\/agscape.ca\/fr\/wp-json\/wp\/v2\/pages\/619","targetHints":{"allow":["GET"]}}],"collection":[{"href":"https:\/\/agscape.ca\/fr\/wp-json\/wp\/v2\/pages"}],"about":[{"href":"https:\/\/agscape.ca\/fr\/wp-json\/wp\/v2\/types\/page"}],"author":[{"embeddable":true,"href":"https:\/\/agscape.ca\/fr\/wp-json\/wp\/v2\/users\/1"}],"replies":[{"embeddable":true,"href":"https:\/\/agscape.ca\/fr\/wp-json\/wp\/v2\/comments?post=619"}],"version-history":[{"count":0,"href":"https:\/\/agscape.ca\/fr\/wp-json\/wp\/v2\/pages\/619\/revisions"}],"wp:attachment":[{"href":"https:\/\/agscape.ca\/fr\/wp-json\/wp\/v2\/media?parent=619"}],"curies":[{"name":"wp","href":"https:\/\/api.w.org\/{rel}","templated":true}]}}