{"id":1364,"date":"2025-04-15T18:23:34","date_gmt":"2025-04-15T18:23:34","guid":{"rendered":"https:\/\/agscape.ca\/camp-agscape\/"},"modified":"2025-06-05T13:54:31","modified_gmt":"2025-06-05T13:54:31","slug":"camp-agscape","status":"publish","type":"page","link":"https:\/\/agscape.ca\/fr\/camp-agscape\/","title":{"rendered":"Camp AgScape"},"content":{"rendered":"\t\t<div data-elementor-type=\"wp-page\" data-elementor-id=\"1364\" class=\"elementor elementor-1364 elementor-1206\" data-elementor-post-type=\"page\">\n\t\t\t\t<div class=\"elementor-element elementor-element-7092a23 e-con-full e-flex e-con e-parent\" data-id=\"7092a23\" data-element_type=\"container\" data-settings=\"{&quot;background_background&quot;:&quot;classic&quot;}\">\n\t\t\t\t<div class=\"elementor-element elementor-element-d709c85 elementor-widget elementor-widget-image\" data-id=\"d709c85\" data-element_type=\"widget\" data-widget_type=\"image.default\">\n\t\t\t\t<div class=\"elementor-widget-container\">\n\t\t\t\t\t\t\t\t\t\t\t\t\t\t\t<img fetchpriority=\"high\" decoding=\"async\" width=\"1311\" height=\"546\" src=\"https:\/\/agscape.ca\/wp-content\/uploads\/2025\/06\/Camp_Agscape_WhiteGreen.png\" class=\"attachment-full size-full wp-image-1435\" alt=\"\" srcset=\"https:\/\/agscape.ca\/wp-content\/uploads\/2025\/06\/Camp_Agscape_WhiteGreen.png 1311w, https:\/\/agscape.ca\/wp-content\/uploads\/2025\/06\/Camp_Agscape_WhiteGreen-300x125.png 300w, https:\/\/agscape.ca\/wp-content\/uploads\/2025\/06\/Camp_Agscape_WhiteGreen-1024x426.png 1024w, https:\/\/agscape.ca\/wp-content\/uploads\/2025\/06\/Camp_Agscape_WhiteGreen-768x320.png 768w\" sizes=\"(max-width: 1311px) 100vw, 1311px\" \/>\t\t\t\t\t\t\t\t\t\t\t\t\t\t\t<\/div>\n\t\t\t\t<\/div>\n\t\t\t\t<div class=\"elementor-element elementor-element-ff1d5da elementor-widget elementor-widget-heading\" data-id=\"ff1d5da\" data-element_type=\"widget\" data-widget_type=\"heading.default\">\n\t\t\t\t<div class=\"elementor-widget-container\">\n\t\t\t\t\t<h2 class=\"elementor-heading-title elementor-size-default\">Une d\u00e9couverte de l'alimentation et de l'agriculture en ligne<\/h2>\t\t\t\t<\/div>\n\t\t\t\t<\/div>\n\t\t\t\t<\/div>\n\t\t<div class=\"elementor-element elementor-element-c80054a e-flex e-con-boxed e-con e-parent\" data-id=\"c80054a\" data-element_type=\"container\">\n\t\t\t\t\t<div class=\"e-con-inner\">\n\t\t<div class=\"elementor-element elementor-element-4febea8 e-con-full e-flex e-con e-child\" data-id=\"4febea8\" data-element_type=\"container\" data-settings=\"{&quot;background_background&quot;:&quot;classic&quot;}\">\n\t\t\t\t<div class=\"elementor-element elementor-element-f6f17d8 elementor-widget elementor-widget-heading\" data-id=\"f6f17d8\" data-element_type=\"widget\" data-widget_type=\"heading.default\">\n\t\t\t\t<div class=\"elementor-widget-container\">\n\t\t\t\t\t<h2 class=\"elementor-heading-title elementor-size-default\">Visiter<\/h2>\t\t\t\t<\/div>\n\t\t\t\t<\/div>\n\t\t\t\t<div class=\"elementor-element elementor-element-c5aff17 elementor-widget elementor-widget-text-editor\" data-id=\"c5aff17\" data-element_type=\"widget\" data-widget_type=\"text-editor.default\">\n\t\t\t\t<div class=\"elementor-widget-container\">\n\t\t\t\t\t\t\t\t\t<p>Pour aider les parents et les enseignants \u00e0 maintenir l&rsquo;int\u00e9r\u00eat et l&rsquo;apprentissage de leurs enfants et de leurs \u00e9l\u00e8ves \u00e0 la maison ou en classe, nous avons le plaisir de lancer, en collaboration avec de nombreux partenaires, le tout nouveau Camp AgScape, une d\u00e9couverte de l&rsquo;alimentation et de l&rsquo;agriculture en ligne. Enseignants, consultez notre tout nouveau Guide de l&rsquo;enseignant. C&rsquo;est un excellent moyen d&rsquo;explorer comment utiliser Camp AgScape en classe et de voir comment le monde de l&rsquo;alimentation et de l&rsquo;agriculture est li\u00e9 aux objectifs de d\u00e9veloppement durable des Nations unies !  <\/p>\t\t\t\t\t\t\t\t<\/div>\n\t\t\t\t<\/div>\n\t\t\t\t<\/div>\n\t\t<div class=\"elementor-element elementor-element-5130378 e-con-full e-flex e-con e-child\" data-id=\"5130378\" data-element_type=\"container\" data-settings=\"{&quot;background_background&quot;:&quot;classic&quot;}\">\n\t\t\t\t<div class=\"elementor-element elementor-element-922d98f elementor-widget elementor-widget-heading\" data-id=\"922d98f\" data-element_type=\"widget\" data-widget_type=\"heading.default\">\n\t\t\t\t<div class=\"elementor-widget-container\">\n\t\t\t\t\t<h2 class=\"elementor-heading-title elementor-size-default\">Appr\u00e9ciez<\/h2>\t\t\t\t<\/div>\n\t\t\t\t<\/div>\n\t\t\t\t<div class=\"elementor-element elementor-element-64d89c6 elementor-widget elementor-widget-text-editor\" data-id=\"64d89c6\" data-element_type=\"widget\" data-widget_type=\"text-editor.default\">\n\t\t\t\t<div class=\"elementor-widget-container\">\n\t\t\t\t\t\t\t\t\t<p>Les jeunes peuvent profiter de leur exp\u00e9rience en ligne en tant que Honeycrisp, Alpaca, Evergreen ou Clydesdale gr\u00e2ce \u00e0 un programme quotidien d&rsquo;activit\u00e9s qui leur permettra d&rsquo;aborder divers th\u00e8mes li\u00e9s \u00e0 l&rsquo;agriculture et \u00e0 l&rsquo;alimentation, notamment Prendre soin de nos animaux, Faire pousser son pouce vert, De la terre \u00e0 la fourchette et Devenir un scientifique. Ces th\u00e8mes hebdomadaires permettent aux jeunes de d\u00e9velopper des comp\u00e9tences essentielles en mati\u00e8re d&rsquo;agriculture et d&rsquo;alimentation. <\/p>\t\t\t\t\t\t\t\t<\/div>\n\t\t\t\t<\/div>\n\t\t\t\t<\/div>\n\t\t<div class=\"elementor-element elementor-element-e3f7752 e-con-full e-flex e-con e-child\" data-id=\"e3f7752\" data-element_type=\"container\" data-settings=\"{&quot;background_background&quot;:&quot;classic&quot;}\">\n\t\t\t\t<div class=\"elementor-element elementor-element-aab2ffd elementor-widget elementor-widget-heading\" data-id=\"aab2ffd\" data-element_type=\"widget\" data-widget_type=\"heading.default\">\n\t\t\t\t<div class=\"elementor-widget-container\">\n\t\t\t\t\t<h2 class=\"elementor-heading-title elementor-size-default\">Apprendre<\/h2>\t\t\t\t<\/div>\n\t\t\t\t<\/div>\n\t\t\t\t<div class=\"elementor-element elementor-element-24fbbd6 elementor-widget elementor-widget-text-editor\" data-id=\"24fbbd6\" data-element_type=\"widget\" data-widget_type=\"text-editor.default\">\n\t\t\t\t<div class=\"elementor-widget-container\">\n\t\t\t\t\t\t\t\t\t<p>Qu&rsquo;il s&rsquo;agisse d&rsquo;exp\u00e9riences, de jeux, de recettes ou d&rsquo;exploration du monde de la nourriture, les jeunes appr\u00e9cieront de faire partie de la communaut\u00e9 de leur camp virtuel. Chaque camp en ligne est mieux adapt\u00e9 \u00e0 l&rsquo;utilisation d&rsquo;un ordinateur de bureau ou d&rsquo;une tablette. <\/p>\t\t\t\t\t\t\t\t<\/div>\n\t\t\t\t<\/div>\n\t\t\t\t<\/div>\n\t\t\t\t\t<\/div>\n\t\t\t\t<\/div>\n\t\t<div class=\"elementor-element elementor-element-0ea1958 e-flex e-con-boxed e-con e-parent\" data-id=\"0ea1958\" data-element_type=\"container\">\n\t\t\t\t\t<div class=\"e-con-inner\">\n\t\t\t\t<div class=\"elementor-element elementor-element-512e1e0 elementor-widget elementor-widget-heading\" data-id=\"512e1e0\" data-element_type=\"widget\" data-widget_type=\"heading.default\">\n\t\t\t\t<div class=\"elementor-widget-container\">\n\t\t\t\t\t<h2 class=\"elementor-heading-title elementor-size-default\">Trouvez votre camp<\/h2>\t\t\t\t<\/div>\n\t\t\t\t<\/div>\n\t\t\t\t\t<\/div>\n\t\t\t\t<\/div>\n\t\t<div class=\"elementor-element elementor-element-bce5f81 e-grid e-con-boxed e-con e-parent\" data-id=\"bce5f81\" data-element_type=\"container\">\n\t\t\t\t\t<div class=\"e-con-inner\">\n\t\t<a class=\"elementor-element elementor-element-19575d2 e-con-full e-flex e-con e-child\" data-id=\"19575d2\" data-element_type=\"container\" href=\"https:\/\/agscape.ca\/fr\/nid-dabeilles\/\">\n\t\t\t\t<div class=\"elementor-element elementor-element-46f174d elementor-widget elementor-widget-image\" data-id=\"46f174d\" data-element_type=\"widget\" data-widget_type=\"image.default\">\n\t\t\t\t<div class=\"elementor-widget-container\">\n\t\t\t\t\t\t\t\t\t\t\t\t\t\t\t<img decoding=\"async\" width=\"568\" height=\"572\" src=\"https:\/\/agscape.ca\/wp-content\/uploads\/2025\/05\/nsplsh_f3bea73025c8402d99a06bba70d0e997mv2.avif\" class=\"attachment-large size-large wp-image-1357\" alt=\"\" srcset=\"https:\/\/agscape.ca\/wp-content\/uploads\/2025\/05\/nsplsh_f3bea73025c8402d99a06bba70d0e997mv2.avif 568w, https:\/\/agscape.ca\/wp-content\/uploads\/2025\/05\/nsplsh_f3bea73025c8402d99a06bba70d0e997mv2-298x300.jpg 298w, https:\/\/agscape.ca\/wp-content\/uploads\/2025\/05\/nsplsh_f3bea73025c8402d99a06bba70d0e997mv2-150x150.jpg 150w\" sizes=\"(max-width: 568px) 100vw, 568px\" \/>\t\t\t\t\t\t\t\t\t\t\t\t\t\t\t<\/div>\n\t\t\t\t<\/div>\n\t\t\t\t<div class=\"elementor-element elementor-element-d1144b0 elementor-widget elementor-widget-heading\" data-id=\"d1144b0\" data-element_type=\"widget\" data-widget_type=\"heading.default\">\n\t\t\t\t<div class=\"elementor-widget-container\">\n\t\t\t\t\t<h2 class=\"elementor-heading-title elementor-size-default\">Camp Honeycrisp<\/h2>\t\t\t\t<\/div>\n\t\t\t\t<\/div>\n\t\t\t\t<div class=\"elementor-element elementor-element-de70df0 elementor-widget elementor-widget-text-editor\" data-id=\"de70df0\" data-element_type=\"widget\" data-widget_type=\"text-editor.default\">\n\t\t\t\t<div class=\"elementor-widget-container\">\n\t\t\t\t\t\t\t\t\t<p>5-8 ans<\/p>\t\t\t\t\t\t\t\t<\/div>\n\t\t\t\t<\/div>\n\t\t\t\t<\/a>\n\t\t<a class=\"elementor-element elementor-element-143313c e-con-full e-flex e-con e-child\" data-id=\"143313c\" data-element_type=\"container\" href=\"https:\/\/agscape.ca\/fr\/alpagas\/\">\n\t\t\t\t<div class=\"elementor-element elementor-element-2df729b elementor-widget elementor-widget-image\" data-id=\"2df729b\" data-element_type=\"widget\" data-widget_type=\"image.default\">\n\t\t\t\t<div class=\"elementor-widget-container\">\n\t\t\t\t\t\t\t\t\t\t\t\t\t\t\t<img decoding=\"async\" width=\"568\" height=\"572\" src=\"https:\/\/agscape.ca\/wp-content\/uploads\/2025\/05\/nsplsh_6c70786636393865463673mv2_d_4000_5000_s_4_2.avif\" class=\"attachment-large size-large wp-image-1363\" alt=\"\" srcset=\"https:\/\/agscape.ca\/wp-content\/uploads\/2025\/05\/nsplsh_6c70786636393865463673mv2_d_4000_5000_s_4_2.avif 568w, https:\/\/agscape.ca\/wp-content\/uploads\/2025\/05\/nsplsh_6c70786636393865463673mv2_d_4000_5000_s_4_2-298x300.jpg 298w, https:\/\/agscape.ca\/wp-content\/uploads\/2025\/05\/nsplsh_6c70786636393865463673mv2_d_4000_5000_s_4_2-150x150.jpg 150w\" sizes=\"(max-width: 568px) 100vw, 568px\" \/>\t\t\t\t\t\t\t\t\t\t\t\t\t\t\t<\/div>\n\t\t\t\t<\/div>\n\t\t\t\t<div class=\"elementor-element elementor-element-0d62208 elementor-widget elementor-widget-heading\" data-id=\"0d62208\" data-element_type=\"widget\" data-widget_type=\"heading.default\">\n\t\t\t\t<div class=\"elementor-widget-container\">\n\t\t\t\t\t<h2 class=\"elementor-heading-title elementor-size-default\">Camp d'alpagas<\/h2>\t\t\t\t<\/div>\n\t\t\t\t<\/div>\n\t\t\t\t<div class=\"elementor-element elementor-element-2ae3d1a elementor-widget elementor-widget-text-editor\" data-id=\"2ae3d1a\" data-element_type=\"widget\" data-widget_type=\"text-editor.default\">\n\t\t\t\t<div class=\"elementor-widget-container\">\n\t\t\t\t\t\t\t\t\t<p>9-12 ans<\/p>\t\t\t\t\t\t\t\t<\/div>\n\t\t\t\t<\/div>\n\t\t\t\t<\/a>\n\t\t<a class=\"elementor-element elementor-element-bfa06cb e-con-full e-flex e-con e-child\" data-id=\"bfa06cb\" data-element_type=\"container\" href=\"https:\/\/agscape.ca\/fr\/feuilles-persistantes\/\">\n\t\t\t\t<div class=\"elementor-element elementor-element-623add2 elementor-widget elementor-widget-image\" data-id=\"623add2\" data-element_type=\"widget\" data-widget_type=\"image.default\">\n\t\t\t\t<div class=\"elementor-widget-container\">\n\t\t\t\t\t\t\t\t\t\t\t\t\t\t\t<img loading=\"lazy\" decoding=\"async\" width=\"568\" height=\"572\" src=\"https:\/\/agscape.ca\/wp-content\/uploads\/2025\/05\/nsplsh_624a565169714267427238mv2_d_6000_4000_s_4_2.avif\" class=\"attachment-large size-large wp-image-1361\" alt=\"\" srcset=\"https:\/\/agscape.ca\/wp-content\/uploads\/2025\/05\/nsplsh_624a565169714267427238mv2_d_6000_4000_s_4_2.avif 568w, https:\/\/agscape.ca\/wp-content\/uploads\/2025\/05\/nsplsh_624a565169714267427238mv2_d_6000_4000_s_4_2-298x300.jpg 298w, https:\/\/agscape.ca\/wp-content\/uploads\/2025\/05\/nsplsh_624a565169714267427238mv2_d_6000_4000_s_4_2-150x150.jpg 150w\" sizes=\"(max-width: 568px) 100vw, 568px\" \/>\t\t\t\t\t\t\t\t\t\t\t\t\t\t\t<\/div>\n\t\t\t\t<\/div>\n\t\t\t\t<div class=\"elementor-element elementor-element-aa58b05 elementor-widget elementor-widget-heading\" data-id=\"aa58b05\" data-element_type=\"widget\" data-widget_type=\"heading.default\">\n\t\t\t\t<div class=\"elementor-widget-container\">\n\t\t\t\t\t<h2 class=\"elementor-heading-title elementor-size-default\">Camp Evergreen<\/h2>\t\t\t\t<\/div>\n\t\t\t\t<\/div>\n\t\t\t\t<div class=\"elementor-element elementor-element-8f66d53 elementor-widget elementor-widget-text-editor\" data-id=\"8f66d53\" data-element_type=\"widget\" data-widget_type=\"text-editor.default\">\n\t\t\t\t<div class=\"elementor-widget-container\">\n\t\t\t\t\t\t\t\t\t<p>13-15 ans<\/p>\t\t\t\t\t\t\t\t<\/div>\n\t\t\t\t<\/div>\n\t\t\t\t<\/a>\n\t\t<a class=\"elementor-element elementor-element-549a6b1 e-con-full e-flex e-con e-child\" data-id=\"549a6b1\" data-element_type=\"container\" href=\"https:\/\/agscape.ca\/fr\/clydesdales\/\">\n\t\t\t\t<div class=\"elementor-element elementor-element-f1349f2 elementor-widget elementor-widget-image\" data-id=\"f1349f2\" data-element_type=\"widget\" data-widget_type=\"image.default\">\n\t\t\t\t<div class=\"elementor-widget-container\">\n\t\t\t\t\t\t\t\t\t\t\t\t\t\t\t<img loading=\"lazy\" decoding=\"async\" width=\"568\" height=\"572\" src=\"https:\/\/agscape.ca\/wp-content\/uploads\/2025\/05\/1ccb4c_ddb7cb1c5efa4ac8a59c8ea985b7359cmv2.avif\" class=\"attachment-large size-large wp-image-1359\" alt=\"\" srcset=\"https:\/\/agscape.ca\/wp-content\/uploads\/2025\/05\/1ccb4c_ddb7cb1c5efa4ac8a59c8ea985b7359cmv2.avif 568w, https:\/\/agscape.ca\/wp-content\/uploads\/2025\/05\/1ccb4c_ddb7cb1c5efa4ac8a59c8ea985b7359cmv2-298x300.jpg 298w, https:\/\/agscape.ca\/wp-content\/uploads\/2025\/05\/1ccb4c_ddb7cb1c5efa4ac8a59c8ea985b7359cmv2-150x150.jpg 150w\" sizes=\"(max-width: 568px) 100vw, 568px\" \/>\t\t\t\t\t\t\t\t\t\t\t\t\t\t\t<\/div>\n\t\t\t\t<\/div>\n\t\t\t\t<div class=\"elementor-element elementor-element-a93972e elementor-widget elementor-widget-heading\" data-id=\"a93972e\" data-element_type=\"widget\" data-widget_type=\"heading.default\">\n\t\t\t\t<div class=\"elementor-widget-container\">\n\t\t\t\t\t<h2 class=\"elementor-heading-title elementor-size-default\">Camp de Clydesdale<\/h2>\t\t\t\t<\/div>\n\t\t\t\t<\/div>\n\t\t\t\t<div class=\"elementor-element elementor-element-c45f5c2 elementor-widget elementor-widget-text-editor\" data-id=\"c45f5c2\" data-element_type=\"widget\" data-widget_type=\"text-editor.default\">\n\t\t\t\t<div class=\"elementor-widget-container\">\n\t\t\t\t\t\t\t\t\t<p>16-18 ans et plus<\/p>\t\t\t\t\t\t\t\t<\/div>\n\t\t\t\t<\/div>\n\t\t\t\t<\/a>\n\t\t\t\t\t<\/div>\n\t\t\t\t<\/div>\n\t\t\t\t<\/div>\n\t\t","protected":false},"excerpt":{"rendered":"<p>Une d\u00e9couverte de l&rsquo;alimentation et de l&rsquo;agriculture en ligne Visiter Pour aider les parents et les enseignants \u00e0 maintenir l&rsquo;int\u00e9r\u00eat et l&rsquo;apprentissage de leurs enfants et de leurs \u00e9l\u00e8ves \u00e0 la maison ou en classe, nous avons le plaisir de lancer, en collaboration avec de nombreux partenaires, le tout nouveau Camp AgScape, une d\u00e9couverte de [&hellip;]<\/p>\n","protected":false},"author":1,"featured_media":0,"parent":0,"menu_order":0,"comment_status":"closed","ping_status":"closed","template":"","meta":{"_acf_changed":false,"_piecal_is_event":false,"_piecal_start_date":"","_piecal_end_date":"","_piecal_is_allday":false,"_monsterinsights_skip_tracking":false,"_monsterinsights_sitenote_active":false,"_monsterinsights_sitenote_note":"","_monsterinsights_sitenote_category":0,"footnotes":""},"class_list":["post-1364","page","type-page","status-publish","hentry"],"acf":[],"_links":{"self":[{"href":"https:\/\/agscape.ca\/fr\/wp-json\/wp\/v2\/pages\/1364","targetHints":{"allow":["GET"]}}],"collection":[{"href":"https:\/\/agscape.ca\/fr\/wp-json\/wp\/v2\/pages"}],"about":[{"href":"https:\/\/agscape.ca\/fr\/wp-json\/wp\/v2\/types\/page"}],"author":[{"embeddable":true,"href":"https:\/\/agscape.ca\/fr\/wp-json\/wp\/v2\/users\/1"}],"replies":[{"embeddable":true,"href":"https:\/\/agscape.ca\/fr\/wp-json\/wp\/v2\/comments?post=1364"}],"version-history":[{"count":0,"href":"https:\/\/agscape.ca\/fr\/wp-json\/wp\/v2\/pages\/1364\/revisions"}],"wp:attachment":[{"href":"https:\/\/agscape.ca\/fr\/wp-json\/wp\/v2\/media?parent=1364"}],"curies":[{"name":"wp","href":"https:\/\/api.w.org\/{rel}","templated":true}]}}