{"id":1286,"date":"2025-05-21T00:39:38","date_gmt":"2025-05-21T00:39:38","guid":{"rendered":"https:\/\/agscape.ca\/clydesdales\/"},"modified":"2025-05-23T01:01:29","modified_gmt":"2025-05-23T01:01:29","slug":"clydesdales","status":"publish","type":"page","link":"https:\/\/agscape.ca\/fr\/clydesdales\/","title":{"rendered":"Clydesdales"},"content":{"rendered":"\t\t<div data-elementor-type=\"wp-page\" data-elementor-id=\"1286\" class=\"elementor elementor-1286 elementor-1283\" data-elementor-post-type=\"page\">\n\t\t\t\t<div class=\"elementor-element elementor-element-39f2392e e-flex e-con-boxed e-con e-parent\" data-id=\"39f2392e\" data-element_type=\"container\" data-settings=\"{&quot;background_background&quot;:&quot;classic&quot;}\">\n\t\t\t\t\t<div class=\"e-con-inner\">\n\t\t\t\t<div class=\"elementor-element elementor-element-10bae8df elementor-widget elementor-widget-heading\" data-id=\"10bae8df\" data-element_type=\"widget\" data-widget_type=\"heading.default\">\n\t\t\t\t<div class=\"elementor-widget-container\">\n\t\t\t\t\t<h1 class=\"elementor-heading-title elementor-size-default\">Clydesdales<\/h1>\t\t\t\t<\/div>\n\t\t\t\t<\/div>\n\t\t\t\t<div class=\"elementor-element elementor-element-6506d3c7 elementor-widget-divider--view-line elementor-widget elementor-widget-divider\" data-id=\"6506d3c7\" data-element_type=\"widget\" data-widget_type=\"divider.default\">\n\t\t\t\t<div class=\"elementor-widget-container\">\n\t\t\t\t\t\t\t<div class=\"elementor-divider\">\n\t\t\t<span class=\"elementor-divider-separator\">\n\t\t\t\t\t\t<\/span>\n\t\t<\/div>\n\t\t\t\t\t\t<\/div>\n\t\t\t\t<\/div>\n\t\t\t\t\t<\/div>\n\t\t\t\t<\/div>\n\t\t<div class=\"elementor-element elementor-element-2c03a896 e-flex e-con-boxed e-con e-parent\" data-id=\"2c03a896\" data-element_type=\"container\" data-settings=\"{&quot;background_background&quot;:&quot;classic&quot;}\">\n\t\t\t\t\t<div class=\"e-con-inner\">\n\t\t<div class=\"elementor-element elementor-element-56a9b160 e-con-full e-flex e-con e-child\" data-id=\"56a9b160\" data-element_type=\"container\">\n\t\t\t\t<div class=\"elementor-element elementor-element-4cb96b1a elementor-widget elementor-widget-heading\" data-id=\"4cb96b1a\" data-element_type=\"widget\" data-widget_type=\"heading.default\">\n\t\t\t\t<div class=\"elementor-widget-container\">\n\t\t\t\t\t<h2 class=\"elementor-heading-title elementor-size-default\">Bienvenue aux Clydesdales !<\/h2>\t\t\t\t<\/div>\n\t\t\t\t<\/div>\n\t\t\t\t<div class=\"elementor-element elementor-element-3890a3ec elementor-widget elementor-widget-text-editor\" data-id=\"3890a3ec\" data-element_type=\"widget\" data-widget_type=\"text-editor.default\">\n\t\t\t\t<div class=\"elementor-widget-container\">\n\t\t\t\t\t\t\t\t\t<p>Nous aimerions vous souhaiter la bienvenue dans la famille Clydesdale d&rsquo;AgScape ! Nous sommes une famille qui aime se renseigner sur le monde de l&rsquo;alimentation et de l&rsquo;agriculture en Ontario et au Canada. Il y a certaines choses que vous devez savoir avant de commencer votre exploration et votre apprentissage.  <\/p>\t\t\t\t\t\t\t\t<\/div>\n\t\t\t\t<\/div>\n\t\t\t\t<\/div>\n\t\t\t\t\t<\/div>\n\t\t\t\t<\/div>\n\t\t<div class=\"elementor-element elementor-element-776c1c3f e-grid e-con-boxed e-con e-parent\" data-id=\"776c1c3f\" data-element_type=\"container\">\n\t\t\t\t\t<div class=\"e-con-inner\">\n\t\t<div class=\"elementor-element elementor-element-55aa3cdf e-con-full e-flex e-con e-child\" data-id=\"55aa3cdf\" data-element_type=\"container\" data-settings=\"{&quot;background_background&quot;:&quot;classic&quot;}\">\n\t\t\t\t<div class=\"elementor-element elementor-element-3a1dc elementor-widget elementor-widget-heading\" data-id=\"3a1dc\" data-element_type=\"widget\" data-widget_type=\"heading.default\">\n\t\t\t\t<div class=\"elementor-widget-container\">\n\t\t\t\t\t<h3 class=\"elementor-heading-title elementor-size-default\">01<\/h3>\t\t\t\t<\/div>\n\t\t\t\t<\/div>\n\t\t\t\t<div class=\"elementor-element elementor-element-20637ea0 elementor-widget elementor-widget-text-editor\" data-id=\"20637ea0\" data-element_type=\"widget\" data-widget_type=\"text-editor.default\">\n\t\t\t\t<div class=\"elementor-widget-container\">\n\t\t\t\t\t\t\t\t\t<p>En tant que Clydesdale, vous recevez un magnifique certificat qui n&rsquo;appartient qu&rsquo;\u00e0 vous ! Vous aurez re\u00e7u votre certificat lors de votre inscription, mais au cas o\u00f9 vous le souhaiteriez, vous pouvez en t\u00e9l\u00e9charger une copie <a class=\"wixui-rich-text__text\" href=\"https:\/\/agscape.ca\/wp-content\/uploads\/2025\/05\/CampAgScape-Certificates-FRENG.pdf-2-copie.pdf\" target=\"_blank\" rel=\"noopener\"><span class=\"color_43 wixui-rich-text__text\"><span class=\"wixui-rich-text__text\">ici<\/span><\/span><\/a>. <\/p>\t\t\t\t\t\t\t\t<\/div>\n\t\t\t\t<\/div>\n\t\t\t\t<\/div>\n\t\t<div class=\"elementor-element elementor-element-699548bc e-con-full e-flex e-con e-child\" data-id=\"699548bc\" data-element_type=\"container\" data-settings=\"{&quot;background_background&quot;:&quot;classic&quot;}\">\n\t\t\t\t<div class=\"elementor-element elementor-element-605c9324 elementor-widget elementor-widget-heading\" data-id=\"605c9324\" data-element_type=\"widget\" data-widget_type=\"heading.default\">\n\t\t\t\t<div class=\"elementor-widget-container\">\n\t\t\t\t\t<h3 class=\"elementor-heading-title elementor-size-default\">02<\/h3>\t\t\t\t<\/div>\n\t\t\t\t<\/div>\n\t\t\t\t<div class=\"elementor-element elementor-element-211a7135 elementor-widget elementor-widget-text-editor\" data-id=\"211a7135\" data-element_type=\"widget\" data-widget_type=\"text-editor.default\">\n\t\t\t\t<div class=\"elementor-widget-container\">\n\t\t\t\t\t\t\t\t\t<section id=\"comp-kpse21av\" class=\"comp-kpse21av CohWsy wixui-column-strip\"><div class=\"V5AUxf\" data-testid=\"columns\"><div id=\"comp-kpse21b3\" class=\"comp-kpse21b3 YzqVVZ wixui-column-strip__column\"><div class=\"\" data-mesh-id=\"comp-kpse21b3inlineContent\" data-testid=\"inline-content\"><div data-mesh-id=\"comp-kpse21b3inlineContent-gridContainer\" data-testid=\"mesh-container-content\"><div id=\"comp-kpse21ba\" class=\"HcOXKn SxM0TO QxJLC3 lq2cno YQcXTT comp-kpse21ba wixui-rich-text\" data-testid=\"richTextElement\" data-motion-enter=\"done\"><p class=\"font_7 wixui-rich-text__text\">N&rsquo;oubliez pas d&rsquo;imprimer votre certificat et d&rsquo;y inscrire votre nom ! Attendez ! Ce certificat ne semble pas complet. Pour le terminer, vous allez partir \u00e0 l&rsquo;aventure chaque semaine pour en apprendre davantage sur l&rsquo;alimentation et l&rsquo;agriculture.   <\/p><\/div><\/div><\/div><\/div><\/div><\/section>\t\t\t\t\t\t\t\t<\/div>\n\t\t\t\t<\/div>\n\t\t\t\t<\/div>\n\t\t<div class=\"elementor-element elementor-element-2fd1646d e-con-full e-flex e-con e-child\" data-id=\"2fd1646d\" data-element_type=\"container\" data-settings=\"{&quot;background_background&quot;:&quot;classic&quot;}\">\n\t\t\t\t<div class=\"elementor-element elementor-element-393aa7eb elementor-widget elementor-widget-heading\" data-id=\"393aa7eb\" data-element_type=\"widget\" data-widget_type=\"heading.default\">\n\t\t\t\t<div class=\"elementor-widget-container\">\n\t\t\t\t\t<h3 class=\"elementor-heading-title elementor-size-default\">03<\/h3>\t\t\t\t<\/div>\n\t\t\t\t<\/div>\n\t\t\t\t<div class=\"elementor-element elementor-element-4bc64949 elementor-widget elementor-widget-text-editor\" data-id=\"4bc64949\" data-element_type=\"widget\" data-widget_type=\"text-editor.default\">\n\t\t\t\t<div class=\"elementor-widget-container\">\n\t\t\t\t\t\t\t\t\t<section id=\"comp-kpse21bn\" class=\"comp-kpse21bn CohWsy wixui-column-strip\"><div class=\"V5AUxf\" data-testid=\"columns\"><div id=\"comp-kpse21bt\" class=\"comp-kpse21bt YzqVVZ wixui-column-strip__column\"><div class=\"\" data-mesh-id=\"comp-kpse21btinlineContent\" data-testid=\"inline-content\"><div data-mesh-id=\"comp-kpse21btinlineContent-gridContainer\" data-testid=\"mesh-container-content\"><div id=\"comp-kpse21c1\" class=\"HcOXKn SxM0TO QxJLC3 lq2cno YQcXTT comp-kpse21c1 wixui-rich-text\" data-testid=\"richTextElement\" data-motion-enter=\"done\"><p class=\"font_7 wixui-rich-text__text\">\u00c0 la fin de chaque semaine (jour 5), vous accomplirez une t\u00e2che et recevrez un jeton \u00e0 imprimer, d\u00e9couper et coller sur votre certificat.<\/p><\/div><\/div><\/div><\/div><\/div><\/section>\t\t\t\t\t\t\t\t<\/div>\n\t\t\t\t<\/div>\n\t\t\t\t<\/div>\n\t\t<div class=\"elementor-element elementor-element-25704f0 e-con-full e-flex e-con e-child\" data-id=\"25704f0\" data-element_type=\"container\" data-settings=\"{&quot;background_background&quot;:&quot;classic&quot;}\">\n\t\t\t\t<div class=\"elementor-element elementor-element-612ac9da elementor-widget elementor-widget-heading\" data-id=\"612ac9da\" data-element_type=\"widget\" data-widget_type=\"heading.default\">\n\t\t\t\t<div class=\"elementor-widget-container\">\n\t\t\t\t\t<h3 class=\"elementor-heading-title elementor-size-default\">04<\/h3>\t\t\t\t<\/div>\n\t\t\t\t<\/div>\n\t\t\t\t<div class=\"elementor-element elementor-element-21f41404 elementor-widget elementor-widget-text-editor\" data-id=\"21f41404\" data-element_type=\"widget\" data-widget_type=\"text-editor.default\">\n\t\t\t\t<div class=\"elementor-widget-container\">\n\t\t\t\t\t\t\t\t\t<section id=\"comp-kpse21c9\" class=\"comp-kpse21c9 CohWsy wixui-column-strip\"><div class=\"V5AUxf\" data-testid=\"columns\"><div id=\"comp-kpse21ch\" class=\"comp-kpse21ch YzqVVZ wixui-column-strip__column\"><div class=\"\" data-mesh-id=\"comp-kpse21chinlineContent\" data-testid=\"inline-content\"><div data-mesh-id=\"comp-kpse21chinlineContent-gridContainer\" data-testid=\"mesh-container-content\"><div id=\"comp-kpse21cp\" class=\"HcOXKn SxM0TO QxJLC3 lq2cno YQcXTT comp-kpse21cp wixui-rich-text\" data-testid=\"richTextElement\" data-motion-enter=\"done\"><p class=\"font_7 wixui-rich-text__text\">Une fois que vous aurez obtenu votre certificat, prenez une photo et dites cheese avant de le partager avec AgScape. C&rsquo;est parti ! Rendez-vous \u00e0 la semaine 1 pour commencer votre aventure en tant que Clydesdale.  <\/p><\/div><\/div><\/div><\/div><\/div><\/section>\t\t\t\t\t\t\t\t<\/div>\n\t\t\t\t<\/div>\n\t\t\t\t<\/div>\n\t\t\t\t\t<\/div>\n\t\t\t\t<\/div>\n\t\t<div class=\"elementor-element elementor-element-5af492ae e-flex e-con-boxed e-con e-parent\" data-id=\"5af492ae\" data-element_type=\"container\">\n\t\t\t\t\t<div class=\"e-con-inner\">\n\t\t<div class=\"elementor-element elementor-element-47740728 e-con-full e-flex e-con e-child\" data-id=\"47740728\" data-element_type=\"container\">\n\t\t\t\t<div class=\"elementor-element elementor-element-3de3ee40 elementor-widget elementor-widget-text-editor\" data-id=\"3de3ee40\" data-element_type=\"widget\" data-widget_type=\"text-editor.default\">\n\t\t\t\t<div class=\"elementor-widget-container\">\n\t\t\t\t\t\t\t\t\t<p>AgScape a publi\u00e9 un tout nouveau guide de l&rsquo;enseignant qui explique comment utiliser le Camp AgScape et maximiser l&rsquo;apprentissage en classe ! T\u00e9l\u00e9chargez le <span class=\"color_43 wixui-rich-text__text\"><span class=\"wixui-rich-text__text\"><a class=\"wixui-rich-text__text\" href=\"https:\/\/agscape.ca\/wp-content\/uploads\/2025\/05\/Camp-AgScape-Teacher-Guide_08182022-1-1.pdf\" target=\"_blank\" rel=\"noopener\">Guide de l&rsquo;enseignant<\/a><\/span><\/span> et commencez \u00e0 explorer le monde de l&rsquo;alimentation et de l&rsquo;agriculture avec vos \u00e9l\u00e8ves. <\/p>\t\t\t\t\t\t\t\t<\/div>\n\t\t\t\t<\/div>\n\t\t\t\t<div class=\"elementor-element elementor-element-16fdfb46 elementor-widget elementor-widget-heading\" data-id=\"16fdfb46\" data-element_type=\"widget\" data-widget_type=\"heading.default\">\n\t\t\t\t<div class=\"elementor-widget-container\">\n\t\t\t\t\t<h3 class=\"elementor-heading-title elementor-size-default\">Pour les \u00e9ducateurs<\/h3>\t\t\t\t<\/div>\n\t\t\t\t<\/div>\n\t\t\t\t<\/div>\n\t\t\t\t\t<\/div>\n\t\t\t\t<\/div>\n\t\t<div class=\"elementor-element elementor-element-2c6eba06 e-grid e-con-boxed e-con e-parent\" data-id=\"2c6eba06\" data-element_type=\"container\">\n\t\t\t\t\t<div class=\"e-con-inner\">\n\t\t\t\t<div class=\"elementor-element elementor-element-704a3abb elementor-align-justify elementor-widget elementor-widget-button\" data-id=\"704a3abb\" data-element_type=\"widget\" data-widget_type=\"button.default\">\n\t\t\t\t<div class=\"elementor-widget-container\">\n\t\t\t\t\t\t\t\t\t<div class=\"elementor-button-wrapper\">\n\t\t\t\t\t<a class=\"elementor-button elementor-button-link elementor-size-sm\" href=\"https:\/\/agscape.ca\/fr\/clydesdales\/clydesdales-semaine-1\/\">\n\t\t\t\t\t\t<span class=\"elementor-button-content-wrapper\">\n\t\t\t\t\t\t\t\t\t<span class=\"elementor-button-text\">Semaine 1<\/span>\n\t\t\t\t\t<\/span>\n\t\t\t\t\t<\/a>\n\t\t\t\t<\/div>\n\t\t\t\t\t\t\t\t<\/div>\n\t\t\t\t<\/div>\n\t\t\t\t<div class=\"elementor-element elementor-element-7cf7bf9e elementor-align-justify elementor-widget elementor-widget-button\" data-id=\"7cf7bf9e\" data-element_type=\"widget\" data-widget_type=\"button.default\">\n\t\t\t\t<div class=\"elementor-widget-container\">\n\t\t\t\t\t\t\t\t\t<div class=\"elementor-button-wrapper\">\n\t\t\t\t\t<a class=\"elementor-button elementor-button-link elementor-size-sm\" href=\"https:\/\/agscape.ca\/fr\/clydesdales\/clydesdales-semaine-2\/\">\n\t\t\t\t\t\t<span class=\"elementor-button-content-wrapper\">\n\t\t\t\t\t\t\t\t\t<span class=\"elementor-button-text\">Semaine 2<\/span>\n\t\t\t\t\t<\/span>\n\t\t\t\t\t<\/a>\n\t\t\t\t<\/div>\n\t\t\t\t\t\t\t\t<\/div>\n\t\t\t\t<\/div>\n\t\t\t\t<div class=\"elementor-element elementor-element-21a9d5fa elementor-align-justify elementor-widget elementor-widget-button\" data-id=\"21a9d5fa\" data-element_type=\"widget\" data-widget_type=\"button.default\">\n\t\t\t\t<div class=\"elementor-widget-container\">\n\t\t\t\t\t\t\t\t\t<div class=\"elementor-button-wrapper\">\n\t\t\t\t\t<a class=\"elementor-button elementor-button-link elementor-size-sm\" href=\"https:\/\/agscape.ca\/fr\/clydesdales\/clydesdales-semaine-3\/\">\n\t\t\t\t\t\t<span class=\"elementor-button-content-wrapper\">\n\t\t\t\t\t\t\t\t\t<span class=\"elementor-button-text\">Semaine 3<\/span>\n\t\t\t\t\t<\/span>\n\t\t\t\t\t<\/a>\n\t\t\t\t<\/div>\n\t\t\t\t\t\t\t\t<\/div>\n\t\t\t\t<\/div>\n\t\t\t\t<div class=\"elementor-element elementor-element-208d46ed elementor-align-justify elementor-widget elementor-widget-button\" data-id=\"208d46ed\" data-element_type=\"widget\" data-widget_type=\"button.default\">\n\t\t\t\t<div class=\"elementor-widget-container\">\n\t\t\t\t\t\t\t\t\t<div class=\"elementor-button-wrapper\">\n\t\t\t\t\t<a class=\"elementor-button elementor-button-link elementor-size-sm\" href=\"https:\/\/agscape.ca\/fr\/clydesdales\/clydesdales-semaine-4\/\">\n\t\t\t\t\t\t<span class=\"elementor-button-content-wrapper\">\n\t\t\t\t\t\t\t\t\t<span class=\"elementor-button-text\">Semaine 4<\/span>\n\t\t\t\t\t<\/span>\n\t\t\t\t\t<\/a>\n\t\t\t\t<\/div>\n\t\t\t\t\t\t\t\t<\/div>\n\t\t\t\t<\/div>\n\t\t\t\t\t<\/div>\n\t\t\t\t<\/div>\n\t\t\t\t<\/div>\n\t\t","protected":false},"excerpt":{"rendered":"<p>Clydesdales Bienvenue aux Clydesdales ! Nous aimerions vous souhaiter la bienvenue dans la famille Clydesdale d&rsquo;AgScape ! Nous sommes une famille qui aime se renseigner sur le monde de l&rsquo;alimentation et de l&rsquo;agriculture en Ontario et au Canada. Il y a certaines choses que vous devez savoir avant de commencer votre exploration et votre apprentissage. [&hellip;]<\/p>\n","protected":false},"author":1,"featured_media":0,"parent":0,"menu_order":0,"comment_status":"closed","ping_status":"closed","template":"","meta":{"_acf_changed":false,"_piecal_is_event":false,"_piecal_start_date":"","_piecal_end_date":"","_piecal_is_allday":false,"_monsterinsights_skip_tracking":false,"_monsterinsights_sitenote_active":false,"_monsterinsights_sitenote_note":"","_monsterinsights_sitenote_category":0,"footnotes":""},"class_list":["post-1286","page","type-page","status-publish","hentry"],"acf":[],"_links":{"self":[{"href":"https:\/\/agscape.ca\/fr\/wp-json\/wp\/v2\/pages\/1286","targetHints":{"allow":["GET"]}}],"collection":[{"href":"https:\/\/agscape.ca\/fr\/wp-json\/wp\/v2\/pages"}],"about":[{"href":"https:\/\/agscape.ca\/fr\/wp-json\/wp\/v2\/types\/page"}],"author":[{"embeddable":true,"href":"https:\/\/agscape.ca\/fr\/wp-json\/wp\/v2\/users\/1"}],"replies":[{"embeddable":true,"href":"https:\/\/agscape.ca\/fr\/wp-json\/wp\/v2\/comments?post=1286"}],"version-history":[{"count":0,"href":"https:\/\/agscape.ca\/fr\/wp-json\/wp\/v2\/pages\/1286\/revisions"}],"wp:attachment":[{"href":"https:\/\/agscape.ca\/fr\/wp-json\/wp\/v2\/media?parent=1286"}],"curies":[{"name":"wp","href":"https:\/\/api.w.org\/{rel}","templated":true}]}}