{"id":1275,"date":"2025-05-21T00:38:12","date_gmt":"2025-05-21T00:38:12","guid":{"rendered":"https:\/\/agscape.ca\/feuilles-persistantes\/"},"modified":"2025-05-23T00:55:24","modified_gmt":"2025-05-23T00:55:24","slug":"feuilles-persistantes","status":"publish","type":"page","link":"https:\/\/agscape.ca\/fr\/feuilles-persistantes\/","title":{"rendered":"Feuilles persistantes"},"content":{"rendered":"\t\t<div data-elementor-type=\"wp-page\" data-elementor-id=\"1275\" class=\"elementor elementor-1275 elementor-1273\" data-elementor-post-type=\"page\">\n\t\t\t\t<div class=\"elementor-element elementor-element-2277284b e-flex e-con-boxed e-con e-parent\" data-id=\"2277284b\" data-element_type=\"container\" data-settings=\"{&quot;background_background&quot;:&quot;classic&quot;}\">\n\t\t\t\t\t<div class=\"e-con-inner\">\n\t\t\t\t<div class=\"elementor-element elementor-element-21fa722d elementor-widget elementor-widget-heading\" data-id=\"21fa722d\" data-element_type=\"widget\" data-widget_type=\"heading.default\">\n\t\t\t\t<div class=\"elementor-widget-container\">\n\t\t\t\t\t<h1 class=\"elementor-heading-title elementor-size-default\">Feuilles persistantes<\/h1>\t\t\t\t<\/div>\n\t\t\t\t<\/div>\n\t\t\t\t<div class=\"elementor-element elementor-element-36b2dc4a elementor-widget-divider--view-line elementor-widget elementor-widget-divider\" data-id=\"36b2dc4a\" data-element_type=\"widget\" data-widget_type=\"divider.default\">\n\t\t\t\t<div class=\"elementor-widget-container\">\n\t\t\t\t\t\t\t<div class=\"elementor-divider\">\n\t\t\t<span class=\"elementor-divider-separator\">\n\t\t\t\t\t\t<\/span>\n\t\t<\/div>\n\t\t\t\t\t\t<\/div>\n\t\t\t\t<\/div>\n\t\t\t\t\t<\/div>\n\t\t\t\t<\/div>\n\t\t<div class=\"elementor-element elementor-element-79908a05 e-flex e-con-boxed e-con e-parent\" data-id=\"79908a05\" data-element_type=\"container\" data-settings=\"{&quot;background_background&quot;:&quot;classic&quot;}\">\n\t\t\t\t\t<div class=\"e-con-inner\">\n\t\t<div class=\"elementor-element elementor-element-502c6770 e-con-full e-flex e-con e-child\" data-id=\"502c6770\" data-element_type=\"container\">\n\t\t\t\t<div class=\"elementor-element elementor-element-43775662 elementor-widget elementor-widget-heading\" data-id=\"43775662\" data-element_type=\"widget\" data-widget_type=\"heading.default\">\n\t\t\t\t<div class=\"elementor-widget-container\">\n\t\t\t\t\t<h2 class=\"elementor-heading-title elementor-size-default\">Bienvenue aux Evergreens !<\/h2>\t\t\t\t<\/div>\n\t\t\t\t<\/div>\n\t\t\t\t<div class=\"elementor-element elementor-element-4d95d120 elementor-widget elementor-widget-text-editor\" data-id=\"4d95d120\" data-element_type=\"widget\" data-widget_type=\"text-editor.default\">\n\t\t\t\t<div class=\"elementor-widget-container\">\n\t\t\t\t\t\t\t\t\t<p>Nous aimerions vous souhaiter la bienvenue dans la famille AgScape&rsquo;s Evergreens ! Nous sommes une famille qui aime se renseigner sur le monde de l&rsquo;alimentation et de l&rsquo;agriculture en Ontario et au Canada. Il y a certaines choses que vous devez savoir avant de commencer votre exploration et votre apprentissage.  <\/p>\t\t\t\t\t\t\t\t<\/div>\n\t\t\t\t<\/div>\n\t\t\t\t<\/div>\n\t\t\t\t\t<\/div>\n\t\t\t\t<\/div>\n\t\t<div class=\"elementor-element elementor-element-19228752 e-grid e-con-boxed e-con e-parent\" data-id=\"19228752\" data-element_type=\"container\">\n\t\t\t\t\t<div class=\"e-con-inner\">\n\t\t<div class=\"elementor-element elementor-element-66d1e7d3 e-con-full e-flex e-con e-child\" data-id=\"66d1e7d3\" data-element_type=\"container\" data-settings=\"{&quot;background_background&quot;:&quot;classic&quot;}\">\n\t\t\t\t<div class=\"elementor-element elementor-element-7d5d4187 elementor-widget elementor-widget-heading\" data-id=\"7d5d4187\" data-element_type=\"widget\" data-widget_type=\"heading.default\">\n\t\t\t\t<div class=\"elementor-widget-container\">\n\t\t\t\t\t<h3 class=\"elementor-heading-title elementor-size-default\">01<\/h3>\t\t\t\t<\/div>\n\t\t\t\t<\/div>\n\t\t\t\t<div class=\"elementor-element elementor-element-69d3214d elementor-widget elementor-widget-text-editor\" data-id=\"69d3214d\" data-element_type=\"widget\" data-widget_type=\"text-editor.default\">\n\t\t\t\t<div class=\"elementor-widget-container\">\n\t\t\t\t\t\t\t\t\t<div id=\"bgLayers_comp-kpcyzrw3\" class=\"MW5IWV\" data-hook=\"bgLayers\" data-motion-part=\"BG_LAYER comp-kpcyzrw3\"><div id=\"bgMedia_comp-kpcyzrw3\" class=\"VgO9Yg\" data-motion-part=\"BG_MEDIA comp-kpcyzrw3\"><span style=\"font-family: -apple-system, BlinkMacSystemFont, 'Segoe UI', Roboto, 'Helvetica Neue', Arial, 'Noto Sans', sans-serif, 'Apple Color Emoji', 'Segoe UI Emoji', 'Segoe UI Symbol', 'Noto Color Emoji';\">En tant qu&rsquo;Evergreen, vous recevez un magnifique certificat qui n&rsquo;appartient qu&rsquo;\u00e0 vous ! Vous aurez re\u00e7u votre certificat lors de votre inscription, mais au cas o\u00f9, vous pouvez en t\u00e9l\u00e9charger une copie.   <\/span><a class=\"wixui-rich-text__text\" style=\"font-family: -apple-system, BlinkMacSystemFont, 'Segoe UI', Roboto, 'Helvetica Neue', Arial, 'Noto Sans', sans-serif, 'Apple Color Emoji', 'Segoe UI Emoji', 'Segoe UI Symbol', 'Noto Color Emoji';\" href=\"https:\/\/agscape.ca\/wp-content\/uploads\/2025\/05\/CampAgScape-Certificates-FRENG.pdf-2-1.pdf\" target=\"_blank\" rel=\"noopener\"><span class=\"wixui-rich-text__text\"><span class=\"color_43 wixui-rich-text__text\">ici<\/span><\/span><\/a><span style=\"font-family: -apple-system, BlinkMacSystemFont, 'Segoe UI', Roboto, 'Helvetica Neue', Arial, 'Noto Sans', sans-serif, 'Apple Color Emoji', 'Segoe UI Emoji', 'Segoe UI Symbol', 'Noto Color Emoji';\">.<\/span><\/div><\/div>\t\t\t\t\t\t\t\t<\/div>\n\t\t\t\t<\/div>\n\t\t\t\t<\/div>\n\t\t<div class=\"elementor-element elementor-element-27e1866d e-con-full e-flex e-con e-child\" data-id=\"27e1866d\" data-element_type=\"container\" data-settings=\"{&quot;background_background&quot;:&quot;classic&quot;}\">\n\t\t\t\t<div class=\"elementor-element elementor-element-3eabd83b elementor-widget elementor-widget-heading\" data-id=\"3eabd83b\" data-element_type=\"widget\" data-widget_type=\"heading.default\">\n\t\t\t\t<div class=\"elementor-widget-container\">\n\t\t\t\t\t<h3 class=\"elementor-heading-title elementor-size-default\">02<\/h3>\t\t\t\t<\/div>\n\t\t\t\t<\/div>\n\t\t\t\t<div class=\"elementor-element elementor-element-1de7d4f7 elementor-widget elementor-widget-text-editor\" data-id=\"1de7d4f7\" data-element_type=\"widget\" data-widget_type=\"text-editor.default\">\n\t\t\t\t<div class=\"elementor-widget-container\">\n\t\t\t\t\t\t\t\t\t<section id=\"comp-kpcyzrwg\" class=\"comp-kpcyzrwg CohWsy wixui-column-strip\"><div class=\"V5AUxf\" data-testid=\"columns\"><div id=\"comp-kpcyzrwo\" class=\"comp-kpcyzrwo YzqVVZ wixui-column-strip__column\"><div class=\"\" data-mesh-id=\"comp-kpcyzrwoinlineContent\" data-testid=\"inline-content\"><div data-mesh-id=\"comp-kpcyzrwoinlineContent-gridContainer\" data-testid=\"mesh-container-content\"><div id=\"comp-kpcyzrwu\" class=\"HcOXKn SxM0TO QxJLC3 lq2cno YQcXTT comp-kpcyzrwu wixui-rich-text\" data-testid=\"richTextElement\" data-motion-enter=\"done\"><p class=\"font_7 wixui-rich-text__text\">N&rsquo;oubliez pas d&rsquo;imprimer votre certificat et d&rsquo;y inscrire votre nom ! Attendez ! Ce certificat ne semble pas complet. Pour le terminer, vous allez partir \u00e0 l&rsquo;aventure chaque semaine pour en apprendre davantage sur l&rsquo;alimentation et l&rsquo;agriculture.   <\/p><\/div><\/div><\/div><\/div><\/div><\/section>\t\t\t\t\t\t\t\t<\/div>\n\t\t\t\t<\/div>\n\t\t\t\t<\/div>\n\t\t<div class=\"elementor-element elementor-element-68ab8774 e-con-full e-flex e-con e-child\" data-id=\"68ab8774\" data-element_type=\"container\" data-settings=\"{&quot;background_background&quot;:&quot;classic&quot;}\">\n\t\t\t\t<div class=\"elementor-element elementor-element-7355ae48 elementor-widget elementor-widget-heading\" data-id=\"7355ae48\" data-element_type=\"widget\" data-widget_type=\"heading.default\">\n\t\t\t\t<div class=\"elementor-widget-container\">\n\t\t\t\t\t<h3 class=\"elementor-heading-title elementor-size-default\">03<\/h3>\t\t\t\t<\/div>\n\t\t\t\t<\/div>\n\t\t\t\t<div class=\"elementor-element elementor-element-1a8a8e46 elementor-widget elementor-widget-text-editor\" data-id=\"1a8a8e46\" data-element_type=\"widget\" data-widget_type=\"text-editor.default\">\n\t\t\t\t<div class=\"elementor-widget-container\">\n\t\t\t\t\t\t\t\t\t<section id=\"comp-kpcyzrx7\" class=\"comp-kpcyzrx7 CohWsy wixui-column-strip\"><div class=\"V5AUxf\" data-testid=\"columns\"><div id=\"comp-kpcyzrxf\" class=\"comp-kpcyzrxf YzqVVZ wixui-column-strip__column\"><div class=\"\" data-mesh-id=\"comp-kpcyzrxfinlineContent\" data-testid=\"inline-content\"><div data-mesh-id=\"comp-kpcyzrxfinlineContent-gridContainer\" data-testid=\"mesh-container-content\"><div id=\"comp-kpcyzrxl\" class=\"HcOXKn SxM0TO QxJLC3 lq2cno YQcXTT comp-kpcyzrxl wixui-rich-text\" data-testid=\"richTextElement\" data-motion-enter=\"done\"><p class=\"font_7 wixui-rich-text__text\">\u00c0 la fin de chaque semaine (jour 5), vous accomplirez une t\u00e2che et recevrez un jeton \u00e0 imprimer, d\u00e9couper et coller sur votre certificat.<\/p><\/div><\/div><\/div><\/div><\/div><\/section>\t\t\t\t\t\t\t\t<\/div>\n\t\t\t\t<\/div>\n\t\t\t\t<\/div>\n\t\t<div class=\"elementor-element elementor-element-1ce3db9b e-con-full e-flex e-con e-child\" data-id=\"1ce3db9b\" data-element_type=\"container\" data-settings=\"{&quot;background_background&quot;:&quot;classic&quot;}\">\n\t\t\t\t<div class=\"elementor-element elementor-element-365adbdd elementor-widget elementor-widget-heading\" data-id=\"365adbdd\" data-element_type=\"widget\" data-widget_type=\"heading.default\">\n\t\t\t\t<div class=\"elementor-widget-container\">\n\t\t\t\t\t<h3 class=\"elementor-heading-title elementor-size-default\">04<\/h3>\t\t\t\t<\/div>\n\t\t\t\t<\/div>\n\t\t\t\t<div class=\"elementor-element elementor-element-7641f283 elementor-widget elementor-widget-text-editor\" data-id=\"7641f283\" data-element_type=\"widget\" data-widget_type=\"text-editor.default\">\n\t\t\t\t<div class=\"elementor-widget-container\">\n\t\t\t\t\t\t\t\t\t<section id=\"comp-kpcyzrxt\" class=\"comp-kpcyzrxt CohWsy wixui-column-strip\"><div class=\"V5AUxf\" data-testid=\"columns\"><div id=\"comp-kpcyzrxz\" class=\"comp-kpcyzrxz YzqVVZ wixui-column-strip__column\"><div class=\"\" data-mesh-id=\"comp-kpcyzrxzinlineContent\" data-testid=\"inline-content\"><div data-mesh-id=\"comp-kpcyzrxzinlineContent-gridContainer\" data-testid=\"mesh-container-content\"><div id=\"comp-kpcyzry5\" class=\"HcOXKn SxM0TO QxJLC3 lq2cno YQcXTT comp-kpcyzry5 wixui-rich-text\" data-testid=\"richTextElement\" data-motion-enter=\"done\"><p class=\"font_7 wixui-rich-text__text\">Une fois que vous aurez obtenu votre certificat, prenez une photo et dites cheese avant de le partager avec AgScape. Commen\u00e7ons ! Rendez-vous \u00e0 la semaine 1 pour commencer votre aventure en tant qu&rsquo;Evergreen.  <\/p><\/div><\/div><\/div><\/div><\/div><\/section>\t\t\t\t\t\t\t\t<\/div>\n\t\t\t\t<\/div>\n\t\t\t\t<\/div>\n\t\t\t\t\t<\/div>\n\t\t\t\t<\/div>\n\t\t<div class=\"elementor-element elementor-element-129c8983 e-flex e-con-boxed e-con e-parent\" data-id=\"129c8983\" data-element_type=\"container\">\n\t\t\t\t\t<div class=\"e-con-inner\">\n\t\t<div class=\"elementor-element elementor-element-1740dc2e e-con-full e-flex e-con e-child\" data-id=\"1740dc2e\" data-element_type=\"container\">\n\t\t\t\t<div class=\"elementor-element elementor-element-29fa8803 elementor-widget elementor-widget-text-editor\" data-id=\"29fa8803\" data-element_type=\"widget\" data-widget_type=\"text-editor.default\">\n\t\t\t\t<div class=\"elementor-widget-container\">\n\t\t\t\t\t\t\t\t\t<p>AgScape a publi\u00e9 un tout nouveau guide de l&rsquo;enseignant qui explique comment utiliser le Camp AgScape et maximiser l&rsquo;apprentissage en classe ! T\u00e9l\u00e9chargez le <span class=\"color_43 wixui-rich-text__text\"><span class=\"wixui-rich-text__text\"><a class=\"wixui-rich-text__text\" href=\"https:\/\/agscape.ca\/wp-content\/uploads\/2025\/05\/Camp-AgScape-Teacher-Guide_08182022-1-1.pdf\" target=\"_blank\" rel=\"noopener\">Guide de l&rsquo;enseignant<\/a><\/span><\/span> et commencez \u00e0 explorer le monde de l&rsquo;alimentation et de l&rsquo;agriculture avec vos \u00e9l\u00e8ves. <\/p>\t\t\t\t\t\t\t\t<\/div>\n\t\t\t\t<\/div>\n\t\t\t\t<div class=\"elementor-element elementor-element-36b61ece elementor-widget elementor-widget-heading\" data-id=\"36b61ece\" data-element_type=\"widget\" data-widget_type=\"heading.default\">\n\t\t\t\t<div class=\"elementor-widget-container\">\n\t\t\t\t\t<h3 class=\"elementor-heading-title elementor-size-default\">Pour les \u00e9ducateurs<\/h3>\t\t\t\t<\/div>\n\t\t\t\t<\/div>\n\t\t\t\t<\/div>\n\t\t\t\t\t<\/div>\n\t\t\t\t<\/div>\n\t\t<div class=\"elementor-element elementor-element-54ecbc3d e-grid e-con-boxed e-con e-parent\" data-id=\"54ecbc3d\" data-element_type=\"container\">\n\t\t\t\t\t<div class=\"e-con-inner\">\n\t\t\t\t<div class=\"elementor-element elementor-element-20079e83 elementor-align-justify elementor-widget elementor-widget-button\" data-id=\"20079e83\" data-element_type=\"widget\" data-widget_type=\"button.default\">\n\t\t\t\t<div class=\"elementor-widget-container\">\n\t\t\t\t\t\t\t\t\t<div class=\"elementor-button-wrapper\">\n\t\t\t\t\t<a class=\"elementor-button elementor-button-link elementor-size-sm\" href=\"https:\/\/agscape.ca\/fr\/feuilles-persistantes\/les-arbres-a-feuilles-persistantes-semaine-1\/\">\n\t\t\t\t\t\t<span class=\"elementor-button-content-wrapper\">\n\t\t\t\t\t\t\t\t\t<span class=\"elementor-button-text\">Semaine 1<\/span>\n\t\t\t\t\t<\/span>\n\t\t\t\t\t<\/a>\n\t\t\t\t<\/div>\n\t\t\t\t\t\t\t\t<\/div>\n\t\t\t\t<\/div>\n\t\t\t\t<div class=\"elementor-element elementor-element-1e678fe5 elementor-align-justify elementor-widget elementor-widget-button\" data-id=\"1e678fe5\" data-element_type=\"widget\" data-widget_type=\"button.default\">\n\t\t\t\t<div class=\"elementor-widget-container\">\n\t\t\t\t\t\t\t\t\t<div class=\"elementor-button-wrapper\">\n\t\t\t\t\t<a class=\"elementor-button elementor-button-link elementor-size-sm\" href=\"https:\/\/agscape.ca\/fr\/feuilles-persistantes\/feuilles-persistantes-semaine-2\/\">\n\t\t\t\t\t\t<span class=\"elementor-button-content-wrapper\">\n\t\t\t\t\t\t\t\t\t<span class=\"elementor-button-text\">Semaine 2<\/span>\n\t\t\t\t\t<\/span>\n\t\t\t\t\t<\/a>\n\t\t\t\t<\/div>\n\t\t\t\t\t\t\t\t<\/div>\n\t\t\t\t<\/div>\n\t\t\t\t<div class=\"elementor-element elementor-element-1993295 elementor-align-justify elementor-widget elementor-widget-button\" data-id=\"1993295\" data-element_type=\"widget\" data-widget_type=\"button.default\">\n\t\t\t\t<div class=\"elementor-widget-container\">\n\t\t\t\t\t\t\t\t\t<div class=\"elementor-button-wrapper\">\n\t\t\t\t\t<a class=\"elementor-button elementor-button-link elementor-size-sm\" href=\"https:\/\/agscape.ca\/fr\/feuilles-persistantes\/les-arbres-a-feuilles-persistantes-semaine-3\/\">\n\t\t\t\t\t\t<span class=\"elementor-button-content-wrapper\">\n\t\t\t\t\t\t\t\t\t<span class=\"elementor-button-text\">Semaine 3<\/span>\n\t\t\t\t\t<\/span>\n\t\t\t\t\t<\/a>\n\t\t\t\t<\/div>\n\t\t\t\t\t\t\t\t<\/div>\n\t\t\t\t<\/div>\n\t\t\t\t<div class=\"elementor-element elementor-element-6bed162e elementor-align-justify elementor-widget elementor-widget-button\" data-id=\"6bed162e\" data-element_type=\"widget\" data-widget_type=\"button.default\">\n\t\t\t\t<div class=\"elementor-widget-container\">\n\t\t\t\t\t\t\t\t\t<div class=\"elementor-button-wrapper\">\n\t\t\t\t\t<a class=\"elementor-button elementor-button-link elementor-size-sm\" href=\"https:\/\/agscape.ca\/fr\/feuilles-persistantes\/les-arbres-a-feuilles-persistantes-semaine-4\/\">\n\t\t\t\t\t\t<span class=\"elementor-button-content-wrapper\">\n\t\t\t\t\t\t\t\t\t<span class=\"elementor-button-text\">Semaine 4<\/span>\n\t\t\t\t\t<\/span>\n\t\t\t\t\t<\/a>\n\t\t\t\t<\/div>\n\t\t\t\t\t\t\t\t<\/div>\n\t\t\t\t<\/div>\n\t\t\t\t\t<\/div>\n\t\t\t\t<\/div>\n\t\t\t\t<\/div>\n\t\t","protected":false},"excerpt":{"rendered":"<p>Feuilles persistantes Bienvenue aux Evergreens ! Nous aimerions vous souhaiter la bienvenue dans la famille AgScape&rsquo;s Evergreens ! Nous sommes une famille qui aime se renseigner sur le monde de l&rsquo;alimentation et de l&rsquo;agriculture en Ontario et au Canada. Il y a certaines choses que vous devez savoir avant de commencer votre exploration et votre [&hellip;]<\/p>\n","protected":false},"author":1,"featured_media":0,"parent":0,"menu_order":0,"comment_status":"closed","ping_status":"closed","template":"","meta":{"_acf_changed":false,"_piecal_is_event":false,"_piecal_start_date":"","_piecal_end_date":"","_piecal_is_allday":false,"_monsterinsights_skip_tracking":false,"_monsterinsights_sitenote_active":false,"_monsterinsights_sitenote_note":"","_monsterinsights_sitenote_category":0,"footnotes":""},"class_list":["post-1275","page","type-page","status-publish","hentry"],"acf":[],"_links":{"self":[{"href":"https:\/\/agscape.ca\/fr\/wp-json\/wp\/v2\/pages\/1275","targetHints":{"allow":["GET"]}}],"collection":[{"href":"https:\/\/agscape.ca\/fr\/wp-json\/wp\/v2\/pages"}],"about":[{"href":"https:\/\/agscape.ca\/fr\/wp-json\/wp\/v2\/types\/page"}],"author":[{"embeddable":true,"href":"https:\/\/agscape.ca\/fr\/wp-json\/wp\/v2\/users\/1"}],"replies":[{"embeddable":true,"href":"https:\/\/agscape.ca\/fr\/wp-json\/wp\/v2\/comments?post=1275"}],"version-history":[{"count":0,"href":"https:\/\/agscape.ca\/fr\/wp-json\/wp\/v2\/pages\/1275\/revisions"}],"wp:attachment":[{"href":"https:\/\/agscape.ca\/fr\/wp-json\/wp\/v2\/media?parent=1275"}],"curies":[{"name":"wp","href":"https:\/\/api.w.org\/{rel}","templated":true}]}}