{"id":1268,"date":"2025-05-21T00:36:25","date_gmt":"2025-05-21T00:36:25","guid":{"rendered":"https:\/\/agscape.ca\/alpagas\/"},"modified":"2025-05-23T00:58:51","modified_gmt":"2025-05-23T00:58:51","slug":"alpagas","status":"publish","type":"page","link":"https:\/\/agscape.ca\/fr\/alpagas\/","title":{"rendered":"Alpagas"},"content":{"rendered":"\t\t<div data-elementor-type=\"wp-page\" data-elementor-id=\"1268\" class=\"elementor elementor-1268 elementor-1265\" data-elementor-post-type=\"page\">\n\t\t\t\t<div class=\"elementor-element elementor-element-2c36508f e-flex e-con-boxed e-con e-parent\" data-id=\"2c36508f\" data-element_type=\"container\" data-settings=\"{&quot;background_background&quot;:&quot;classic&quot;}\">\n\t\t\t\t\t<div class=\"e-con-inner\">\n\t\t\t\t<div class=\"elementor-element elementor-element-ca82f72 elementor-widget elementor-widget-heading\" data-id=\"ca82f72\" data-element_type=\"widget\" data-widget_type=\"heading.default\">\n\t\t\t\t<div class=\"elementor-widget-container\">\n\t\t\t\t\t<h1 class=\"elementor-heading-title elementor-size-default\">Alpagas<\/h1>\t\t\t\t<\/div>\n\t\t\t\t<\/div>\n\t\t\t\t<div class=\"elementor-element elementor-element-338a6a30 elementor-widget-divider--view-line elementor-widget elementor-widget-divider\" data-id=\"338a6a30\" data-element_type=\"widget\" data-widget_type=\"divider.default\">\n\t\t\t\t<div class=\"elementor-widget-container\">\n\t\t\t\t\t\t\t<div class=\"elementor-divider\">\n\t\t\t<span class=\"elementor-divider-separator\">\n\t\t\t\t\t\t<\/span>\n\t\t<\/div>\n\t\t\t\t\t\t<\/div>\n\t\t\t\t<\/div>\n\t\t\t\t\t<\/div>\n\t\t\t\t<\/div>\n\t\t<div class=\"elementor-element elementor-element-225f440f e-flex e-con-boxed e-con e-parent\" data-id=\"225f440f\" data-element_type=\"container\" data-settings=\"{&quot;background_background&quot;:&quot;classic&quot;}\">\n\t\t\t\t\t<div class=\"e-con-inner\">\n\t\t<div class=\"elementor-element elementor-element-4be66622 e-con-full e-flex e-con e-child\" data-id=\"4be66622\" data-element_type=\"container\">\n\t\t\t\t<div class=\"elementor-element elementor-element-483c1e67 elementor-widget elementor-widget-heading\" data-id=\"483c1e67\" data-element_type=\"widget\" data-widget_type=\"heading.default\">\n\t\t\t\t<div class=\"elementor-widget-container\">\n\t\t\t\t\t<h2 class=\"elementor-heading-title elementor-size-default\">Bienvenue aux Alpagas !<\/h2>\t\t\t\t<\/div>\n\t\t\t\t<\/div>\n\t\t\t\t<div class=\"elementor-element elementor-element-39d27bb7 elementor-widget elementor-widget-text-editor\" data-id=\"39d27bb7\" data-element_type=\"widget\" data-widget_type=\"text-editor.default\">\n\t\t\t\t<div class=\"elementor-widget-container\">\n\t\t\t\t\t\t\t\t\t<p>Nous aimerions vous souhaiter la bienvenue dans la famille AgScape&rsquo;s Alpacas ! Nous sommes une famille qui aime en apprendre davantage sur le monde de l&rsquo;alimentation et de l&rsquo;agriculture en Ontario et au Canada. Il y a certaines choses que vous devez savoir avant de commencer votre exploration et votre apprentissage.  <\/p>\t\t\t\t\t\t\t\t<\/div>\n\t\t\t\t<\/div>\n\t\t\t\t<\/div>\n\t\t\t\t\t<\/div>\n\t\t\t\t<\/div>\n\t\t<div class=\"elementor-element elementor-element-26667f97 e-grid e-con-boxed e-con e-parent\" data-id=\"26667f97\" data-element_type=\"container\">\n\t\t\t\t\t<div class=\"e-con-inner\">\n\t\t<div class=\"elementor-element elementor-element-33b079e0 e-con-full e-flex e-con e-child\" data-id=\"33b079e0\" data-element_type=\"container\" data-settings=\"{&quot;background_background&quot;:&quot;classic&quot;}\">\n\t\t\t\t<div class=\"elementor-element elementor-element-342bb8c6 elementor-widget elementor-widget-heading\" data-id=\"342bb8c6\" data-element_type=\"widget\" data-widget_type=\"heading.default\">\n\t\t\t\t<div class=\"elementor-widget-container\">\n\t\t\t\t\t<h3 class=\"elementor-heading-title elementor-size-default\">01<\/h3>\t\t\t\t<\/div>\n\t\t\t\t<\/div>\n\t\t\t\t<div class=\"elementor-element elementor-element-2a7411c6 elementor-widget elementor-widget-text-editor\" data-id=\"2a7411c6\" data-element_type=\"widget\" data-widget_type=\"text-editor.default\">\n\t\t\t\t<div class=\"elementor-widget-container\">\n\t\t\t\t\t\t\t\t\t<p>En tant qu&rsquo;Alpaga, vous recevez un magnifique certificat qui n&rsquo;appartient qu&rsquo;\u00e0 vous ! Vous aurez re\u00e7u votre certificat lors de votre inscription, mais au cas o\u00f9, vous pouvez en t\u00e9l\u00e9charger une copie <a class=\"wixui-rich-text__text\" href=\"https:\/\/agscape.ca\/wp-content\/uploads\/2025\/05\/CampAgScape-Certificates-FRENG.pdf-2-2.pdf\" target=\"_blank\" rel=\"noopener\"><span class=\"color_43 wixui-rich-text__text\"><span class=\"wixui-rich-text__text\">ici<\/span><\/span><\/a>. <\/p>\t\t\t\t\t\t\t\t<\/div>\n\t\t\t\t<\/div>\n\t\t\t\t<\/div>\n\t\t<div class=\"elementor-element elementor-element-573eae92 e-con-full e-flex e-con e-child\" data-id=\"573eae92\" data-element_type=\"container\" data-settings=\"{&quot;background_background&quot;:&quot;classic&quot;}\">\n\t\t\t\t<div class=\"elementor-element elementor-element-720bbf3a elementor-widget elementor-widget-heading\" data-id=\"720bbf3a\" data-element_type=\"widget\" data-widget_type=\"heading.default\">\n\t\t\t\t<div class=\"elementor-widget-container\">\n\t\t\t\t\t<h3 class=\"elementor-heading-title elementor-size-default\">02<\/h3>\t\t\t\t<\/div>\n\t\t\t\t<\/div>\n\t\t\t\t<div class=\"elementor-element elementor-element-434502db elementor-widget elementor-widget-text-editor\" data-id=\"434502db\" data-element_type=\"widget\" data-widget_type=\"text-editor.default\">\n\t\t\t\t<div class=\"elementor-widget-container\">\n\t\t\t\t\t\t\t\t\t<section id=\"comp-koltstca1\" class=\"comp-koltstca1 CohWsy wixui-column-strip\"><div class=\"V5AUxf\" data-testid=\"columns\"><div id=\"comp-koltstcd\" class=\"comp-koltstcd YzqVVZ wixui-column-strip__column\"><div class=\"\" data-mesh-id=\"comp-koltstcdinlineContent\" data-testid=\"inline-content\"><div data-mesh-id=\"comp-koltstcdinlineContent-gridContainer\" data-testid=\"mesh-container-content\"><div id=\"comp-koltstci\" class=\"HcOXKn SxM0TO QxJLC3 lq2cno YQcXTT comp-koltstci wixui-rich-text\" data-testid=\"richTextElement\" data-motion-enter=\"done\"><p class=\"font_7 wixui-rich-text__text\">N&rsquo;oubliez pas d&rsquo;imprimer votre certificat et d&rsquo;y inscrire votre nom ! Oups ! Ce certificat ne semble pas complet. Pour le terminer, vous allez partir \u00e0 l&rsquo;aventure chaque semaine pour en apprendre davantage sur l&rsquo;alimentation et l&rsquo;agriculture.   <\/p><\/div><\/div><\/div><\/div><\/div><\/section>\t\t\t\t\t\t\t\t<\/div>\n\t\t\t\t<\/div>\n\t\t\t\t<\/div>\n\t\t<div class=\"elementor-element elementor-element-4babd608 e-con-full e-flex e-con e-child\" data-id=\"4babd608\" data-element_type=\"container\" data-settings=\"{&quot;background_background&quot;:&quot;classic&quot;}\">\n\t\t\t\t<div class=\"elementor-element elementor-element-5778a572 elementor-widget elementor-widget-heading\" data-id=\"5778a572\" data-element_type=\"widget\" data-widget_type=\"heading.default\">\n\t\t\t\t<div class=\"elementor-widget-container\">\n\t\t\t\t\t<h3 class=\"elementor-heading-title elementor-size-default\">03<\/h3>\t\t\t\t<\/div>\n\t\t\t\t<\/div>\n\t\t\t\t<div class=\"elementor-element elementor-element-477268e0 elementor-widget elementor-widget-text-editor\" data-id=\"477268e0\" data-element_type=\"widget\" data-widget_type=\"text-editor.default\">\n\t\t\t\t<div class=\"elementor-widget-container\">\n\t\t\t\t\t\t\t\t\t<section id=\"comp-koltstcm1\" class=\"comp-koltstcm1 CohWsy wixui-column-strip\"><div class=\"V5AUxf\" data-testid=\"columns\"><div id=\"comp-koltstcp\" class=\"comp-koltstcp YzqVVZ wixui-column-strip__column\"><div class=\"\" data-mesh-id=\"comp-koltstcpinlineContent\" data-testid=\"inline-content\"><div data-mesh-id=\"comp-koltstcpinlineContent-gridContainer\" data-testid=\"mesh-container-content\"><div id=\"comp-koltstcs\" class=\"HcOXKn SxM0TO QxJLC3 lq2cno YQcXTT comp-koltstcs wixui-rich-text\" data-testid=\"richTextElement\" data-motion-enter=\"done\"><p class=\"font_7 wixui-rich-text__text\">\u00c0 la fin de chaque semaine (jour 5), vous accomplirez une t\u00e2che et recevrez un jeton \u00e0 imprimer, d\u00e9couper et coller sur votre certificat.<\/p><\/div><\/div><\/div><\/div><\/div><\/section>\t\t\t\t\t\t\t\t<\/div>\n\t\t\t\t<\/div>\n\t\t\t\t<\/div>\n\t\t<div class=\"elementor-element elementor-element-78b815c4 e-con-full e-flex e-con e-child\" data-id=\"78b815c4\" data-element_type=\"container\" data-settings=\"{&quot;background_background&quot;:&quot;classic&quot;}\">\n\t\t\t\t<div class=\"elementor-element elementor-element-7ca828df elementor-widget elementor-widget-heading\" data-id=\"7ca828df\" data-element_type=\"widget\" data-widget_type=\"heading.default\">\n\t\t\t\t<div class=\"elementor-widget-container\">\n\t\t\t\t\t<h3 class=\"elementor-heading-title elementor-size-default\">04<\/h3>\t\t\t\t<\/div>\n\t\t\t\t<\/div>\n\t\t\t\t<div class=\"elementor-element elementor-element-6bc54c4e elementor-widget elementor-widget-text-editor\" data-id=\"6bc54c4e\" data-element_type=\"widget\" data-widget_type=\"text-editor.default\">\n\t\t\t\t<div class=\"elementor-widget-container\">\n\t\t\t\t\t\t\t\t\t<section id=\"comp-koltstcu\" class=\"comp-koltstcu CohWsy wixui-column-strip\"><div class=\"V5AUxf\" data-testid=\"columns\"><div id=\"comp-koltstcx\" class=\"comp-koltstcx YzqVVZ wixui-column-strip__column\"><div class=\"\" data-mesh-id=\"comp-koltstcxinlineContent\" data-testid=\"inline-content\"><div data-mesh-id=\"comp-koltstcxinlineContent-gridContainer\" data-testid=\"mesh-container-content\"><div id=\"comp-koltstcz1\" class=\"HcOXKn SxM0TO QxJLC3 lq2cno YQcXTT comp-koltstcz1 wixui-rich-text\" data-testid=\"richTextElement\" data-motion-enter=\"done\"><p class=\"font_7 wixui-rich-text__text\">Une fois que vous aurez obtenu votre certificat, prenez une photo et dites cheese avant de le partager avec AgScape. C&rsquo;est parti ! Rendez-vous \u00e0 la semaine 1 pour commencer votre aventure en tant qu&rsquo;Alpaga.  <\/p><\/div><\/div><\/div><\/div><\/div><\/section>\t\t\t\t\t\t\t\t<\/div>\n\t\t\t\t<\/div>\n\t\t\t\t<\/div>\n\t\t\t\t\t<\/div>\n\t\t\t\t<\/div>\n\t\t<div class=\"elementor-element elementor-element-43d184ed e-flex e-con-boxed e-con e-parent\" data-id=\"43d184ed\" data-element_type=\"container\">\n\t\t\t\t\t<div class=\"e-con-inner\">\n\t\t<div class=\"elementor-element elementor-element-4be9873e e-con-full e-flex e-con e-child\" data-id=\"4be9873e\" data-element_type=\"container\">\n\t\t\t\t<div class=\"elementor-element elementor-element-55a1c112 elementor-widget elementor-widget-text-editor\" data-id=\"55a1c112\" data-element_type=\"widget\" data-widget_type=\"text-editor.default\">\n\t\t\t\t<div class=\"elementor-widget-container\">\n\t\t\t\t\t\t\t\t\t<section id=\"comp-l6z7mywf\" class=\"comp-l6z7mywf CohWsy wixui-column-strip\"><div class=\"V5AUxf\" data-testid=\"columns\"><div id=\"comp-l6z7myxb2\" class=\"comp-l6z7myxb2 YzqVVZ wixui-column-strip__column\"><div class=\"\" data-mesh-id=\"comp-l6z7myxb2inlineContent\" data-testid=\"inline-content\"><div data-mesh-id=\"comp-l6z7myxb2inlineContent-gridContainer\" data-testid=\"mesh-container-content\"><div id=\"comp-l6z7myxd1\" class=\"HcOXKn c9GqVL QxJLC3 lq2cno YQcXTT comp-l6z7myxd1 wixui-rich-text\" data-testid=\"richTextElement\" data-motion-enter=\"done\"><p class=\"font_7 wixui-rich-text__text\"><span class=\"wixui-rich-text__text\">AgScape a publi\u00e9 un tout nouveau guide de l&rsquo;enseignant qui explique comment utiliser le Camp AgScape et maximiser l&rsquo;apprentissage en classe ! T\u00e9l\u00e9chargez le <span class=\"color_43 wixui-rich-text__text\"><a class=\"wixui-rich-text__text\" href=\"https:\/\/agscape.ca\/wp-content\/uploads\/2025\/05\/Camp-AgScape-Teacher-Guide_08182022-1-1.pdf\" target=\"_blank\" rel=\"noopener\">Guide de l&rsquo;enseignant<\/a><\/span> et commencez \u00e0 explorer le monde de l&rsquo;alimentation et de l&rsquo;agriculture avec vos \u00e9l\u00e8ves.   <\/span><\/p><\/div><\/div><\/div><\/div><\/div><\/section>\t\t\t\t\t\t\t\t<\/div>\n\t\t\t\t<\/div>\n\t\t\t\t<div class=\"elementor-element elementor-element-5aa7dc2a elementor-widget elementor-widget-heading\" data-id=\"5aa7dc2a\" data-element_type=\"widget\" data-widget_type=\"heading.default\">\n\t\t\t\t<div class=\"elementor-widget-container\">\n\t\t\t\t\t<h3 class=\"elementor-heading-title elementor-size-default\">Pour les \u00e9ducateurs<\/h3>\t\t\t\t<\/div>\n\t\t\t\t<\/div>\n\t\t\t\t<\/div>\n\t\t\t\t\t<\/div>\n\t\t\t\t<\/div>\n\t\t<div class=\"elementor-element elementor-element-61e7fb4e e-grid e-con-boxed e-con e-parent\" data-id=\"61e7fb4e\" data-element_type=\"container\">\n\t\t\t\t\t<div class=\"e-con-inner\">\n\t\t\t\t<div class=\"elementor-element elementor-element-1767a0bd elementor-align-justify elementor-widget elementor-widget-button\" data-id=\"1767a0bd\" data-element_type=\"widget\" data-widget_type=\"button.default\">\n\t\t\t\t<div class=\"elementor-widget-container\">\n\t\t\t\t\t\t\t\t\t<div class=\"elementor-button-wrapper\">\n\t\t\t\t\t<a class=\"elementor-button elementor-button-link elementor-size-sm\" href=\"https:\/\/agscape.ca\/fr\/alpagas\/alpagas-semaine-1\/\">\n\t\t\t\t\t\t<span class=\"elementor-button-content-wrapper\">\n\t\t\t\t\t\t\t\t\t<span class=\"elementor-button-text\">Semaine 1<\/span>\n\t\t\t\t\t<\/span>\n\t\t\t\t\t<\/a>\n\t\t\t\t<\/div>\n\t\t\t\t\t\t\t\t<\/div>\n\t\t\t\t<\/div>\n\t\t\t\t<div class=\"elementor-element elementor-element-6e96f9d4 elementor-align-justify elementor-widget elementor-widget-button\" data-id=\"6e96f9d4\" data-element_type=\"widget\" data-widget_type=\"button.default\">\n\t\t\t\t<div class=\"elementor-widget-container\">\n\t\t\t\t\t\t\t\t\t<div class=\"elementor-button-wrapper\">\n\t\t\t\t\t<a class=\"elementor-button elementor-button-link elementor-size-sm\" href=\"https:\/\/agscape.ca\/fr\/alpagas\/alpagas-semaine-2\/\">\n\t\t\t\t\t\t<span class=\"elementor-button-content-wrapper\">\n\t\t\t\t\t\t\t\t\t<span class=\"elementor-button-text\">Semaine 2<\/span>\n\t\t\t\t\t<\/span>\n\t\t\t\t\t<\/a>\n\t\t\t\t<\/div>\n\t\t\t\t\t\t\t\t<\/div>\n\t\t\t\t<\/div>\n\t\t\t\t<div class=\"elementor-element elementor-element-77960a4 elementor-align-justify elementor-widget elementor-widget-button\" data-id=\"77960a4\" data-element_type=\"widget\" data-widget_type=\"button.default\">\n\t\t\t\t<div class=\"elementor-widget-container\">\n\t\t\t\t\t\t\t\t\t<div class=\"elementor-button-wrapper\">\n\t\t\t\t\t<a class=\"elementor-button elementor-button-link elementor-size-sm\" href=\"https:\/\/agscape.ca\/fr\/alpagas\/alpagas-semaine-3\/\">\n\t\t\t\t\t\t<span class=\"elementor-button-content-wrapper\">\n\t\t\t\t\t\t\t\t\t<span class=\"elementor-button-text\">Semaine 3<\/span>\n\t\t\t\t\t<\/span>\n\t\t\t\t\t<\/a>\n\t\t\t\t<\/div>\n\t\t\t\t\t\t\t\t<\/div>\n\t\t\t\t<\/div>\n\t\t\t\t<div class=\"elementor-element elementor-element-4bb74040 elementor-align-justify elementor-widget elementor-widget-button\" data-id=\"4bb74040\" data-element_type=\"widget\" data-widget_type=\"button.default\">\n\t\t\t\t<div class=\"elementor-widget-container\">\n\t\t\t\t\t\t\t\t\t<div class=\"elementor-button-wrapper\">\n\t\t\t\t\t<a class=\"elementor-button elementor-button-link elementor-size-sm\" href=\"https:\/\/agscape.ca\/fr\/alpagas\/alpagas-semaine-4\/\">\n\t\t\t\t\t\t<span class=\"elementor-button-content-wrapper\">\n\t\t\t\t\t\t\t\t\t<span class=\"elementor-button-text\">Semaine 4<\/span>\n\t\t\t\t\t<\/span>\n\t\t\t\t\t<\/a>\n\t\t\t\t<\/div>\n\t\t\t\t\t\t\t\t<\/div>\n\t\t\t\t<\/div>\n\t\t\t\t\t<\/div>\n\t\t\t\t<\/div>\n\t\t\t\t<\/div>\n\t\t","protected":false},"excerpt":{"rendered":"<p>Alpagas Bienvenue aux Alpagas ! Nous aimerions vous souhaiter la bienvenue dans la famille AgScape&rsquo;s Alpacas ! Nous sommes une famille qui aime en apprendre davantage sur le monde de l&rsquo;alimentation et de l&rsquo;agriculture en Ontario et au Canada. Il y a certaines choses que vous devez savoir avant de commencer votre exploration et votre [&hellip;]<\/p>\n","protected":false},"author":1,"featured_media":0,"parent":0,"menu_order":0,"comment_status":"closed","ping_status":"closed","template":"","meta":{"_acf_changed":false,"_piecal_is_event":false,"_piecal_start_date":"","_piecal_end_date":"","_piecal_is_allday":false,"_monsterinsights_skip_tracking":false,"_monsterinsights_sitenote_active":false,"_monsterinsights_sitenote_note":"","_monsterinsights_sitenote_category":0,"footnotes":""},"class_list":["post-1268","page","type-page","status-publish","hentry"],"acf":[],"_links":{"self":[{"href":"https:\/\/agscape.ca\/fr\/wp-json\/wp\/v2\/pages\/1268","targetHints":{"allow":["GET"]}}],"collection":[{"href":"https:\/\/agscape.ca\/fr\/wp-json\/wp\/v2\/pages"}],"about":[{"href":"https:\/\/agscape.ca\/fr\/wp-json\/wp\/v2\/types\/page"}],"author":[{"embeddable":true,"href":"https:\/\/agscape.ca\/fr\/wp-json\/wp\/v2\/users\/1"}],"replies":[{"embeddable":true,"href":"https:\/\/agscape.ca\/fr\/wp-json\/wp\/v2\/comments?post=1268"}],"version-history":[{"count":0,"href":"https:\/\/agscape.ca\/fr\/wp-json\/wp\/v2\/pages\/1268\/revisions"}],"wp:attachment":[{"href":"https:\/\/agscape.ca\/fr\/wp-json\/wp\/v2\/media?parent=1268"}],"curies":[{"name":"wp","href":"https:\/\/api.w.org\/{rel}","templated":true}]}}